{"id":87,"date":"2023-06-16T05:49:59","date_gmt":"2023-06-16T05:49:59","guid":{"rendered":"https:\/\/elektrons.lv\/privatuma-politika\/"},"modified":"2024-11-05T13:00:45","modified_gmt":"2024-11-05T13:00:45","slug":"privatuma-politika","status":"publish","type":"page","link":"https:\/\/elektrons.lv\/et\/privatuma-politika\/","title":{"rendered":"Priv\u0101tuma politika"},"content":{"rendered":"<h2>SIA EDIGO Priv\u0101tuma politika<\/h2>\n<p>\u0160\u012b Priv\u0101tuma politika sniedz detaliz\u0113tu inform\u0101ciju par to, k\u0101 SIA EDIGO (&#8220;m\u0113s&#8221;, &#8220;m\u016bsu&#8221;, &#8220;m\u016bs&#8221;) sav\u0101k, izmanto, izplata un aizsarg\u0101 j\u016bsu person\u012bgos datus, izmantojot m\u016bsu t\u012bmek\u013ca vietni https:\/\/edigo.lv (&#8220;Vietne&#8221;). \u0160\u012b politika ir izstr\u0101d\u0101ta saska\u0146\u0101 ar Visp\u0101r\u0113jo datu aizsardz\u012bbas regulu (GDPR) (ES) 2016\/679, Kalifornijas Pat\u0113r\u0113t\u0101ju priv\u0101tuma likumu (CCPA) un citiem attiec\u012bgiem ASV priv\u0101tuma likumiem.<\/p>\n<p>L\u016bdzu, r\u016bp\u012bgi izlasiet \u0161o Priv\u0101tuma politiku pirms m\u016bsu Vietnes izmanto\u0161anas.<\/p>\n<h3>1. Datu v\u0101k\u0161ana<\/h3>\n<p>Apmekl\u0113jot m\u016bsu Vietni un veicot pirkumu vai sazinoties ar mums, m\u0113s varam sav\u0101kt un apstr\u0101d\u0101t \u0161\u0101dus personu datu veidus:<\/p>\n<p>&#8211; Person\u012bga inform\u0101cija, piem\u0113ram, v\u0101rds, e-pasta adrese, pieg\u0101des adrese un t\u0101lru\u0146a numurs.<br \/>&#8211; Tehniski dati, piem\u0113ram, interneta protokola (IP) adrese, p\u0101rl\u016bka tips un versija, laika joslas iestat\u012bjums un atra\u0161an\u0101s vieta, p\u0101rl\u016bka spraud\u0146u tipi un versijas, oper\u0113t\u0101jsist\u0113ma un platforma, k\u0101 ar\u012b citas tehnolo\u0123ijas ier\u012bc\u0113s, ko izmantojat, lai piek\u013c\u016btu m\u016bsu Vietnei.<br \/>&#8211; Lieto\u0161anas dati, ieskaitot inform\u0101ciju par to, k\u0101 izmantojat m\u016bsu Vietni un pakalpojumus.<br \/>&#8211; M\u0101rketinga un komunik\u0101cijas dati, ieskaitot j\u016bsu preferences saist\u012bb\u0101 ar m\u0101rketinga sa\u0146em\u0161anu no mums un m\u016bsu tre\u0161aj\u0101m pus\u0113m, k\u0101 ar\u012b j\u016bsu komunik\u0101cijas preferences.<\/p>\n<h3>2. S\u012bkdatnes un Google Analytics<\/h3>\n<p>M\u0113s izmantojam s\u012bkdatnes un l\u012bdz\u012bgas tehnolo\u0123ijas, lai sniegtu un uzlabotu m\u016bsu pakalpojumus, uzlabotu p\u0101rl\u016bko\u0161anas pieredzi un r\u0101d\u012btu atbilsto\u0161as rekl\u0101mas. M\u0113s izmantojam Google Analytics, lai saprastu, k\u0101 tiek izmantota m\u016bsu Vietne, lai uzlabotu lietot\u0101ja pieredzi. Tas sniedz mums apkopotus datus, piem\u0113ram, Vietnes apmekl\u0113t\u0101ju skaitu, apmekl\u0113t\u0101s lapas utt. Google s\u012bkdat\u0146u izmanto\u0161ana ir pak\u013cauta Google priv\u0101tuma politikai.<\/p>\n<p>Lai p\u0101rvald\u012btu s\u012bkfailus un l\u012bdz\u012bgas tehnolo\u0123ijas, ko m\u0113s izmantojam (izseko\u0161anas pikse\u013ci, t\u012bmek\u013ca b\u0101kas utt.) un saist\u012bt\u0101s piekri\u0161anas, m\u0113s izmantojam piekri\u0161anas r\u012bku &#8220;Real Cookie Banner&#8221;. Inform\u0101ciju par to, k\u0101 darbojas &#8220;Real Cookie Banner&#8221;, var atrast \u0161eit: <a href=\"https:\/\/devowl.io\/rcb\/data-processing\/\" target=\"_new\" rel=\"noopener\">https:\/\/devowl.io\/rcb\/data-processing\/<\/a>.<\/p>\n<p>Juridiskais pamats personu datu apstr\u0101dei \u0161aj\u0101 kontekst\u0101 ir GDPR 6. panta 1. punkts c un GDPR 6. panta 1. punkts f. M\u016bsu likum\u012bg\u0101 interese ir s\u012bkfailu un izmantoto l\u012bdz\u012bgu tehnolo\u0123iju p\u0101rvald\u012bba, k\u0101 ar\u012b saist\u012bt\u0101s piekri\u0161anas.<\/p>\n<p>Personas datu snieg\u0161ana nav nek\u0101d\u0101 veid\u0101 saist\u012bta ar l\u012bgumu un nav nepiecie\u0161ama l\u012bguma nosl\u0113g\u0161anai. Jums nav pien\u0101kums sniegt personas datus. Ja j\u016bs nesniegsiet personas datus, m\u0113s nevaram p\u0101rvald\u012bt j\u016bsu piekri\u0161anas.<\/p>\n<h3>3. K\u0101 m\u0113s izmantojam j\u016bsu inform\u0101ciju<\/h3>\n<p>M\u0113s izmantojam j\u016bsu person\u012bgos datus \u0161\u0101diem m\u0113r\u0137iem:<\/p>\n<p>&#8211; Lai apstr\u0101d\u0101tu un izpild\u012btu j\u016bsu pas\u016bt\u012bjumu, ieskaitot e-pastu s\u016bt\u012b\u0161anu, lai apstiprin\u0101tu j\u016bsu pas\u016bt\u012bjuma statusu un pieg\u0101di.<br \/>&#8211; Lai sazin\u0101tos ar jums un atbild\u0113tu uz j\u016bsu piepras\u012bjumiem vai jaut\u0101jumiem.<br \/>&#8211; Lai uzlabotu m\u016bsu Vietni un pakalpojumus.<br \/>&#8211; Lai sniegtu jums personaliz\u0113tu saturu un pied\u0101v\u0101jumus.<br \/>&#8211; Lai izpild\u012btu likum\u012bgos pien\u0101kumus un piem\u0113rotu m\u016bsu Noteikumus un nosac\u012bjumus.<\/p>\n<h3>4. K\u0101 m\u0113s dal\u0101mies ar j\u016bsu inform\u0101ciju<\/h3>\n<p>M\u0113s varam dal\u012bties ar j\u016bsu person\u012bgajiem datiem ar uzticam\u0101m tre\u0161aj\u0101m pus\u0113m \u0161\u0101dos apst\u0101k\u013cos:<\/p>\n<p>&#8211; Ar pakalpojumu sniedz\u0113jiem, kas sniedz pakalpojumus m\u016bsu v\u0101rd\u0101, piem\u0113ram, maks\u0101jumu pakalpojumu sniedz\u0113jiem, pieg\u0101des pakalpojumu sniedz\u0113jiem un datu anal\u012btikas pakalpojumu sniedz\u0113jiem.<br \/>&#8211; Ar tre\u0161o personu platform\u0101m (piem\u0113ram, soci\u0101lo mediju platform\u0101m) m\u016bsu rekl\u0101mas kampa\u0146\u0101m.<br \/>&#8211; Ja m\u0113s esam likum\u0101 noteikt\u0101 k\u0101rt\u012bb\u0101 vai at<\/p>\n<p>bilst\u012bb\u0101 ar likuma pras\u012bb\u0101m vai lai aizsarg\u0101tu m\u016bsu, m\u016bsu klientu vai publikas ties\u012bbas, \u012bpa\u0161umu vai dro\u0161\u012bbu.<\/p>\n<h3>5. Datu aizsardz\u012bba<\/h3>\n<p>M\u0113s izmantojam da\u017e\u0101dus dro\u0161\u012bbas pas\u0101kumus, lai aizsarg\u0101tu j\u016bsu person\u012bgos datus, tostarp firew\u0101lus, servera piek\u013cuves kontroli un \u0161ifr\u0113\u0161anas tehnolo\u0123ijas. M\u0113s ar\u012b iev\u0113rojam stingrus fiziskos dro\u0161\u012bbas pas\u0101kumus m\u016bsu birojos un datu centros.<\/p>\n<h3>6. J\u016bsu ties\u012bbas<\/h3>\n<p>Jums ir da\u017e\u0101das ties\u012bbas attiec\u012bb\u0101 uz j\u016bsu person\u012bgajiem datiem saska\u0146\u0101 ar GDPR, tai skait\u0101 ties\u012bbas piek\u013c\u016bt, labot, dz\u0113st, ierobe\u017eot vai iebilst pret datu apstr\u0101di, k\u0101 ar\u012b ties\u012bbas datu p\u0101rnesam\u012bbai. Lai izmantotu \u0161\u012bs ties\u012bbas, l\u016bdzu, sazinieties ar mums.<\/p>\n<h3>7. B\u0113rnu priv\u0101tums<\/h3>\n<p>M\u016bsu Vietne nav paredz\u0113ta b\u0113rniem, un m\u0113s nev\u0113lamies sav\u0101kt person\u012bgos datus no b\u0113rniem zem 13 gadu vecuma. Ja m\u0113s uzzin\u0101sim, ka m\u0113s esam sav\u0101ku\u0161i vai sa\u0146\u0113mu\u0161i person\u012bgos datus no b\u0113rnam, kur\u0161 ir jaun\u0101ks par 13 gadiem, m\u0113s dz\u0113s\u012bsim \u0161os datus.<\/p>\n<h3>8. Saites uz cit\u0101m t\u012bmek\u013ca vietn\u0113m<\/h3>\n<p>M\u016bsu Vietne var ietvert saites uz cit\u0101m t\u012bmek\u013ca vietn\u0113m. \u0160\u012b Priv\u0101tuma politika attiecas tikai uz m\u016bsu Vietni, t\u0101p\u0113c, p\u0101rejot uz cit\u0101m t\u012bmek\u013ca vietn\u0113m, jums j\u0101izlasa to attiec\u012bg\u0101s priv\u0101tuma politikas.<\/p>\n<h3>9. Izmai\u0146as \u0161aj\u0101 Priv\u0101tuma politik\u0101<\/h3>\n<p>Laiku pa laikam m\u0113s var\u0113sim atjaunin\u0101t m\u016bsu Priv\u0101tuma politiku. Par jebk\u0101d\u0101m izmai\u0146\u0101m m\u0113s j\u016bs inform\u0113sim, public\u0113jot jaunu Priv\u0101tuma politiku \u0161aj\u0101 lap\u0101.<\/p>\n<h3>10. Sazinieties ar mums<\/h3>\n<p>Ja jums ir k\u0101di jaut\u0101jumi vai ba\u017eas attiec\u012bb\u0101 uz m\u016bsu Priv\u0101tuma politiku, l\u016bdzu, sazinieties ar mums:<\/p>\n<p>SIA EDIGO<br \/>Acones iela 3a, Ulbroka, LV-2130, Latvia<\/p>\n<p>info@edigo.lv<\/p>\n<p>P\u0113d\u0113j\u0101 atjaunin\u0101\u0161ana: 2023. gada 9. j\u016blijs.<\/p>","protected":false},"excerpt":{"rendered":"<p>SIA EDIGO Priv\u0101tuma politika \u0160\u012b Priv\u0101tuma politika sniedz detaliz\u0113tu inform\u0101ciju par to, k\u0101 SIA EDIGO (&#8220;m\u0113s&#8221;, &#8220;m\u016bsu&#8221;, &#8220;m\u016bs&#8221;) sav\u0101k, izmanto, izplata un aizsarg\u0101 j\u016bsu person\u012bgos datus, izmantojot m\u016bsu t\u012bmek\u013ca vietni https:\/\/edigo.lv (&#8220;Vietne&#8221;). \u0160\u012b politika ir izstr\u0101d\u0101ta saska\u0146\u0101 ar Visp\u0101r\u0113jo datu aizsardz\u012bbas regulu (GDPR) (ES) 2016\/679, Kalifornijas Pat\u0113r\u0113t\u0101ju priv\u0101tuma likumu (CCPA) un citiem attiec\u012bgiem ASV priv\u0101tuma [&#8230;]\n","protected":false},"author":1,"featured_media":0,"parent":0,"menu_order":0,"comment_status":"closed","ping_status":"open","template":"","meta":{"footnotes":""},"wf_page_folders":[],"class_list":["post-87","page","type-page","status-publish","hentry"],"aioseo_notices":[],"_links":{"self":[{"href":"https:\/\/elektrons.lv\/et\/wp-json\/wp\/v2\/pages\/87","targetHints":{"allow":["GET"]}}],"collection":[{"href":"https:\/\/elektrons.lv\/et\/wp-json\/wp\/v2\/pages"}],"about":[{"href":"https:\/\/elektrons.lv\/et\/wp-json\/wp\/v2\/types\/page"}],"author":[{"embeddable":true,"href":"https:\/\/elektrons.lv\/et\/wp-json\/wp\/v2\/users\/1"}],"replies":[{"embeddable":true,"href":"https:\/\/elektrons.lv\/et\/wp-json\/wp\/v2\/comments?post=87"}],"version-history":[{"count":0,"href":"https:\/\/elektrons.lv\/et\/wp-json\/wp\/v2\/pages\/87\/revisions"}],"wp:attachment":[{"href":"https:\/\/elektrons.lv\/et\/wp-json\/wp\/v2\/media?parent=87"}],"wp:term":[{"taxonomy":"wf_page_folders","embeddable":true,"href":"https:\/\/elektrons.lv\/et\/wp-json\/wp\/v2\/wf_page_folders?post=87"}],"curies":[{"name":"wp","href":"https:\/\/api.w.org\/{rel}","templated":true}]}}