{"id":78396,"date":"2026-05-14T09:34:58","date_gmt":"2026-05-14T09:34:58","guid":{"rendered":"https:\/\/elektrons.lv\/Prece\/baseus-charging-quick-charger-usb-3-0-white\/"},"modified":"2026-05-15T07:47:56","modified_gmt":"2026-05-15T07:47:56","slug":"baseus-charging-quick-charger-usb-3-0-white","status":"publish","type":"product","link":"https:\/\/elektrons.lv\/et\/Prece\/baseus-charging-quick-charger-usb-3-0-white\/","title":{"rendered":"Baseus Charging Quick Charger USB 3.0 &#8211; White"},"content":{"rendered":"<h3>Baseus Charging Quick Charger<\/h3>\n<p>It is a lightweight and durable charger of compact size, featuring a USB port supporting Quick Charge 3.0 technology. The device&#8217;s housing is made of high-quality materials (ABS + PC), resistant to high temperatures and mechanical damage. The intelligent management system adjusts the voltage to the specific equipment and has protection against overload, overheating, and short circuits. A wide range of power supply voltage (100 &#8211; 240V) makes the adapter suitable for every journey. It also works with Qi wireless chargers.<\/p>\n<p><img decoding=\"async\" src=\"https:\/\/b2b.innpro.pl\/data\/include\/cms\/Baseus2\/8\/1.jpg\"><\/p>\n<div class=\"table-wrapper\">\n<table width=\"699\">\n<tbody>\n<tr>\n<td><strong><span>Producent<\/span><\/strong><\/td>\n<td><span>Baseus<\/span><\/td>\n<\/tr>\n<tr>\n<td><strong><span>Model<\/span><\/strong><\/td>\n<td><span>Charging Quick Charge 3.0 QC<\/span><\/td>\n<\/tr>\n<tr>\n<td><strong><span>Product code<\/span><\/strong><\/td>\n<td><span>CCALL-BX02<\/span><\/td>\n<\/tr>\n<tr>\n<td><strong><span>Material<\/span><\/strong><\/td>\n<td><span>ABS + PC<\/span><\/td>\n<\/tr>\n<tr>\n<td><strong><span>Voltage range<\/span><\/strong><\/td>\n<td><span>100 \u2013 240V<\/span><\/td>\n<\/tr>\n<tr>\n<td><strong><span>Weight<\/span><\/strong><\/td>\n<td><span>80g<\/span><\/td>\n<\/tr>\n<tr>\n<td><strong><span>Color<\/span><\/strong><\/td>\n<td><span>White<\/span><\/td>\n<\/tr>\n<tr>\n<td><strong><span>Power<\/span><\/strong><\/td>\n<td><span>24W Max<\/span><\/td>\n<\/tr>\n<tr>\n<td><strong><span>Connector<\/span><\/strong><\/td>\n<td><span>USB<\/span><\/td>\n<\/tr>\n<tr>\n<td><strong><span>Charging intensity\u00a0\u00a0(A)<\/span><\/strong><\/td>\n<td><span>3, 2<\/span><\/td>\n<\/tr>\n<tr>\n<td><strong><span>Dimension<\/span><\/strong><\/td>\n<td><span>9 x 3,9 x 3,8 cm<\/span><\/td>\n<\/tr>\n<tr>\n<td><strong><span>Input current<\/span><\/strong><\/td>\n<td><span>0.8A Max<\/span><\/td>\n<\/tr>\n<tr>\n<td><strong><span>Output current<\/span><\/strong><\/td>\n<td><span>3.6V-8V\/3A, 12V\/2A<\/span><\/td>\n<\/tr>\n<\/tbody>\n<\/table>\n<\/div>","protected":false},"excerpt":{"rendered":"<p>Baseus Charging Quick Charger It is a lightweight and durable charger of compact size, featuring a USB port supporting Quick Charge 3.0 technology. The device&#8217;s housing is made of high-quality materials (ABS + PC), resistant to high temperatures and mechanical damage. The intelligent management system adjusts the voltage to the specific equipment and has protection [&#8230;]\n","protected":false},"featured_media":105825,"comment_status":"open","ping_status":"closed","template":"","meta":[],"location":[19557,19558],"product_brand":[],"product_cat":[12037],"product_tag":[],"class_list":{"0":"post-78396","1":"product","2":"type-product","3":"status-publish","4":"has-post-thumbnail","6":"location-innpro_stock_location","7":"location-local_stock_location","8":"product_cat-mains-chargers","10":"first","11":"instock","12":"sale","13":"taxable","14":"shipping-taxable","15":"purchasable","16":"product-type-simple"},"aioseo_notices":[],"locations":[{"id":19557,"name":"Pieg\u0101d\u0101t\u0101ja noliktav\u0101 (5-7d.d.)","slug":"innpro_stock_location","quantity":"18"},{"id":19558,"name":"R\u012bgas veikal\u0101 (0-2d.d.)","slug":"local_stock_location","quantity":"0"}],"_links":{"self":[{"href":"https:\/\/elektrons.lv\/et\/wp-json\/wp\/v2\/product\/78396","targetHints":{"allow":["GET"]}}],"collection":[{"href":"https:\/\/elektrons.lv\/et\/wp-json\/wp\/v2\/product"}],"about":[{"href":"https:\/\/elektrons.lv\/et\/wp-json\/wp\/v2\/types\/product"}],"replies":[{"embeddable":true,"href":"https:\/\/elektrons.lv\/et\/wp-json\/wp\/v2\/comments?post=78396"}],"wp:featuredmedia":[{"embeddable":true,"href":"https:\/\/elektrons.lv\/et\/wp-json\/wp\/v2\/media\/105825"}],"wp:attachment":[{"href":"https:\/\/elektrons.lv\/et\/wp-json\/wp\/v2\/media?parent=78396"}],"wp:term":[{"taxonomy":"location","embeddable":true,"href":"https:\/\/elektrons.lv\/et\/wp-json\/wp\/v2\/location?post=78396"},{"taxonomy":"product_brand","embeddable":true,"href":"https:\/\/elektrons.lv\/et\/wp-json\/wp\/v2\/product_brand?post=78396"},{"taxonomy":"product_cat","embeddable":true,"href":"https:\/\/elektrons.lv\/et\/wp-json\/wp\/v2\/product_cat?post=78396"},{"taxonomy":"product_tag","embeddable":true,"href":"https:\/\/elektrons.lv\/et\/wp-json\/wp\/v2\/product_tag?post=78396"}],"curies":[{"name":"wp","href":"https:\/\/api.w.org\/{rel}","templated":true}]}}