{"id":78549,"date":"2026-05-14T09:35:16","date_gmt":"2026-05-14T09:35:16","guid":{"rendered":"https:\/\/elektrons.lv\/Prece\/wireless-door-window-sensor-sonoff-dw2-rf-433mhz\/"},"modified":"2026-05-15T14:59:29","modified_gmt":"2026-05-15T12:59:29","slug":"wireless-door-window-sensor-sonoff-dw2-rf-433mhz","status":"publish","type":"product","link":"https:\/\/elektrons.lv\/et\/Prece\/wireless-door-window-sensor-sonoff-dw2-rf-433mhz\/","title":{"rendered":"Wireless Door\/Window Sensor Sonoff DW2 RF 433MHz"},"content":{"rendered":"<h3>Intelligent sensor for doors and windows<\/h3>\n<p>Wireless Door\/Window Sensor Sonoff DW2 RF 433MHz\u00a0is a sensor with a sensor, which provides greater security of the apartment against burglary. The sensor sends a notification to the phone every time a door\/window is opened or closed. Take care of your security and enjoy the peace of mind in your apartment<\/p>\n<p><img decoding=\"async\" src=\"https:\/\/b2b.innpro.pl\/data\/include\/cms\/8Szymon-Mura\/Sonoff\/dw2\/1.jpg\"><\/p>\n<h3>Always sure when the house is safe<\/h3>\n<p>The sensor sends notifications to the application on your phone if an uninvited guest tries to open a window or door of your apartment. Don&#8217;t worry about things left in the apartment<\/p>\n<p><img decoding=\"async\" src=\"https:\/\/b2b.innpro.pl\/data\/include\/cms\/8Szymon-Mura\/Sonoff\/dw2\/4.jpg\"><\/p>\n<h3>Ultra-efficient battery<\/h3>\n<p>Thanks to its low power consumption, the battery lasts for up to two years.<\/p>\n<p><img decoding=\"async\" src=\"https:\/\/b2b.innpro.pl\/data\/include\/cms\/8Szymon-Mura\/Sonoff\/dw2\/6.jpg\"><\/p>\n<div class=\"table-wrapper\">\n<table class=\"table-specs\">\n<tbody>\n<tr>\n<th><span>Model<\/span><\/th>\n<td><span>DW2<\/span><\/td>\n<\/tr>\n<tr>\n<th><span>Power<\/span><\/th>\n<td><span>Battery\u00a0<span>mn27<\/span> (not included)<\/span><\/td>\n<\/tr>\n<tr>\n<th><span>Quiescent current<\/span><\/th>\n<td><span>\u226440\u03bcA<\/span><\/td>\n<\/tr>\n<tr>\n<th><span>PEmission current<\/span><\/th>\n<td><span>\u2264 15mA<\/span><\/td>\n<\/tr>\n<tr>\n<th><span>Operating temperature<\/span><\/th>\n<td><span>-10\u2103 to 40\u2103<\/span><\/td>\n<\/tr>\n<tr>\n<th><span>Dimensions<\/span><\/th>\n<td><span>70 mm x\u00a031 mm x 19 mm \/ 42 x 14 x 16<\/span><\/td>\n<\/tr>\n<tr>\n<th><span>Communication<\/span><\/th>\n<td><span>RF 433MHz<\/span><\/td>\n<\/tr>\n<\/tbody>\n<\/table>\n<\/div>","protected":false},"excerpt":{"rendered":"<p>Intelligent sensor for doors and windows Wireless Door\/Window Sensor Sonoff DW2 RF 433MHz\u00a0is a sensor with a sensor, which provides greater security of the apartment against burglary. The sensor sends a notification to the phone every time a door\/window is opened or closed. Take care of your security and enjoy the peace of mind in [&#8230;]\n","protected":false},"featured_media":105093,"comment_status":"open","ping_status":"closed","template":"","meta":[],"location":[19557,19558],"product_brand":[],"product_cat":[12370],"product_tag":[],"class_list":{"0":"post-78549","1":"product","2":"type-product","3":"status-publish","4":"has-post-thumbnail","6":"location-innpro_stock_location","7":"location-local_stock_location","8":"product_cat-sensors","10":"first","11":"instock","12":"sale","13":"taxable","14":"shipping-taxable","15":"purchasable","16":"product-type-simple"},"aioseo_notices":[],"locations":[{"id":19557,"name":"Pieg\u0101d\u0101t\u0101ja noliktav\u0101 (5-7d.d.)","slug":"innpro_stock_location","quantity":"113"},{"id":19558,"name":"R\u012bgas veikal\u0101 (0-2d.d.)","slug":"local_stock_location","quantity":"0"}],"_links":{"self":[{"href":"https:\/\/elektrons.lv\/et\/wp-json\/wp\/v2\/product\/78549","targetHints":{"allow":["GET"]}}],"collection":[{"href":"https:\/\/elektrons.lv\/et\/wp-json\/wp\/v2\/product"}],"about":[{"href":"https:\/\/elektrons.lv\/et\/wp-json\/wp\/v2\/types\/product"}],"replies":[{"embeddable":true,"href":"https:\/\/elektrons.lv\/et\/wp-json\/wp\/v2\/comments?post=78549"}],"wp:featuredmedia":[{"embeddable":true,"href":"https:\/\/elektrons.lv\/et\/wp-json\/wp\/v2\/media\/105093"}],"wp:attachment":[{"href":"https:\/\/elektrons.lv\/et\/wp-json\/wp\/v2\/media?parent=78549"}],"wp:term":[{"taxonomy":"location","embeddable":true,"href":"https:\/\/elektrons.lv\/et\/wp-json\/wp\/v2\/location?post=78549"},{"taxonomy":"product_brand","embeddable":true,"href":"https:\/\/elektrons.lv\/et\/wp-json\/wp\/v2\/product_brand?post=78549"},{"taxonomy":"product_cat","embeddable":true,"href":"https:\/\/elektrons.lv\/et\/wp-json\/wp\/v2\/product_cat?post=78549"},{"taxonomy":"product_tag","embeddable":true,"href":"https:\/\/elektrons.lv\/et\/wp-json\/wp\/v2\/product_tag?post=78549"}],"curies":[{"name":"wp","href":"https:\/\/api.w.org\/{rel}","templated":true}]}}