{"id":79208,"date":"2026-05-14T09:36:39","date_gmt":"2026-05-14T09:36:39","guid":{"rendered":"https:\/\/elektrons.lv\/Prece\/akumulator-lipo-gens-ace-bashing-5000mah-18-5v-60c-5s1p-xt90\/"},"modified":"2026-05-15T07:48:32","modified_gmt":"2026-05-15T07:48:32","slug":"akumulator-lipo-gens-ace-bashing-5000mah-18-5v-60c-5s1p-xt90","status":"publish","type":"product","link":"https:\/\/elektrons.lv\/et\/Prece\/akumulator-lipo-gens-ace-bashing-5000mah-18-5v-60c-5s1p-xt90\/","title":{"rendered":"Akumulator LiPo Gens Ace Bashing 5000mAh 18.5V 60C 5S1P &#8211; XT90"},"content":{"rendered":"<h3>Gens Ace Bashing 5000mAh 18.5V 60C 5S1P LiPo battery &#8211; XT90<\/h3>\n<p>The Gens Ace Bashing battery with XT90 plug (a standard connector with high current capacity) is a powerful power source designed for RC (Radio Controlled, Remote Controlled) models requiring high power &#8211; ideal for<a href=\"http:\/\/m.in\">among others<\/a>. in 700-class helicopters and model gliders. Thanks to the use of precision cell stacking technology, it reaches an impressive capacity of 5000 mAh, which translates into high energy density and high efficiency at discharge (60C).<\/p>\n<p>\n<img decoding=\"async\" alt=\"GensAce 5000 mAh battery on bright background.\" border=\"0\" src=\"https:\/\/assets.innpro.pl\/17961\/23818\/1.jpg\"\/>\n<\/p>\n<div class=\"table-wrapper\">\n<p>\u00a0<\/p>\n<h3><\/h3>\n<table>\n<tbody>\n<tr>\n<th>Manufacturer<\/th>\n<td>Gens Ace<\/td>\n<\/tr>\n<tr>\n<th>Model<\/th>\n<td>GEA50005S60X9<\/td>\n<\/tr>\n<tr>\n<th>Capacity<\/th>\n<td>5000 mAh<\/td>\n<\/tr>\n<tr>\n<th>Voltage<\/th>\n<td>18.5 V (5S1P)<\/td>\n<\/tr>\n<tr>\n<th>Constant discharge current<\/th>\n<td>60C<\/td>\n<\/tr>\n<tr>\n<th>Plug<\/th>\n<td>XT90<\/td>\n<\/tr>\n<tr>\n<th>Weight<\/th>\n<td>620 g<\/td>\n<\/tr>\n<tr>\n<th>Dimensions<\/th>\n<td>161 \u00d7 45 \u00d7 37 mm<\/td>\n<\/tr>\n<tr>\n<th>Application<\/th>\n<td>700 class helicopters, mock-up gliders (scale soaring)<\/td>\n<\/tr>\n<\/tbody>\n<\/table>\n<\/div>","protected":false},"excerpt":{"rendered":"<p>Gens Ace Bashing 5000mAh 18.5V 60C 5S1P LiPo battery &#8211; XT90 The Gens Ace Bashing battery with XT90 plug (a standard connector with high current capacity) is a powerful power source designed for RC (Radio Controlled, Remote Controlled) models requiring high power &#8211; ideal foramong others. in 700-class helicopters and model gliders. Thanks to the [&#8230;]\n","protected":false},"featured_media":102367,"comment_status":"open","ping_status":"closed","template":"","meta":[],"location":[19557,19558],"product_brand":[],"product_cat":[12054],"product_tag":[],"class_list":{"0":"post-79208","1":"product","2":"type-product","3":"status-publish","4":"has-post-thumbnail","6":"location-innpro_stock_location","7":"location-local_stock_location","8":"product_cat-lithium-and-nimh","10":"first","11":"instock","12":"sale","13":"taxable","14":"shipping-taxable","15":"purchasable","16":"product-type-simple"},"aioseo_notices":[],"locations":[{"id":19557,"name":"Pieg\u0101d\u0101t\u0101ja noliktav\u0101 (5-7d.d.)","slug":"innpro_stock_location","quantity":"22"},{"id":19558,"name":"R\u012bgas veikal\u0101 (0-2d.d.)","slug":"local_stock_location","quantity":"0"}],"_links":{"self":[{"href":"https:\/\/elektrons.lv\/et\/wp-json\/wp\/v2\/product\/79208","targetHints":{"allow":["GET"]}}],"collection":[{"href":"https:\/\/elektrons.lv\/et\/wp-json\/wp\/v2\/product"}],"about":[{"href":"https:\/\/elektrons.lv\/et\/wp-json\/wp\/v2\/types\/product"}],"replies":[{"embeddable":true,"href":"https:\/\/elektrons.lv\/et\/wp-json\/wp\/v2\/comments?post=79208"}],"wp:featuredmedia":[{"embeddable":true,"href":"https:\/\/elektrons.lv\/et\/wp-json\/wp\/v2\/media\/102367"}],"wp:attachment":[{"href":"https:\/\/elektrons.lv\/et\/wp-json\/wp\/v2\/media?parent=79208"}],"wp:term":[{"taxonomy":"location","embeddable":true,"href":"https:\/\/elektrons.lv\/et\/wp-json\/wp\/v2\/location?post=79208"},{"taxonomy":"product_brand","embeddable":true,"href":"https:\/\/elektrons.lv\/et\/wp-json\/wp\/v2\/product_brand?post=79208"},{"taxonomy":"product_cat","embeddable":true,"href":"https:\/\/elektrons.lv\/et\/wp-json\/wp\/v2\/product_cat?post=79208"},{"taxonomy":"product_tag","embeddable":true,"href":"https:\/\/elektrons.lv\/et\/wp-json\/wp\/v2\/product_tag?post=79208"}],"curies":[{"name":"wp","href":"https:\/\/api.w.org\/{rel}","templated":true}]}}