{"id":79512,"date":"2026-05-14T09:37:17","date_gmt":"2026-05-14T09:37:17","guid":{"rendered":"https:\/\/elektrons.lv\/Prece\/face-roller-cooling-head-geske\/"},"modified":"2026-05-15T16:04:12","modified_gmt":"2026-05-15T14:04:12","slug":"face-roller-cooling-head-geske","status":"publish","type":"product","link":"https:\/\/elektrons.lv\/et\/Prece\/face-roller-cooling-head-geske\/","title":{"rendered":"Face Roller Cooling Head Geske"},"content":{"rendered":"<h3>Cooling tip for Geske facial roller.<\/h3>\n<p>Replacement tip designed for Geske facial rollers. Take care of your facial skin with regular cooling treatments for a healthy, youthful look and keep your complexion radiant for longer! <\/p>\n<p><img decoding=\"async\" src=\"https:\/\/b2b.innpro.pl\/data\/include\/cms\/Geske\/GK000050TP01\/1.jpg\" alt=\"Geske\/GK000050TP01\/1\"><\/p>\n<div class=\"table-wrapper\">\n<table>\n<tbody>\n<tr>\n<th>Manufacturer.<\/th>\n<td>Geske<\/td>\n<\/tr>\n<tr>\n<th>Model<\/th>\n<td>GK000050TP01<\/td>\n<\/tr>\n<tr>\n<th>Purpose<\/th>\n<td>Geske face roller<\/td>\n<\/tr>\n<\/tbody>\n<\/table>\n<\/div>","protected":false},"excerpt":{"rendered":"<p>Cooling tip for Geske facial roller. Replacement tip designed for Geske facial rollers. Take care of your facial skin with regular cooling treatments for a healthy, youthful look and keep your complexion radiant for longer! Manufacturer. Geske Model GK000050TP01 Purpose Geske face roller<\/p>","protected":false},"featured_media":101332,"comment_status":"open","ping_status":"closed","template":"","meta":[],"location":[19557,19558],"product_brand":[],"product_cat":[13757],"product_tag":[],"class_list":{"0":"post-79512","1":"product","2":"type-product","3":"status-publish","4":"has-post-thumbnail","6":"location-innpro_stock_location","7":"location-local_stock_location","8":"product_cat-others","10":"first","11":"instock","12":"sale","13":"taxable","14":"shipping-taxable","15":"purchasable","16":"product-type-simple"},"aioseo_notices":[],"locations":[{"id":19557,"name":"Pieg\u0101d\u0101t\u0101ja noliktav\u0101 (5-7d.d.)","slug":"innpro_stock_location","quantity":"160"},{"id":19558,"name":"R\u012bgas veikal\u0101 (0-2d.d.)","slug":"local_stock_location","quantity":"0"}],"_links":{"self":[{"href":"https:\/\/elektrons.lv\/et\/wp-json\/wp\/v2\/product\/79512","targetHints":{"allow":["GET"]}}],"collection":[{"href":"https:\/\/elektrons.lv\/et\/wp-json\/wp\/v2\/product"}],"about":[{"href":"https:\/\/elektrons.lv\/et\/wp-json\/wp\/v2\/types\/product"}],"replies":[{"embeddable":true,"href":"https:\/\/elektrons.lv\/et\/wp-json\/wp\/v2\/comments?post=79512"}],"wp:featuredmedia":[{"embeddable":true,"href":"https:\/\/elektrons.lv\/et\/wp-json\/wp\/v2\/media\/101332"}],"wp:attachment":[{"href":"https:\/\/elektrons.lv\/et\/wp-json\/wp\/v2\/media?parent=79512"}],"wp:term":[{"taxonomy":"location","embeddable":true,"href":"https:\/\/elektrons.lv\/et\/wp-json\/wp\/v2\/location?post=79512"},{"taxonomy":"product_brand","embeddable":true,"href":"https:\/\/elektrons.lv\/et\/wp-json\/wp\/v2\/product_brand?post=79512"},{"taxonomy":"product_cat","embeddable":true,"href":"https:\/\/elektrons.lv\/et\/wp-json\/wp\/v2\/product_cat?post=79512"},{"taxonomy":"product_tag","embeddable":true,"href":"https:\/\/elektrons.lv\/et\/wp-json\/wp\/v2\/product_tag?post=79512"}],"curies":[{"name":"wp","href":"https:\/\/api.w.org\/{rel}","templated":true}]}}