{"id":79693,"date":"2026-05-14T09:37:39","date_gmt":"2026-05-14T09:37:39","guid":{"rendered":"https:\/\/elektrons.lv\/Prece\/anti-glare-gimbal-lens-cover-sunnylife-for-dji-mini-4-pro-n4p-zg699-gy\/"},"modified":"2026-05-15T16:00:16","modified_gmt":"2026-05-15T14:00:16","slug":"anti-glare-gimbal-lens-cover-sunnylife-for-dji-mini-4-pro-n4p-zg699-gy","status":"publish","type":"product","link":"https:\/\/elektrons.lv\/et\/Prece\/anti-glare-gimbal-lens-cover-sunnylife-for-dji-mini-4-pro-n4p-zg699-gy\/","title":{"rendered":"Anti-Glare Gimbal Lens Cover Sunnylife for DJI Mini 4 Pro N4P-ZG699-GY"},"content":{"rendered":"<h3>Sunnylife N4P-ZG699-GY anti-glare gimbal lens cover for Mini 4 Pro gray.<\/h3>\n<\/p>\n<p>Sunnylife N4P-ZG699-D is an anti-glare gimbal lens cover that prevents excess light from entering the lens. Its design does not interfere with the visibility of any of the cameras, and it also protects them when they land thanks to its 8mm high legs. This accessory is extremely lightweight and easy to install &#8211; just slide it onto the drone and you&#8217;re done!<\/p>\n<\/p>\n<p>\n<img decoding=\"async\" border=\"0\" src=\"https:\/\/assets.innpro.pl\/1866\/2015\/5.jpg\"\/>\n<\/p>\n<h3>Kit contents:<\/h3>\n<p>Lens cover<\/p>\n<div class=\"table-wrapper\">\n<p>\u00a0<\/p>\n<h3>Specifications<\/h3>\n<table>\n<tbody>\n<tr>\n<th>Brand<\/th>\n<td>Sunnylife<\/td>\n<\/tr>\n<tr>\n<th>Model<\/th>\n<td>N4P-ZG699-D<\/td>\n<\/tr>\n<tr>\n<th>Compatibility<\/th>\n<td>DJI Mini 4 Pro<\/td>\n<\/tr>\n<tr>\n<th>Color<\/th>\n<td>Gray<\/td>\n<\/tr>\n<tr>\n<th>Weight<\/th>\n<td>14g<\/td>\n<\/tr>\n<tr>\n<th>Material<\/th>\n<td>Plastic<\/td>\n<\/tr>\n<tr>\n<th><\/th>\n<td><\/td>\n<\/tr>\n<\/tbody>\n<\/table>\n<\/div>","protected":false},"excerpt":{"rendered":"<p>Sunnylife N4P-ZG699-GY anti-glare gimbal lens cover for Mini 4 Pro gray. Sunnylife N4P-ZG699-D is an anti-glare gimbal lens cover that prevents excess light from entering the lens. Its design does not interfere with the visibility of any of the cameras, and it also protects them when they land thanks to its 8mm high legs. This [&#8230;]\n","protected":false},"featured_media":100604,"comment_status":"open","ping_status":"closed","template":"","meta":[],"location":[19557,19558],"product_brand":[],"product_cat":[12014],"product_tag":[],"class_list":{"0":"post-79693","1":"product","2":"type-product","3":"status-publish","4":"has-post-thumbnail","6":"location-innpro_stock_location","7":"location-local_stock_location","8":"product_cat-dji","10":"first","11":"instock","12":"sale","13":"taxable","14":"shipping-taxable","15":"purchasable","16":"product-type-simple"},"aioseo_notices":[],"locations":[{"id":19557,"name":"Pieg\u0101d\u0101t\u0101ja noliktav\u0101 (5-7d.d.)","slug":"innpro_stock_location","quantity":"24"},{"id":19558,"name":"R\u012bgas veikal\u0101 (0-2d.d.)","slug":"local_stock_location","quantity":"0"}],"_links":{"self":[{"href":"https:\/\/elektrons.lv\/et\/wp-json\/wp\/v2\/product\/79693","targetHints":{"allow":["GET"]}}],"collection":[{"href":"https:\/\/elektrons.lv\/et\/wp-json\/wp\/v2\/product"}],"about":[{"href":"https:\/\/elektrons.lv\/et\/wp-json\/wp\/v2\/types\/product"}],"replies":[{"embeddable":true,"href":"https:\/\/elektrons.lv\/et\/wp-json\/wp\/v2\/comments?post=79693"}],"wp:featuredmedia":[{"embeddable":true,"href":"https:\/\/elektrons.lv\/et\/wp-json\/wp\/v2\/media\/100604"}],"wp:attachment":[{"href":"https:\/\/elektrons.lv\/et\/wp-json\/wp\/v2\/media?parent=79693"}],"wp:term":[{"taxonomy":"location","embeddable":true,"href":"https:\/\/elektrons.lv\/et\/wp-json\/wp\/v2\/location?post=79693"},{"taxonomy":"product_brand","embeddable":true,"href":"https:\/\/elektrons.lv\/et\/wp-json\/wp\/v2\/product_brand?post=79693"},{"taxonomy":"product_cat","embeddable":true,"href":"https:\/\/elektrons.lv\/et\/wp-json\/wp\/v2\/product_cat?post=79693"},{"taxonomy":"product_tag","embeddable":true,"href":"https:\/\/elektrons.lv\/et\/wp-json\/wp\/v2\/product_tag?post=79693"}],"curies":[{"name":"wp","href":"https:\/\/api.w.org\/{rel}","templated":true}]}}