{"id":79778,"date":"2026-05-14T09:37:49","date_gmt":"2026-05-14T09:37:49","guid":{"rendered":"https:\/\/elektrons.lv\/Prece\/shelly-pro-3em-400a-3-phase-energy-meter-wifi-bluetooth\/"},"modified":"2026-05-15T07:48:54","modified_gmt":"2026-05-15T07:48:54","slug":"shelly-pro-3em-400a-3-phase-energy-meter-wifi-bluetooth","status":"publish","type":"product","link":"https:\/\/elektrons.lv\/et\/Prece\/shelly-pro-3em-400a-3-phase-energy-meter-wifi-bluetooth\/","title":{"rendered":"Shelly PRO 3EM 400A 3-Phase Energy Meter, WiFi\/Bluetooth"},"content":{"rendered":"<div style=\"display: flex; flex-direction: column;\" class=\"iai-section-b518b711-327c-49dd-a6df-803f52333dbe-description-wrapper\">\n<div class=\"iai-section-b518b711-327c-49dd-a6df-803f52333dbe iai-section-b518b711-327c-49dd-a6df-803f52333dbe-html\">\n<h3>3-Channel Shelly PRO 3EM 400A WiFi Electrical Energy Consumption Meter<\/h3>\n<p>Shelly Pro 3EM 400A is a professional, three-phase electrical energy consumption meter that can be installed on a DIN rail. The device reports accumulated energy with 1% accuracy and real-time voltage, current, and power for each phase. It stores data for the last 60 days with a one-minute resolution for each phase, enabling precise analysis. Furthermore, it offers advanced scripting capabilities and extended monitoring options.<\/p>\n<p><img decoding=\"async\" src=\"https:\/\/assets.innpro.pl\/2394\/2518\/1.jpg\" border=\"0\" alt=\"\"><\/p>\n<div class=\"table-wrapper\">\n<p>&nbsp;<\/p>\n<h3>&nbsp;<\/h3>\n<table>\n<tbody>\n<tr>\n<th>Manufacturer<\/th>\n<td>Shelly<\/td>\n<\/tr>\n<tr>\n<th>Model<\/th>\n<td>SPEM-003CEBEU400<\/td>\n<\/tr>\n<tr>\n<th>AC Power Supply Voltage<\/th>\n<td>110 &#8211; 240 V, 50\/60 Hz<\/td>\n<\/tr>\n<tr>\n<th>Power Consumption<\/th>\n<td>&lt; 3 W<\/td>\n<\/tr>\n<tr>\n<th>Internal Temperature Sensor<\/th>\n<td>Yes<\/td>\n<\/tr>\n<tr>\n<th>Voltemeters (RMS for Each Phase)<\/th>\n<td>100 &#8211; 260 V<\/td>\n<\/tr>\n<tr>\n<th>Voltemeter Accuracy<\/th>\n<td>\u00b11%<\/td>\n<\/tr>\n<tr>\n<th>Amperemeters (RMS via CT for Each Phase and Neutral)<\/th>\n<td>0 &#8211; 400 A<\/td>\n<\/tr>\n<tr>\n<th>Compatible Current Transformer (CT) Ratings<\/th>\n<td>CT-400A<\/td>\n<\/tr>\n<tr>\n<th>Amperemeter Accuracy<\/th>\n<td>\u00b11% (5 &#8211; 400 A), \u00b12% (0 &#8211; 5 A)<\/td>\n<\/tr>\n<tr>\n<th>Power and Energy Meters<\/th>\n<td>Active and apparent power, active and apparent energy, power factor, basic active energy, and basic reactive energy<\/td>\n<\/tr>\n<tr>\n<th>Channel-to-Channel Calibration at Minimum Load<\/th>\n<td>5000 W per channel<\/td>\n<\/tr>\n<tr>\n<th>No-Load Threshold<\/th>\n<td>30 VA per channel<\/td>\n<\/tr>\n<tr>\n<th>Measurement Data Storage<\/th>\n<td>At least 60 days with 1-minute data resolution<\/td>\n<\/tr>\n<tr>\n<th>Data Export<\/th>\n<td>CSV format for stored PQ values, JSON export via RPC<\/td>\n<\/tr>\n<tr>\n<th>Wi-Fi Protocol<\/th>\n<td>802.11 b\/g\/n<\/td>\n<\/tr>\n<tr>\n<th>Wi-Fi Range<\/th>\n<td>Up to 30 m indoors and 50 m outdoors<\/td>\n<\/tr>\n<tr>\n<th>Bluetooth Protocol<\/th>\n<td>4.2<\/td>\n<\/tr>\n<tr>\n<th>Bluetooth Range<\/th>\n<td>Up to 10 m indoors and 30 m outdoors<\/td>\n<\/tr>\n<tr>\n<th>CPU<\/th>\n<td>ESP32-D0WDQ6<\/td>\n<\/tr>\n<tr>\n<th>Flash Memory<\/th>\n<td>16 MB<\/td>\n<\/tr>\n<tr>\n<th>Ambient Temperature<\/th>\n<td>-20\u00b0C to +40\u00b0C<\/td>\n<\/tr>\n<tr>\n<th>Humidity<\/th>\n<td>30% to 70% RH<\/td>\n<\/tr>\n<tr>\n<th>Maximum Altitude<\/th>\n<td>2000 m<\/td>\n<\/tr>\n<tr>\n<th>Dimensions<\/th>\n<td>94 x 19 x 69 \u00b10.5 mm<\/td>\n<\/tr>\n<tr>\n<th>Weight<\/th>\n<td>62 \u00b11 g<\/td>\n<\/tr>\n<tr>\n<th>Mounting<\/th>\n<td>DIN rail<\/td>\n<\/tr>\n<tr>\n<th>Housing Material<\/th>\n<td>Plastic<\/td>\n<\/tr>\n<\/tbody>\n<\/table>\n<\/div>\n<\/div>\n<\/div>","protected":false},"excerpt":{"rendered":"<p>3-Channel Shelly PRO 3EM 400A WiFi Electrical Energy Consumption Meter Shelly Pro 3EM 400A is a professional, three-phase electrical energy consumption meter that can be installed on a DIN rail. The device reports accumulated energy with 1% accuracy and real-time voltage, current, and power for each phase. It stores data for the last 60 days [&#8230;]\n","protected":false},"featured_media":100362,"comment_status":"open","ping_status":"closed","template":"","meta":[],"location":[19557,19558],"product_brand":[],"product_cat":[12370],"product_tag":[],"class_list":{"0":"post-79778","1":"product","2":"type-product","3":"status-publish","4":"has-post-thumbnail","6":"location-innpro_stock_location","7":"location-local_stock_location","8":"product_cat-sensors","10":"first","11":"instock","12":"sale","13":"taxable","14":"shipping-taxable","15":"purchasable","16":"product-type-simple"},"aioseo_notices":[],"locations":[{"id":19557,"name":"Pieg\u0101d\u0101t\u0101ja noliktav\u0101 (5-7d.d.)","slug":"innpro_stock_location","quantity":"12"},{"id":19558,"name":"R\u012bgas veikal\u0101 (0-2d.d.)","slug":"local_stock_location","quantity":"0"}],"_links":{"self":[{"href":"https:\/\/elektrons.lv\/et\/wp-json\/wp\/v2\/product\/79778","targetHints":{"allow":["GET"]}}],"collection":[{"href":"https:\/\/elektrons.lv\/et\/wp-json\/wp\/v2\/product"}],"about":[{"href":"https:\/\/elektrons.lv\/et\/wp-json\/wp\/v2\/types\/product"}],"replies":[{"embeddable":true,"href":"https:\/\/elektrons.lv\/et\/wp-json\/wp\/v2\/comments?post=79778"}],"wp:featuredmedia":[{"embeddable":true,"href":"https:\/\/elektrons.lv\/et\/wp-json\/wp\/v2\/media\/100362"}],"wp:attachment":[{"href":"https:\/\/elektrons.lv\/et\/wp-json\/wp\/v2\/media?parent=79778"}],"wp:term":[{"taxonomy":"location","embeddable":true,"href":"https:\/\/elektrons.lv\/et\/wp-json\/wp\/v2\/location?post=79778"},{"taxonomy":"product_brand","embeddable":true,"href":"https:\/\/elektrons.lv\/et\/wp-json\/wp\/v2\/product_brand?post=79778"},{"taxonomy":"product_cat","embeddable":true,"href":"https:\/\/elektrons.lv\/et\/wp-json\/wp\/v2\/product_cat?post=79778"},{"taxonomy":"product_tag","embeddable":true,"href":"https:\/\/elektrons.lv\/et\/wp-json\/wp\/v2\/product_tag?post=79778"}],"curies":[{"name":"wp","href":"https:\/\/api.w.org\/{rel}","templated":true}]}}