{"id":80035,"date":"2026-05-14T09:38:22","date_gmt":"2026-05-14T09:38:22","guid":{"rendered":"https:\/\/elektrons.lv\/Prece\/brush-cover-for-mova-m1-vacuum-cleaner\/"},"modified":"2026-05-15T16:09:19","modified_gmt":"2026-05-15T14:09:19","slug":"brush-cover-for-mova-m1-vacuum-cleaner","status":"publish","type":"product","link":"https:\/\/elektrons.lv\/et\/Prece\/brush-cover-for-mova-m1-vacuum-cleaner\/","title":{"rendered":"Brush cover for MOVA M1 vacuum cleaner"},"content":{"rendered":"<h3>Brush cover for MOVA M1 vacuum cleaner<\/h3>\n<p>The cover was designed for the MOVA M1 vacuum cleaner model. It is made of high-quality, wear-resistant materials to ensure long-lasting use. Thanks to the cover, the vacuum cleaner&#8217;s brush is better protected from damage and dirt, which translates into an extended service life. This practical accessory not only makes it easier to keep your home clean, but also protects your vacuum cleaner from premature wear.<\/p>\n<p>\n<img decoding=\"async\" alt=\"\" border=\"0\" src=\"https:\/\/assets.innpro.pl\/11890\/15482\/1.jpg\"\/>\n<\/p>\n<div class=\"table-wrapper\">\n<p>\u00a0<\/p>\n<h3><\/h3>\n<table>\n<tbody>\n<tr>\n<th>Manufacturer<\/th>\n<td>MOVA<\/td>\n<\/tr>\n<tr>\n<th>Manufacturer code<\/th>\n<td>RBG19<\/td>\n<\/tr>\n<tr>\n<th>Compatibility<\/th>\n<td>MOVA M1 vacuum cleaner<\/td>\n<\/tr>\n<\/tbody>\n<\/table>\n<\/div>","protected":false},"excerpt":{"rendered":"<p>Brush cover for MOVA M1 vacuum cleaner The cover was designed for the MOVA M1 vacuum cleaner model. It is made of high-quality, wear-resistant materials to ensure long-lasting use. Thanks to the cover, the vacuum cleaner&#8217;s brush is better protected from damage and dirt, which translates into an extended service life. This practical accessory not [&#8230;]\n","protected":false},"featured_media":99578,"comment_status":"open","ping_status":"closed","template":"","meta":[],"location":[19557,19558],"product_brand":[],"product_cat":[12609],"product_tag":[],"class_list":{"0":"post-80035","1":"product","2":"type-product","3":"status-publish","4":"has-post-thumbnail","6":"location-innpro_stock_location","7":"location-local_stock_location","8":"product_cat-spare-parts","10":"first","11":"instock","12":"sale","13":"taxable","14":"shipping-taxable","15":"purchasable","16":"product-type-simple"},"aioseo_notices":[],"locations":[{"id":19557,"name":"Pieg\u0101d\u0101t\u0101ja noliktav\u0101 (5-7d.d.)","slug":"innpro_stock_location","quantity":"42"},{"id":19558,"name":"R\u012bgas veikal\u0101 (0-2d.d.)","slug":"local_stock_location","quantity":"0"}],"_links":{"self":[{"href":"https:\/\/elektrons.lv\/et\/wp-json\/wp\/v2\/product\/80035","targetHints":{"allow":["GET"]}}],"collection":[{"href":"https:\/\/elektrons.lv\/et\/wp-json\/wp\/v2\/product"}],"about":[{"href":"https:\/\/elektrons.lv\/et\/wp-json\/wp\/v2\/types\/product"}],"replies":[{"embeddable":true,"href":"https:\/\/elektrons.lv\/et\/wp-json\/wp\/v2\/comments?post=80035"}],"wp:featuredmedia":[{"embeddable":true,"href":"https:\/\/elektrons.lv\/et\/wp-json\/wp\/v2\/media\/99578"}],"wp:attachment":[{"href":"https:\/\/elektrons.lv\/et\/wp-json\/wp\/v2\/media?parent=80035"}],"wp:term":[{"taxonomy":"location","embeddable":true,"href":"https:\/\/elektrons.lv\/et\/wp-json\/wp\/v2\/location?post=80035"},{"taxonomy":"product_brand","embeddable":true,"href":"https:\/\/elektrons.lv\/et\/wp-json\/wp\/v2\/product_brand?post=80035"},{"taxonomy":"product_cat","embeddable":true,"href":"https:\/\/elektrons.lv\/et\/wp-json\/wp\/v2\/product_cat?post=80035"},{"taxonomy":"product_tag","embeddable":true,"href":"https:\/\/elektrons.lv\/et\/wp-json\/wp\/v2\/product_tag?post=80035"}],"curies":[{"name":"wp","href":"https:\/\/api.w.org\/{rel}","templated":true}]}}