{"id":80404,"date":"2026-05-14T09:39:09","date_gmt":"2026-05-14T09:39:09","guid":{"rendered":"https:\/\/elektrons.lv\/Prece\/onikuma-l6-multimedia-gaming-speaker-with-bt5-0\/"},"modified":"2026-05-15T15:59:35","modified_gmt":"2026-05-15T13:59:35","slug":"onikuma-l6-multimedia-gaming-speaker-with-bt5-0","status":"publish","type":"product","link":"https:\/\/elektrons.lv\/et\/Prece\/onikuma-l6-multimedia-gaming-speaker-with-bt5-0\/","title":{"rendered":"ONIKUMA L6 Multimedia Gaming Speaker with BT5.0"},"content":{"rendered":"<h3>ONIKUMA L6 gaming speakers with BT5.0<\/h3>\n<p>The ONIKUMA L6 gaming speakers are the perfect choice for all gaming enthusiasts. With powerful full-range drivers, a total output of 10 watts, multi-color LED lighting and a variety of connectivity options, they deliver unparalleled audio quality and aesthetics. Enjoy full immersion into the world of gaming with sound that brings every scene to life.<\/p>\n<p>\n<img decoding=\"async\" border=\"0\" src=\"https:\/\/assets.innpro.pl\/6443\/7534\/1.jpg\"\/>\n<\/p>\n<h3>High-quality sound<\/h3>\n<p>The ONIKUMA L6 are equipped with two full-range speakers of 5 watts each to deliver crisp, top-quality surround sound. This makes everything sound realistic and dynamic, making your gaming experience even more exciting. Immerse yourself in the gameplay and feel the adrenaline!<\/p>\n<p>\n<img decoding=\"async\" border=\"0\" src=\"https:\/\/assets.innpro.pl\/6443\/7534\/2.jpg\"\/>\n<\/p>\n<h3>Multi-color LED backlighting<\/h3>\n<p>Turn up the atmosphere of your gameplay with colorful LED backlighting. The speakers offer six different RGB lighting modes, such as gradient, flowing and rotating lights, so you can customize them to your preferences and enjoy a fantastic visual effect. With ONIKUMA, your gaming setup will gain a new and unique character!<\/p>\n<p>\n<img decoding=\"async\" border=\"0\" src=\"https:\/\/assets.innpro.pl\/6443\/7534\/7.jpg\"\/>\n<\/p>\n<h3>Simple one-knob control<\/h3>\n<p>Controlling the ONIKUMA L6 speakers is extremely simple and intuitive &#8211; one knob is used for this purpose. With its help you can not only turn the equipment on or off, but also adjust the volume. Focus on the game without wasting time on complicated settings.<\/p>\n<p>\n<img decoding=\"async\" border=\"0\" src=\"https:\/\/assets.innpro.pl\/6443\/7534\/5.jpg\"\/>\n<\/p>\n<h3>Several connectivity options<\/h3>\n<p>The ONIKUMA L6 offers a wide range of connectivity options, including Bluetooth 5.0 for wireless convenience, a USB connector with sound card, and a classic 3.5mm AUX connector. Whether you&#8217;re using a computer, console, laptop or smartphone, you can always enjoy great sound.<\/p>\n<p>\n<img decoding=\"async\" border=\"0\" src=\"https:\/\/assets.innpro.pl\/6443\/7534\/4.jpg\"\/>\n<\/p>\n<div class=\"table-wrapper\">\n<p>\u00a0<\/p>\n<h3><\/h3>\n<table>\n<tbody>\n<tr>\n<th>Manufacturer<\/th>\n<td>ONIKUMA<\/td>\n<\/tr>\n<tr>\n<th>Model<\/th>\n<td>l6 speaker<\/td>\n<\/tr>\n<tr>\n<th>Color<\/th>\n<td>Black<\/td>\n<\/tr>\n<tr>\n<th>Connectivity<\/th>\n<td>Bluetooth 5.0, USB with sound card, AUX 3.5 mm<\/td>\n<\/tr>\n<tr>\n<th>Output power<\/th>\n<td>2x 5 W<\/td>\n<\/tr>\n<tr>\n<th>Backlighting<\/th>\n<td>RGB (6 modes to choose from)<\/td>\n<\/tr>\n<\/tbody>\n<\/table>\n<\/div>","protected":false},"excerpt":{"rendered":"<p>ONIKUMA L6 gaming speakers with BT5.0 The ONIKUMA L6 gaming speakers are the perfect choice for all gaming enthusiasts. With powerful full-range drivers, a total output of 10 watts, multi-color LED lighting and a variety of connectivity options, they deliver unparalleled audio quality and aesthetics. Enjoy full immersion into the world of gaming with sound [&#8230;]\n","protected":false},"featured_media":98382,"comment_status":"open","ping_status":"closed","template":"","meta":[],"location":[19557,19558],"product_brand":[],"product_cat":[12989],"product_tag":[],"class_list":{"0":"post-80404","1":"product","2":"type-product","3":"status-publish","4":"has-post-thumbnail","6":"location-innpro_stock_location","7":"location-local_stock_location","8":"product_cat-speakers","10":"first","11":"outofstock","12":"taxable","13":"shipping-taxable","14":"purchasable","15":"product-type-simple"},"aioseo_notices":[],"locations":[{"id":19557,"name":"Pieg\u0101d\u0101t\u0101ja noliktav\u0101 (5-7d.d.)","slug":"innpro_stock_location","quantity":"0"},{"id":19558,"name":"R\u012bgas veikal\u0101 (0-2d.d.)","slug":"local_stock_location","quantity":"0"}],"_links":{"self":[{"href":"https:\/\/elektrons.lv\/et\/wp-json\/wp\/v2\/product\/80404","targetHints":{"allow":["GET"]}}],"collection":[{"href":"https:\/\/elektrons.lv\/et\/wp-json\/wp\/v2\/product"}],"about":[{"href":"https:\/\/elektrons.lv\/et\/wp-json\/wp\/v2\/types\/product"}],"replies":[{"embeddable":true,"href":"https:\/\/elektrons.lv\/et\/wp-json\/wp\/v2\/comments?post=80404"}],"wp:featuredmedia":[{"embeddable":true,"href":"https:\/\/elektrons.lv\/et\/wp-json\/wp\/v2\/media\/98382"}],"wp:attachment":[{"href":"https:\/\/elektrons.lv\/et\/wp-json\/wp\/v2\/media?parent=80404"}],"wp:term":[{"taxonomy":"location","embeddable":true,"href":"https:\/\/elektrons.lv\/et\/wp-json\/wp\/v2\/location?post=80404"},{"taxonomy":"product_brand","embeddable":true,"href":"https:\/\/elektrons.lv\/et\/wp-json\/wp\/v2\/product_brand?post=80404"},{"taxonomy":"product_cat","embeddable":true,"href":"https:\/\/elektrons.lv\/et\/wp-json\/wp\/v2\/product_cat?post=80404"},{"taxonomy":"product_tag","embeddable":true,"href":"https:\/\/elektrons.lv\/et\/wp-json\/wp\/v2\/product_tag?post=80404"}],"curies":[{"name":"wp","href":"https:\/\/api.w.org\/{rel}","templated":true}]}}