{"id":80831,"date":"2026-05-14T09:40:07","date_gmt":"2026-05-14T09:40:07","guid":{"rendered":"https:\/\/elektrons.lv\/Prece\/softbox-neewer-65-cm\/"},"modified":"2026-05-15T16:03:43","modified_gmt":"2026-05-15T14:03:43","slug":"softbox-neewer-65-cm","status":"publish","type":"product","link":"https:\/\/elektrons.lv\/et\/Prece\/softbox-neewer-65-cm\/","title":{"rendered":"Softbox Neewer 65 cm"},"content":{"rendered":"<h3>Neewer 65 cm softbox<\/h3>\n<p>The Neewer softbox, with a diameter of 65 cm (26 inches), is an ideal tool for video makers, streamers and for interviews where even lighting is important. Thanks to its lantern-shaped design, it provides wide, balanced and shadow-free light with 360\u00b0 coverage, an advantage over traditional square or parabolic softboxes. Plus, thanks to the skirt with touch fasteners, you can precisely control the shape and direction of the light, adjusting the amount of light to suit your needs.<\/p>\n<p>\n<img decoding=\"async\" border=\"0\" src=\"https:\/\/assets.innpro.pl\/8855\/10369\/3.jpg\"\/>\n<\/p>\n<h3>Quick installation and removal<\/h3>\n<p>The product was designed with convenience in mind. Unlike traditional softboxes, it can be instantly unfolded and folded in one simple motion. It is also facilitated by an extended hook at the bottom of the design, which provides a quick and secure attachment. This is a solution that will save you time and simplify the lighting setup process.<\/p>\n<p>\n<img decoding=\"async\" border=\"0\" src=\"https:\/\/assets.innpro.pl\/8855\/10369\/7.jpg\"\/>\n<\/p>\n<h3><strong>Durability and excellent light quality<br \/><\/strong><\/h3>\n<p>The softbox is equipped with 12 durable ribs that give it excellent durability and an unchanging lantern shape, even after many years of use. Thanks to its high-quality reflective diffusers, the softbox enables realistic color rendition and light temperature, which is crucial for professional photography and filming.<\/p>\n<p>\n<img decoding=\"async\" border=\"0\" src=\"https:\/\/assets.innpro.pl\/8855\/10369\/6.jpg\"\/>\n<\/p>\n<h3><strong>Standard Bowens mount<br \/><\/strong><\/h3>\n<p>Equipped with a standard Bowens mount, the softbox is compatible with a wide range of LED and monolights, such as the Neewer CB60, CB100, CB150, CB60 RGB, and other devices with a Bowens mount. It&#8217;s a versatile solution for anyone who needs versatile lighting.<\/p>\n<p>\n<img decoding=\"async\" border=\"0\" src=\"https:\/\/assets.innpro.pl\/8855\/10369\/5.jpg\"\/>\n<\/p>\n<h3><strong>Easy to transport and store<br \/><\/strong><\/h3>\n<p>With a softbox weighing only 1.8 kg and folding down to a flat form factor of 65 cm in diameter, you can easily take your lighting anywhere. It also comes with a storage bag that makes it easy to transport and protects the softbox while traveling.<\/p>\n<p>\n<img decoding=\"async\" border=\"0\" src=\"https:\/\/assets.innpro.pl\/8855\/10369\/2.jpg\"\/>\n<\/p>\n<h3>Included<\/h3>\n<ul class=\"list-disc pl-5\">\n<li>Softbox with lantern 26&#8243;\/65 cm<\/li>\n<li>Skirt with touch fasteners<\/li>\n<li>Storage bag<\/li>\n<li>User manual<\/li>\n<\/ul>\n<div class=\"table-wrapper\">\n<p>\u00a0<\/p>\n<h3><\/h3>\n<table>\n<tbody>\n<tr>\n<th>Manufacturer<\/th>\n<td>Neewer<\/td>\n<\/tr>\n<tr>\n<th>Manufacturer code<\/th>\n<td>B0BNMSPHRQ<\/td>\n<\/tr>\n<tr>\n<th>Type:<\/th>\n<td>Lantern type softbox<\/td>\n<\/tr>\n<tr>\n<th>Diameter:<\/th>\n<td>65 cm (26 inches)<\/td>\n<\/tr>\n<tr>\n<th>Weight:<\/th>\n<td>1.8 kg<\/td>\n<\/tr>\n<tr>\n<th>Material:<\/th>\n<td>Nylon, aluminum<\/td>\n<\/tr>\n<tr>\n<th>Mounting:<\/th>\n<td>Bowens<\/td>\n<\/tr>\n<tr>\n<th>Product dimensions:<\/th>\n<td>65 cm x 65 cm x 56 cm<\/td>\n<\/tr>\n<\/tbody>\n<\/table>\n<\/div>","protected":false},"excerpt":{"rendered":"<p>Neewer 65 cm softbox The Neewer softbox, with a diameter of 65 cm (26 inches), is an ideal tool for video makers, streamers and for interviews where even lighting is important. Thanks to its lantern-shaped design, it provides wide, balanced and shadow-free light with 360\u00b0 coverage, an advantage over traditional square or parabolic softboxes. Plus, [&#8230;]\n","protected":false},"featured_media":97094,"comment_status":"open","ping_status":"closed","template":"","meta":[],"location":[19557,19558],"product_brand":[],"product_cat":[12138],"product_tag":[],"class_list":{"0":"post-80831","1":"product","2":"type-product","3":"status-publish","4":"has-post-thumbnail","6":"location-innpro_stock_location","7":"location-local_stock_location","8":"product_cat-softboxes","10":"first","11":"outofstock","12":"taxable","13":"shipping-taxable","14":"purchasable","15":"product-type-simple"},"aioseo_notices":[],"locations":[{"id":19557,"name":"Pieg\u0101d\u0101t\u0101ja noliktav\u0101 (5-7d.d.)","slug":"innpro_stock_location","quantity":"0"},{"id":19558,"name":"R\u012bgas veikal\u0101 (0-2d.d.)","slug":"local_stock_location","quantity":"0"}],"_links":{"self":[{"href":"https:\/\/elektrons.lv\/et\/wp-json\/wp\/v2\/product\/80831","targetHints":{"allow":["GET"]}}],"collection":[{"href":"https:\/\/elektrons.lv\/et\/wp-json\/wp\/v2\/product"}],"about":[{"href":"https:\/\/elektrons.lv\/et\/wp-json\/wp\/v2\/types\/product"}],"replies":[{"embeddable":true,"href":"https:\/\/elektrons.lv\/et\/wp-json\/wp\/v2\/comments?post=80831"}],"wp:featuredmedia":[{"embeddable":true,"href":"https:\/\/elektrons.lv\/et\/wp-json\/wp\/v2\/media\/97094"}],"wp:attachment":[{"href":"https:\/\/elektrons.lv\/et\/wp-json\/wp\/v2\/media?parent=80831"}],"wp:term":[{"taxonomy":"location","embeddable":true,"href":"https:\/\/elektrons.lv\/et\/wp-json\/wp\/v2\/location?post=80831"},{"taxonomy":"product_brand","embeddable":true,"href":"https:\/\/elektrons.lv\/et\/wp-json\/wp\/v2\/product_brand?post=80831"},{"taxonomy":"product_cat","embeddable":true,"href":"https:\/\/elektrons.lv\/et\/wp-json\/wp\/v2\/product_cat?post=80831"},{"taxonomy":"product_tag","embeddable":true,"href":"https:\/\/elektrons.lv\/et\/wp-json\/wp\/v2\/product_tag?post=80831"}],"curies":[{"name":"wp","href":"https:\/\/api.w.org\/{rel}","templated":true}]}}