{"id":81643,"date":"2026-05-14T09:41:45","date_gmt":"2026-05-14T09:41:45","guid":{"rendered":"https:\/\/elektrons.lv\/Prece\/baseus-enjoyment-max-car-charger-with-usb-clightning-cables-and-usb-ausb-c-ports-90w-black\/"},"modified":"2026-05-15T16:17:06","modified_gmt":"2026-05-15T14:17:06","slug":"baseus-enjoyment-max-car-charger-with-usb-clightning-cables-and-usb-ausb-c-ports-90w-black","status":"publish","type":"product","link":"https:\/\/elektrons.lv\/et\/Prece\/baseus-enjoyment-max-car-charger-with-usb-clightning-cables-and-usb-ausb-c-ports-90w-black\/","title":{"rendered":"Baseus Enjoyment Max car charger with USB-C+Lightning cables and USB-A+USB-C ports 90W Black"},"content":{"rendered":"<h3>Baseus C+L &#038; U+C Port 90W Car Charger (black)<\/h3>\n<p>The Baseus car charger with two built-in cables (USB-C and Lightning) and two additional ports (USB-C and USB-A) allows you to charge up to four devices simultaneously with a total power of up to 90 watts. The integrated safety system, swivel design and 12-24 volt compatibility ensure reliability in any vehicle.<\/p>\n<p>\n<img decoding=\"async\" alt=\"\" border=\"0\" src=\"https:\/\/assets.innpro.pl\/15738\/19802\/4.jpg\"\/>\n<\/p>\n<h3>Swivel design<\/h3>\n<p>The 180\u00b0 mechanism used allows you to conveniently position the charger at any angle without tangled wires. Dual 80 cm long cables automatically retract for easy organization of space in the car.<\/p>\n<p>\n<img decoding=\"async\" alt=\"\" border=\"0\" src=\"https:\/\/assets.innpro.pl\/15738\/19802\/1.jpg\"\/>\n<\/p>\n<h3>Fast charging<\/h3>\n<p>The charger offers up to 30 watts of power per cable (USB-C and Lightning). Additional USB-C and USB-A ports also support fast charging &#8211; up to 30 watts each. Support for PD, QC, SCP and AFC protocols ensures broad compatibility with many devices.<\/p>\n<p>\n<img decoding=\"async\" alt=\"\" border=\"0\" src=\"https:\/\/assets.innpro.pl\/15738\/19802\/2.jpg\"\/>\n<\/p>\n<h3>Safety in all conditions<\/h3>\n<p>A temperature control system ensures that the device does not get hot while charging. The charger also provides protection against overvoltage, overload, short circuit and over-discharge.<\/p>\n<p>\n<img decoding=\"async\" alt=\"\" border=\"0\" src=\"https:\/\/assets.innpro.pl\/15738\/19802\/3.jpg\"\/>\n<\/p>\n<h3>Stability even on a bumpy road<\/h3>\n<p>Spring-loaded handles on the sides of the charger guarantee a secure fit in the cigarette lighter socket. Whether you&#8217;re navigating bumps, speed bumps, or braking suddenly &#8211; the charger remains stable and won&#8217;t interrupt charging.<\/p>\n<p>\n<img decoding=\"async\" alt=\"\" border=\"0\" src=\"https:\/\/assets.innpro.pl\/15738\/19802\/5.jpg\"\/>\n<\/p>\n<h3>Ready for any trip<\/h3>\n<p>The Baseus device works with a voltage range of 12-24 volts, so it fits cars, SUVs and trucks. At night, subtle LED backlighting makes it easy to find the charger and use it without having to turn on additional lights.<\/p>\n<p>\n<img decoding=\"async\" alt=\"\" border=\"0\" src=\"https:\/\/assets.innpro.pl\/15738\/19802\/6.jpg\"\/>\n<\/p>\n<div class=\"table-wrapper\">\n<p>\u00a0<\/p>\n<h3><\/h3>\n<table>\n<tbody>\n<tr>\n<th>Manufacturer<\/th>\n<td>Baseus<\/td>\n<\/tr>\n<tr>\n<th>Manufacturer code<\/th>\n<td>C00035507121-02<\/td>\n<\/tr>\n<tr>\n<th>Color<\/th>\n<td>Black<\/td>\n<\/tr>\n<tr>\n<th>Material<\/th>\n<td>PC<\/td>\n<\/tr>\n<tr>\n<th>Input<\/th>\n<td>DC 12-24V, max. 10A<\/td>\n<\/tr>\n<tr>\n<th>USB-C1 cable output<\/th>\n<td>5V\u23933A; 9V\u23933A; 12V\u23932.5A; 15V\u23932.0A; 20V\u23931.5A; 30W max.<\/td>\n<\/tr>\n<tr>\n<th>Lightning cable output<\/th>\n<td>5V\u23933A; 9V\u23933A; 12V\u23932.5A; max. 30W<\/td>\n<\/tr>\n<tr>\n<th>USB-C2 port output<\/th>\n<td>5V\u23933A; 9V\u23933A; 12V\u23932.5A; max. 30W<\/td>\n<\/tr>\n<tr>\n<th>USB-A port output<\/th>\n<td>5V\u23933A; 9V\u23933A; 10V\u23932.25A; 12V\u23932.5A; max. 30W<\/td>\n<\/tr>\n<tr>\n<th>Total output power (USB-C1 cable + Lightning cable + USB-C2 port)<\/th>\n<td>30 W + 30 W + 30 W<\/td>\n<\/tr>\n<tr>\n<th>Total output power (USB-C1 cable + Lightning cable + USB-A port)<\/th>\n<td>30 W + 30 W + 17 W<\/td>\n<\/tr>\n<tr>\n<th>Total output power<\/th>\n<td>Max 90 watt<\/td>\n<\/tr>\n<\/tbody>\n<\/table>\n<\/div>","protected":false},"excerpt":{"rendered":"<p>Baseus C+L &#038; U+C Port 90W Car Charger (black) The Baseus car charger with two built-in cables (USB-C and Lightning) and two additional ports (USB-C and USB-A) allows you to charge up to four devices simultaneously with a total power of up to 90 watts. The integrated safety system, swivel design and 12-24 volt compatibility [&#8230;]\n","protected":false},"featured_media":94310,"comment_status":"open","ping_status":"closed","template":"","meta":[],"location":[19557,19558],"product_brand":[],"product_cat":[12041],"product_tag":[],"class_list":{"0":"post-81643","1":"product","2":"type-product","3":"status-publish","4":"has-post-thumbnail","6":"location-innpro_stock_location","7":"location-local_stock_location","8":"product_cat-car-chargers","10":"first","11":"instock","12":"sale","13":"taxable","14":"shipping-taxable","15":"purchasable","16":"product-type-simple"},"aioseo_notices":[],"locations":[{"id":19557,"name":"Pieg\u0101d\u0101t\u0101ja noliktav\u0101 (5-7d.d.)","slug":"innpro_stock_location","quantity":"28"},{"id":19558,"name":"R\u012bgas veikal\u0101 (0-2d.d.)","slug":"local_stock_location","quantity":"0"}],"_links":{"self":[{"href":"https:\/\/elektrons.lv\/et\/wp-json\/wp\/v2\/product\/81643","targetHints":{"allow":["GET"]}}],"collection":[{"href":"https:\/\/elektrons.lv\/et\/wp-json\/wp\/v2\/product"}],"about":[{"href":"https:\/\/elektrons.lv\/et\/wp-json\/wp\/v2\/types\/product"}],"replies":[{"embeddable":true,"href":"https:\/\/elektrons.lv\/et\/wp-json\/wp\/v2\/comments?post=81643"}],"wp:featuredmedia":[{"embeddable":true,"href":"https:\/\/elektrons.lv\/et\/wp-json\/wp\/v2\/media\/94310"}],"wp:attachment":[{"href":"https:\/\/elektrons.lv\/et\/wp-json\/wp\/v2\/media?parent=81643"}],"wp:term":[{"taxonomy":"location","embeddable":true,"href":"https:\/\/elektrons.lv\/et\/wp-json\/wp\/v2\/location?post=81643"},{"taxonomy":"product_brand","embeddable":true,"href":"https:\/\/elektrons.lv\/et\/wp-json\/wp\/v2\/product_brand?post=81643"},{"taxonomy":"product_cat","embeddable":true,"href":"https:\/\/elektrons.lv\/et\/wp-json\/wp\/v2\/product_cat?post=81643"},{"taxonomy":"product_tag","embeddable":true,"href":"https:\/\/elektrons.lv\/et\/wp-json\/wp\/v2\/product_tag?post=81643"}],"curies":[{"name":"wp","href":"https:\/\/api.w.org\/{rel}","templated":true}]}}