{"id":81723,"date":"2026-05-14T09:41:55","date_gmt":"2026-05-14T09:41:55","guid":{"rendered":"https:\/\/elektrons.lv\/Prece\/gamesir-t4n-lite-nova-wireless-controller-gray\/"},"modified":"2026-05-15T17:02:51","modified_gmt":"2026-05-15T15:02:51","slug":"gamesir-t4n-lite-nova-wireless-controller-gray","status":"publish","type":"product","link":"https:\/\/elektrons.lv\/et\/Prece\/gamesir-t4n-lite-nova-wireless-controller-gray\/","title":{"rendered":"GameSir T4n Lite Nova Wireless Controller (gray)"},"content":{"rendered":"<h3>GameSir T4n Lite Nova Wireless Controller (gray)<\/h3>\n<p>GameSir T4n Nova is a versatile wireless controller that works with multiple platforms such as Nintendo Switch, Android, iOS, PC and Steam. With three connection modes &#8211; Bluetooth, 2.4 GHz and wired &#8211; you can count on a stable connection and minimal latency, regardless of the device you&#8217;re playing on.<\/p>\n<p>\n<img decoding=\"async\" alt=\"\" border=\"0\" src=\"https:\/\/assets.innpro.pl\/13223\/16220\/4.jpg\"\/>\n<\/p>\n<h3>Precise control and fast response<\/h3>\n<p>The controller is equipped with state-of-the-art Hall Effect sticks, which eliminate the problem of drift and guarantee exceptional precision of movements. The high-speed hair trigger lets you react instantly, which is crucial in dynamic games. In addition, vibrating motors in the grips provide a realistic gaming experience.<\/p>\n<p>\n<img decoding=\"async\" alt=\"\" border=\"0\" src=\"https:\/\/assets.innpro.pl\/13223\/16220\/6.jpg\"\/>\n<\/p>\n<h3>Powerful battery and ergonomic design<\/h3>\n<p>The built-in 1,200 mAh battery allows long hours of gaming without the need for frequent charging. Programmable rear buttons allow you to customize the controller, while the compact 155 x 104 x 61 mm dimensions and lightweight 217 g design make the device fit comfortably in your hands. The gray design adds a modern touch, combining style with functionality.<\/p>\n<p>\n<img decoding=\"async\" alt=\"\" border=\"0\" src=\"https:\/\/assets.innpro.pl\/13223\/16220\/9.jpg\"\/>\n<\/p>\n<h3>Included<\/h3>\n<ul class=\"list-disc pl-5\">\n<li>Nova *1<\/li>\n<li>1m type C cable *1<\/li>\n<li>User manual *1<\/li>\n<li>Acknowledgements and after-sales service card *1<\/li>\n<li>Certificate*1<\/li>\n<\/ul>\n<div class=\"table-wrapper\">\n<p>\u00a0<\/p>\n<h3><\/h3>\n<table>\n<tbody>\n<tr>\n<th>Manufacturer<\/th>\n<td>GameSir<\/td>\n<\/tr>\n<tr>\n<th>Model<\/th>\n<td>t4n lite grey<\/td>\n<\/tr>\n<tr>\n<th>Running platforms<\/th>\n<td>Switch, Android, iOS, PC, Steam<\/td>\n<\/tr>\n<tr>\n<th>Connectivity<\/th>\n<td>Bluetooth, 2.4 GHz and wired connection<\/td>\n<\/tr>\n<tr>\n<th>ABXY buttons<\/th>\n<td>Membrane<\/td>\n<\/tr>\n<tr>\n<th>Hall effect sticks<\/th>\n<td>Yes<\/td>\n<\/tr>\n<tr>\n<th>Analog triggers<\/th>\n<td>No, hair trigger for faster response<\/td>\n<\/tr>\n<tr>\n<th>Rumble motors<\/th>\n<td>Yes, one in each grip<\/td>\n<\/tr>\n<tr>\n<th>Rear buttons<\/th>\n<td>Yes, 2 customizable rear buttons<\/td>\n<\/tr>\n<tr>\n<th>Rechargeable battery<\/th>\n<td>1200mAh<\/td>\n<\/tr>\n<tr>\n<th>Product size<\/th>\n<td>155*104*61 mm<\/td>\n<\/tr>\n<tr>\n<th>Net weight<\/th>\n<td>217g<\/td>\n<\/tr>\n<\/tbody>\n<\/table>\n<\/div>","protected":false},"excerpt":{"rendered":"<p>GameSir T4n Lite Nova Wireless Controller (gray) GameSir T4n Nova is a versatile wireless controller that works with multiple platforms such as Nintendo Switch, Android, iOS, PC and Steam. With three connection modes &#8211; Bluetooth, 2.4 GHz and wired &#8211; you can count on a stable connection and minimal latency, regardless of the device you&#8217;re [&#8230;]\n","protected":false},"featured_media":94006,"comment_status":"open","ping_status":"closed","template":"","meta":[],"location":[19557,19558],"product_brand":[],"product_cat":[12300],"product_tag":[],"class_list":{"0":"post-81723","1":"product","2":"type-product","3":"status-publish","4":"has-post-thumbnail","6":"location-innpro_stock_location","7":"location-local_stock_location","8":"product_cat-gaming-controllers","10":"first","11":"instock","12":"sale","13":"taxable","14":"shipping-taxable","15":"purchasable","16":"product-type-simple"},"aioseo_notices":[],"locations":[{"id":19557,"name":"Pieg\u0101d\u0101t\u0101ja noliktav\u0101 (5-7d.d.)","slug":"innpro_stock_location","quantity":"733"},{"id":19558,"name":"R\u012bgas veikal\u0101 (0-2d.d.)","slug":"local_stock_location","quantity":"0"}],"_links":{"self":[{"href":"https:\/\/elektrons.lv\/et\/wp-json\/wp\/v2\/product\/81723","targetHints":{"allow":["GET"]}}],"collection":[{"href":"https:\/\/elektrons.lv\/et\/wp-json\/wp\/v2\/product"}],"about":[{"href":"https:\/\/elektrons.lv\/et\/wp-json\/wp\/v2\/types\/product"}],"replies":[{"embeddable":true,"href":"https:\/\/elektrons.lv\/et\/wp-json\/wp\/v2\/comments?post=81723"}],"wp:featuredmedia":[{"embeddable":true,"href":"https:\/\/elektrons.lv\/et\/wp-json\/wp\/v2\/media\/94006"}],"wp:attachment":[{"href":"https:\/\/elektrons.lv\/et\/wp-json\/wp\/v2\/media?parent=81723"}],"wp:term":[{"taxonomy":"location","embeddable":true,"href":"https:\/\/elektrons.lv\/et\/wp-json\/wp\/v2\/location?post=81723"},{"taxonomy":"product_brand","embeddable":true,"href":"https:\/\/elektrons.lv\/et\/wp-json\/wp\/v2\/product_brand?post=81723"},{"taxonomy":"product_cat","embeddable":true,"href":"https:\/\/elektrons.lv\/et\/wp-json\/wp\/v2\/product_cat?post=81723"},{"taxonomy":"product_tag","embeddable":true,"href":"https:\/\/elektrons.lv\/et\/wp-json\/wp\/v2\/product_tag?post=81723"}],"curies":[{"name":"wp","href":"https:\/\/api.w.org\/{rel}","templated":true}]}}