{"id":82196,"date":"2026-05-14T09:42:52","date_gmt":"2026-05-14T09:42:52","guid":{"rendered":"https:\/\/elektrons.lv\/Prece\/ecoflow-wave-3-battery\/"},"modified":"2026-05-15T16:00:38","modified_gmt":"2026-05-15T14:00:38","slug":"ecoflow-wave-3-battery","status":"publish","type":"product","link":"https:\/\/elektrons.lv\/et\/Prece\/ecoflow-wave-3-battery\/","title":{"rendered":"EcoFlow Wave 3 battery"},"content":{"rendered":"<h3>Battery for EcoFlow Wave 3<\/h3>\n<p>An additional battery for the EcoFlow WAVE 3 air conditioner allows you to use it also where you don&#8217;t have access to electricity. With a capacity of 1024 Wh, the product provides 2 to 8 hours of wireless operation &#8211; depending on conditions and settings. This is ideal for use while camping, in an RV, tent or yacht!<\/p>\n<p>\n<img decoding=\"async\" alt=\"\" border=\"0\" src=\"https:\/\/assets.innpro.pl\/16064\/20266\/3.jpg\"\/>\n<\/p>\n<h3>Powerful LFP battery with long life<\/h3>\n<p>The battery uses lithium-iron-phosphate (LFP) cells, which are characterized by very high durability and stability. As a result, its lifespan reaches up to 4,000 charging cycles (after which it retains about 80% of its original capacity), which translates into up to 10 years of daily use.<\/p>\n<p>\n<img decoding=\"async\" alt=\"\" border=\"0\" src=\"https:\/\/assets.innpro.pl\/16064\/20266\/4.jpg\"\/>\n<\/p>\n<h3>Different ways of charging &#8211; at home and on the go<\/h3>\n<p>The battery offers a wide range of charging options: from a power outlet, from a car cigarette lighter socket, using photovoltaic panels (up to 400 watts) or from the vehicle&#8217;s alternator (using the EcoFlow Alternator Charger 400 W \/ 800 W). So you can easily charge it in different conditions &#8211; both at home and while traveling! What&#8217;s more, the combination of photovoltaic panels and AC outlet allows you to fully charge the battery in just about 75 minutes.<\/p>\n<p>\n<img decoding=\"async\" alt=\"\" border=\"0\" src=\"https:\/\/assets.innpro.pl\/16064\/20266\/1.jpg\"\/>\n<\/p>\n<h3>Thoughtful design and IP65 rating<\/h3>\n<p>The battery weighs about 9.7 kg, and its dimensions are 51.6 \u00d7 28.1 \u00d7 11.1 cm. This makes it very easy to transport and store. In addition, its IP65 rating makes it resistant to dust and water, so it is very well suited for use in varied field conditions. You can use it in the garden or on a camping trip in the mountains without any worries!<\/p>\n<p>\n<img decoding=\"async\" alt=\"\" border=\"0\" src=\"https:\/\/assets.innpro.pl\/16064\/20266\/2.jpg\"\/>\n<\/p>\n<div class=\"table-wrapper\">\n<p>\u00a0<\/p>\n<h3><\/h3>\n<table>\n<tbody>\n<tr>\n<th>Manufacturer<\/th>\n<td>EcoFlow<\/td>\n<\/tr>\n<tr>\n<th>Name<\/th>\n<td>WAVE 3 Add-on Battery<\/td>\n<\/tr>\n<tr>\n<th>Model<\/th>\n<td>EFWAVE3-EB<\/td>\n<\/tr>\n<tr>\n<th>Dimensions<\/th>\n<td>51.6 \u00d7 28.1 \u00d7 11.1 cm<\/td>\n<\/tr>\n<tr>\n<th>Weight<\/th>\n<td>Approximately 9.7 kg<\/td>\n<\/tr>\n<tr>\n<th>Capacity<\/th>\n<td>1024 Wh, 51.2 V, 20 Ah<\/td>\n<\/tr>\n<tr>\n<th>Cell type<\/th>\n<td>LFP (lithium-iron-phosphate)<\/td>\n<\/tr>\n<tr>\n<th>Lifetime<\/th>\n<td>Approximately 80% capacity after 4,000 charging cycles<\/td>\n<\/tr>\n<tr>\n<th>Max. input power<\/th>\n<td>1000 W<\/td>\n<\/tr>\n<tr>\n<th>Charging from cigarette lighter socket<\/th>\n<td>12 V \/ 24 V, 8 A max, 200 W max.<\/td>\n<\/tr>\n<tr>\n<th>Charging with photovoltaic panels<\/th>\n<td>11-60 V, 13 A max, 400 W max.<\/td>\n<\/tr>\n<tr>\n<th>Max. output power<\/th>\n<td>858 W<\/td>\n<\/tr>\n<tr>\n<th>USB-A output<\/th>\n<td>5\/9\/12 V, 2.4\/2\/1.5 A, 18 W max.<\/td>\n<\/tr>\n<tr>\n<th>USB-C output<\/th>\n<td>5\/9\/12\/15 V \u2393 3 A max; 20\/28 V \u2393 5 A max, 140 W max.<\/td>\n<\/tr>\n<tr>\n<th>Charging temperature<\/th>\n<td>0\u00b0C to 45\u00b0C<\/td>\n<\/tr>\n<tr>\n<th>Discharge temperature<\/th>\n<td>From -10\u00b0C to 50\u00b0C<\/td>\n<\/tr>\n<tr>\n<th>Protection class<\/th>\n<td>IP65<\/td>\n<\/tr>\n<\/tbody>\n<\/table>\n<\/div>","protected":false},"excerpt":{"rendered":"<p>Battery for EcoFlow Wave 3 An additional battery for the EcoFlow WAVE 3 air conditioner allows you to use it also where you don&#8217;t have access to electricity. With a capacity of 1024 Wh, the product provides 2 to 8 hours of wireless operation &#8211; depending on conditions and settings. This is ideal for use [&#8230;]\n","protected":false},"featured_media":92296,"comment_status":"open","ping_status":"closed","template":"","meta":[],"location":[19557,19558],"product_brand":[],"product_cat":[16809],"product_tag":[],"class_list":{"0":"post-82196","1":"product","2":"type-product","3":"status-publish","4":"has-post-thumbnail","6":"location-innpro_stock_location","7":"location-local_stock_location","8":"product_cat-camping","10":"first","11":"instock","12":"taxable","13":"shipping-taxable","14":"purchasable","15":"product-type-simple"},"aioseo_notices":[],"locations":[{"id":19557,"name":"Pieg\u0101d\u0101t\u0101ja noliktav\u0101 (5-7d.d.)","slug":"innpro_stock_location","quantity":"46"},{"id":19558,"name":"R\u012bgas veikal\u0101 (0-2d.d.)","slug":"local_stock_location","quantity":"0"}],"_links":{"self":[{"href":"https:\/\/elektrons.lv\/et\/wp-json\/wp\/v2\/product\/82196","targetHints":{"allow":["GET"]}}],"collection":[{"href":"https:\/\/elektrons.lv\/et\/wp-json\/wp\/v2\/product"}],"about":[{"href":"https:\/\/elektrons.lv\/et\/wp-json\/wp\/v2\/types\/product"}],"replies":[{"embeddable":true,"href":"https:\/\/elektrons.lv\/et\/wp-json\/wp\/v2\/comments?post=82196"}],"wp:featuredmedia":[{"embeddable":true,"href":"https:\/\/elektrons.lv\/et\/wp-json\/wp\/v2\/media\/92296"}],"wp:attachment":[{"href":"https:\/\/elektrons.lv\/et\/wp-json\/wp\/v2\/media?parent=82196"}],"wp:term":[{"taxonomy":"location","embeddable":true,"href":"https:\/\/elektrons.lv\/et\/wp-json\/wp\/v2\/location?post=82196"},{"taxonomy":"product_brand","embeddable":true,"href":"https:\/\/elektrons.lv\/et\/wp-json\/wp\/v2\/product_brand?post=82196"},{"taxonomy":"product_cat","embeddable":true,"href":"https:\/\/elektrons.lv\/et\/wp-json\/wp\/v2\/product_cat?post=82196"},{"taxonomy":"product_tag","embeddable":true,"href":"https:\/\/elektrons.lv\/et\/wp-json\/wp\/v2\/product_tag?post=82196"}],"curies":[{"name":"wp","href":"https:\/\/api.w.org\/{rel}","templated":true}]}}