{"id":82606,"date":"2026-05-14T09:43:43","date_gmt":"2026-05-14T09:43:43","guid":{"rendered":"https:\/\/elektrons.lv\/Prece\/lexar-rw540-microsd-express-memory-card-reader\/"},"modified":"2026-05-15T16:51:41","modified_gmt":"2026-05-15T14:51:41","slug":"lexar-rw540-microsd-express-memory-card-reader","status":"publish","type":"product","link":"https:\/\/elektrons.lv\/et\/Prece\/lexar-rw540-microsd-express-memory-card-reader\/","title":{"rendered":"Lexar RW540 microSD Express memory card reader"},"content":{"rendered":"<h3>Lexar RW540 microSD Express Memory Card Reader<\/h3>\n<p>The Lexar RW540 microSDXC\u2122 (micro Secure Digital eXtended Capacity) Express Card Reader is the solution for users who want the highest performance from microSD Express cards. Thanks to its USB 3.2 Gen 2 (Universal Serial Bus 3.2 Generation 2, the second generation of the high-speed data transfer standard) interface and support for microSD Express cards, the device can read data at speeds of up to 900 MB\/s, speeding up material transfer by up to four times compared to standard readers. Such speed will prove useful for, among other things, transferring high-definition video files or large graphics projects.<\/p>\n<p>\n<img decoding=\"async\" alt=\"Zbli\u017cenie na r\u0119k\u0119 wk\u0142adaj\u0105c\u0105 kart\u0119 do czytnika\" border=\"0\" src=\"https:\/\/assets.innpro.pl\/17687\/23451\/2.jpg\"\/>\n<\/p>\n<h3>Resilience, cooling and full compatibility<\/h3>\n<p>The built-in fan allows efficient heat dissipation and lowers the device&#8217;s temperature by up to 19\u00b0C, allowing it to maintain maximum performance during prolonged operation. A housing made of PC (Polycarbonate, a polycarbonate material), ABS (Acrylonitrile Butadiene Styrene, a high-resistance plastic) and silicone increases resistance to mechanical damage, and the included USB-C (Universal Serial Bus Type C, a universal connector for data and power) cable with USB-A (Universal Serial Bus Type A, a classic USB connector) adapter ensures compatibility with a wide range of devices.<\/p>\n<p>\n<img decoding=\"async\" alt=\"Dwa czytniki kart Lexar, jeden stoj\u0105cy pionowo z logo, drugi poziomo z widocznym portem USB-C, na czerwono-czarnym tle\" border=\"0\" src=\"https:\/\/assets.innpro.pl\/17687\/23451\/1.jpg\"\/>\n<\/p>\n<h3>Ready for operation as soon as you plug it in<\/h3>\n<p>The Lexar RW540 reader supports Windows 8\/10\/11 and macOS 15.1 and 14.7.2, offering plug-and-play functionality with no driver installation required. The compact form factor and low weight (67.6g) make it easy to transport and use anywhere. The device works with UHS-I (Ultra High Speed I, the first generation of the ultra-high speed data transfer standard) and UHS-II (Ultra High Speed II, the second generation of the ultra-high speed data transfer standard) microSD cards at speeds of up to 104 MB\/s, reducing the need for multiple readers.<\/p>\n<p>\n<img decoding=\"async\" alt=\"Czytnik kart Lexar pod\u0142\u0105czony przewodem USB-C do laptopa, le\u017c\u0105cy na czarnym biurku obok kontrolera do konsoli\" border=\"0\" src=\"https:\/\/assets.innpro.pl\/17687\/23451\/6.jpg\"\/>\n<\/p>\n<div class=\"table-wrapper\">\n<p>\u00a0<\/p>\n<h3><\/h3>\n<table>\n<tbody>\n<tr>\n<th>Manufacturer<\/th>\n<td>Lexar<\/td>\n<\/tr>\n<tr>\n<th>Model<\/th>\n<td>LRW540U-RNHNG<\/td>\n<\/tr>\n<tr>\n<th>Interface type<\/th>\n<td>USB 3.2 Gen 2<\/td>\n<\/tr>\n<tr>\n<th>Connectors<\/th>\n<td>USB-C and USB-A<\/td>\n<\/tr>\n<tr>\n<th>Read speed<\/th>\n<td>Up to 900 MB\/s (with microSD Express card)<\/td>\n<\/tr>\n<tr>\n<th>Supported systems<\/th>\n<td>Windows\u00ae 8\/10\/11, macOS 15.1\/14.7.2<\/td>\n<\/tr>\n<tr>\n<th>Operating temperature<\/th>\n<td>0\u00b0C to 40\u00b0C<\/td>\n<\/tr>\n<tr>\n<th>Storage temperature<\/th>\n<td>-25\u00b0C to 85\u00b0C<\/td>\n<\/tr>\n<tr>\n<th>Dimensions<\/th>\n<td>71.50 \u00d7 41.00 \u00d7 20.80 mm<\/td>\n<\/tr>\n<tr>\n<th>Weight<\/th>\n<td>67,6 g<\/td>\n<\/tr>\n<tr>\n<th>Accessories<\/th>\n<td>Built-in USB-C cable, USB-C to USB-A adapter<\/td>\n<\/tr>\n<tr>\n<th>Additional features<\/th>\n<td>Built-in cooling fan, support for UHS-I and UHS-II microSD cards<\/td>\n<\/tr>\n<\/tbody>\n<\/table>\n<\/div>","protected":false},"excerpt":{"rendered":"<p>Lexar RW540 microSD Express Memory Card Reader The Lexar RW540 microSDXC\u2122 (micro Secure Digital eXtended Capacity) Express Card Reader is the solution for users who want the highest performance from microSD Express cards. Thanks to its USB 3.2 Gen 2 (Universal Serial Bus 3.2 Generation 2, the second generation of the high-speed data transfer standard) [&#8230;]\n","protected":false},"featured_media":90987,"comment_status":"open","ping_status":"closed","template":"","meta":[],"location":[19557,19558],"product_brand":[],"product_cat":[13283],"product_tag":[],"class_list":{"0":"post-82606","1":"product","2":"type-product","3":"status-publish","4":"has-post-thumbnail","6":"location-innpro_stock_location","7":"location-local_stock_location","8":"product_cat-card-readers","10":"first","11":"instock","12":"taxable","13":"shipping-taxable","14":"purchasable","15":"product-type-simple"},"aioseo_notices":[],"locations":[{"id":19557,"name":"Pieg\u0101d\u0101t\u0101ja noliktav\u0101 (5-7d.d.)","slug":"innpro_stock_location","quantity":"11"},{"id":19558,"name":"R\u012bgas veikal\u0101 (0-2d.d.)","slug":"local_stock_location","quantity":"0"}],"_links":{"self":[{"href":"https:\/\/elektrons.lv\/et\/wp-json\/wp\/v2\/product\/82606","targetHints":{"allow":["GET"]}}],"collection":[{"href":"https:\/\/elektrons.lv\/et\/wp-json\/wp\/v2\/product"}],"about":[{"href":"https:\/\/elektrons.lv\/et\/wp-json\/wp\/v2\/types\/product"}],"replies":[{"embeddable":true,"href":"https:\/\/elektrons.lv\/et\/wp-json\/wp\/v2\/comments?post=82606"}],"wp:featuredmedia":[{"embeddable":true,"href":"https:\/\/elektrons.lv\/et\/wp-json\/wp\/v2\/media\/90987"}],"wp:attachment":[{"href":"https:\/\/elektrons.lv\/et\/wp-json\/wp\/v2\/media?parent=82606"}],"wp:term":[{"taxonomy":"location","embeddable":true,"href":"https:\/\/elektrons.lv\/et\/wp-json\/wp\/v2\/location?post=82606"},{"taxonomy":"product_brand","embeddable":true,"href":"https:\/\/elektrons.lv\/et\/wp-json\/wp\/v2\/product_brand?post=82606"},{"taxonomy":"product_cat","embeddable":true,"href":"https:\/\/elektrons.lv\/et\/wp-json\/wp\/v2\/product_cat?post=82606"},{"taxonomy":"product_tag","embeddable":true,"href":"https:\/\/elektrons.lv\/et\/wp-json\/wp\/v2\/product_tag?post=82606"}],"curies":[{"name":"wp","href":"https:\/\/api.w.org\/{rel}","templated":true}]}}