{"id":82642,"date":"2026-05-14T09:43:48","date_gmt":"2026-05-14T09:43:48","guid":{"rendered":"https:\/\/elektrons.lv\/Prece\/iseasy-li2v-15-unplugged-induction-hob\/"},"modified":"2026-05-15T16:10:44","modified_gmt":"2026-05-15T14:10:44","slug":"iseasy-li2v-15-unplugged-induction-hob","status":"publish","type":"product","link":"https:\/\/elektrons.lv\/et\/Prece\/iseasy-li2v-15-unplugged-induction-hob\/","title":{"rendered":"IsEasy LI2V-15 unplugged induction hob"},"content":{"rendered":"<h3>IsEasy LI2V-15 unplugged induction cooktop<\/h3>\n<p>The IsEasy LI2V-15 is a modern 3,400-watt induction cooktop that allows you to cook anywhere on the cooking field. This allows you to use different sizes and shapes of cookware, preparing meals conveniently and efficiently. It&#8217;s ideal for everyday cooking and culinary experiments.<\/p>\n<p>\n<img decoding=\"async\" alt=\"Blue-gray saucepan with wooden handle stands on black induction hob on white kitchen countertop.\" border=\"0\" src=\"https:\/\/assets.innpro.pl\/17797\/23623\/1.jpg\"\/>\n<\/p>\n<h3>Flex Zone function<\/h3>\n<p>The flexible cooking zone allows you to position your cookware in different positions, maintaining even heating. It will work well with small pots as well as large pans or baking pans.<\/p>\n<p>\n<img decoding=\"async\" alt=\"Built-in black induction hob in white kitchen countertop next to a plate with grilled salmon and fries\" border=\"0\" src=\"https:\/\/assets.innpro.pl\/17797\/23623\/5.jpg\"\/>\n<\/p>\n<h3>Precise power adjustment<\/h3>\n<p>With 9 power levels, you can adjust the heating intensity to the type of food you are preparing. The hob also offers a Booster function, which allows you to instantly increase the power for faster cooking.<\/p>\n<p>\n<img decoding=\"async\" alt=\"Black induction hob with two cooking zones on a grey background\" border=\"0\" src=\"https:\/\/assets.innpro.pl\/17797\/23623\/2.jpg\"\/>\n<\/p>\n<h3>Safe cooking<\/h3>\n<p>The hob is equipped with a child lock and a residual heat indicator. These features increase the safety of use by protecting against accidental start-ups or burns. In addition, a built-in ventilation system ensures efficient heat dissipation, which extends the life of the appliance and maintains its efficiency.<\/p>\n<p>\n<img decoding=\"async\" alt=\"A hand touching the control panel of a black induction hob\" border=\"0\" src=\"https:\/\/assets.innpro.pl\/17797\/23623\/4.jpg\"\/>\n<\/p>\n<h3>Built-in timer<\/h3>\n<p>The timer allows you to set the hob&#8217;s operating time. This allows you to better control the cooking process and makes it easier to prepare multiple dishes without constant supervision.<\/p>\n<p>\n<img decoding=\"async\" alt=\"A family of five cooks together in a modern kitchen at the kitchen island with vegetables and a pot\" border=\"0\" src=\"https:\/\/assets.innpro.pl\/17797\/23623\/6.jpg\"\/>\n<\/p>\n<h3>Compatibility with induction cookware<\/h3>\n<p>The hob works with magnetic induction compatible cookware &#8211; iron, cast iron, enamel and stainless steel. This ensures efficient heat transfer and energy savings.<\/p>\n<p>\n<img decoding=\"async\" alt=\"Two IsEasy black induction cooktops shown from front and angle on gray background\" border=\"0\" src=\"https:\/\/assets.innpro.pl\/17797\/23623\/3.jpg\"\/>\n<\/p>\n<div class=\"table-wrapper\">\n<p>\u00a0<\/p>\n<h3><\/h3>\n<table>\n<tbody>\n<tr>\n<th>Manufacturer<\/th>\n<td>IsEasy<\/td>\n<\/tr>\n<tr>\n<th>Model<\/th>\n<td>LI2V-15<\/td>\n<\/tr>\n<tr>\n<th>Type of hob<\/th>\n<td>Induction with Flex Zone function<\/td>\n<\/tr>\n<tr>\n<th>Total power<\/th>\n<td>3400 W<\/td>\n<\/tr>\n<tr>\n<th>Power (top)<\/th>\n<td>1800 W (2000 W in Booster mode)<\/td>\n<\/tr>\n<tr>\n<th>Power (bottom)<\/th>\n<td>1800 W (2000 W in Booster mode)<\/td>\n<\/tr>\n<tr>\n<th>Control<\/th>\n<td>Touch panel<\/td>\n<\/tr>\n<tr>\n<th>Number of power levels<\/th>\n<td>9<\/td>\n<\/tr>\n<tr>\n<th>Parental protection<\/th>\n<td>Yes<\/td>\n<\/tr>\n<tr>\n<th>Residual heat indicator<\/th>\n<td>Yes<\/td>\n<\/tr>\n<tr>\n<th>Automatic shutdown<\/th>\n<td>Yes<\/td>\n<\/tr>\n<tr>\n<th>Timer<\/th>\n<td>Yes<\/td>\n<\/tr>\n<tr>\n<th>Cooling<\/th>\n<td>Built-in fan<\/td>\n<\/tr>\n<tr>\n<th>Dimensions<\/th>\n<td>51 x 29.5 x 6.2 cm<\/td>\n<\/tr>\n<tr>\n<th>Dimensions for built-in<\/th>\n<td>49.6 x 27.86 cm<\/td>\n<\/tr>\n<tr>\n<th>Color<\/th>\n<td>Black<\/td>\n<\/tr>\n<\/tbody>\n<\/table>\n<\/div>","protected":false},"excerpt":{"rendered":"<p>IsEasy LI2V-15 unplugged induction cooktop The IsEasy LI2V-15 is a modern 3,400-watt induction cooktop that allows you to cook anywhere on the cooking field. This allows you to use different sizes and shapes of cookware, preparing meals conveniently and efficiently. It&#8217;s ideal for everyday cooking and culinary experiments. Flex Zone function The flexible cooking zone [&#8230;]\n","protected":false},"featured_media":90886,"comment_status":"open","ping_status":"closed","template":"","meta":[],"location":[19557,19558],"product_brand":[],"product_cat":[14061],"product_tag":[],"class_list":{"0":"post-82642","1":"product","2":"type-product","3":"status-publish","4":"has-post-thumbnail","6":"location-innpro_stock_location","7":"location-local_stock_location","8":"product_cat-for-cooking","10":"first","11":"instock","12":"sale","13":"taxable","14":"shipping-taxable","15":"purchasable","16":"product-type-simple"},"aioseo_notices":[],"locations":[{"id":19557,"name":"Pieg\u0101d\u0101t\u0101ja noliktav\u0101 (5-7d.d.)","slug":"innpro_stock_location","quantity":"50"},{"id":19558,"name":"R\u012bgas veikal\u0101 (0-2d.d.)","slug":"local_stock_location","quantity":"0"}],"_links":{"self":[{"href":"https:\/\/elektrons.lv\/et\/wp-json\/wp\/v2\/product\/82642","targetHints":{"allow":["GET"]}}],"collection":[{"href":"https:\/\/elektrons.lv\/et\/wp-json\/wp\/v2\/product"}],"about":[{"href":"https:\/\/elektrons.lv\/et\/wp-json\/wp\/v2\/types\/product"}],"replies":[{"embeddable":true,"href":"https:\/\/elektrons.lv\/et\/wp-json\/wp\/v2\/comments?post=82642"}],"wp:featuredmedia":[{"embeddable":true,"href":"https:\/\/elektrons.lv\/et\/wp-json\/wp\/v2\/media\/90886"}],"wp:attachment":[{"href":"https:\/\/elektrons.lv\/et\/wp-json\/wp\/v2\/media?parent=82642"}],"wp:term":[{"taxonomy":"location","embeddable":true,"href":"https:\/\/elektrons.lv\/et\/wp-json\/wp\/v2\/location?post=82642"},{"taxonomy":"product_brand","embeddable":true,"href":"https:\/\/elektrons.lv\/et\/wp-json\/wp\/v2\/product_brand?post=82642"},{"taxonomy":"product_cat","embeddable":true,"href":"https:\/\/elektrons.lv\/et\/wp-json\/wp\/v2\/product_cat?post=82642"},{"taxonomy":"product_tag","embeddable":true,"href":"https:\/\/elektrons.lv\/et\/wp-json\/wp\/v2\/product_tag?post=82642"}],"curies":[{"name":"wp","href":"https:\/\/api.w.org\/{rel}","templated":true}]}}