{"id":84355,"date":"2026-05-14T09:47:25","date_gmt":"2026-05-14T09:47:25","guid":{"rendered":"https:\/\/elektrons.lv\/Prece\/xtool-safetypro-ap2-max-v1-0-medium-efficiency-filter\/"},"modified":"2026-05-15T16:26:36","modified_gmt":"2026-05-15T14:26:36","slug":"xtool-safetypro-ap2-max-v1-0-medium-efficiency-filter","status":"publish","type":"product","link":"https:\/\/elektrons.lv\/et\/Prece\/xtool-safetypro-ap2-max-v1-0-medium-efficiency-filter\/","title":{"rendered":"xTool SafetyPro\u2122 AP2 Max V1.0 \u2013 Medium Efficiency Filter"},"content":{"rendered":"<h3>xTool SafetyPro\u2122 AP2 Max V1.0 \u2013 Medium Efficiency Filter<\/h3>\n<p>The Medium Efficiency Filter designed for the xTool SafetyPro\u2122 AP2 Max air purifier is responsible for the initial purification of air from contaminants such as dust, fibers, and particulates. Its use supports the operation of the entire filtration system, ensuring greater efficiency in subsequent stages. It is a crucial component that supports stable device operation and helps maintain a cleaner work environment.<\/p>\n<p>\n<img decoding=\"async\" alt=\"Medium Efficiency Filter for the xTool air purifier on a gray background\" border=\"0\" src=\"https:\/\/assets.innpro.pl\/20652\/27463\/1.jpg\"\/>\n<\/p>\n<div class=\"table-wrapper\">\n<p>\u00a0<\/p>\n<h3><\/h3>\n<table>\n<tbody>\n<tr>\n<th>Manufacturer<\/th>\n<td>xTool<\/td>\n<\/tr>\n<tr>\n<th>Model<\/th>\n<td>P0104001152<\/td>\n<\/tr>\n<tr>\n<th>Filter Type<\/th>\n<td>Medium Efficiency Filter<\/td>\n<\/tr>\n<tr>\n<th>Compatibility<\/th>\n<td>xTool SafetyPro\u2122 AP2 Max V1.0<\/td>\n<\/tr>\n<\/tbody>\n<\/table>\n<\/div>","protected":false},"excerpt":{"rendered":"<p>xTool SafetyPro\u2122 AP2 Max V1.0 \u2013 Medium Efficiency Filter The Medium Efficiency Filter designed for the xTool SafetyPro\u2122 AP2 Max air purifier is responsible for the initial purification of air from contaminants such as dust, fibers, and particulates. Its use supports the operation of the entire filtration system, ensuring greater efficiency in subsequent stages. It [&#8230;]\n","protected":false},"featured_media":85340,"comment_status":"open","ping_status":"closed","template":"","meta":[],"location":[19557,19558],"product_brand":[],"product_cat":[16966],"product_tag":[],"class_list":{"0":"post-84355","1":"product","2":"type-product","3":"status-publish","4":"has-post-thumbnail","6":"location-innpro_stock_location","7":"location-local_stock_location","8":"product_cat-air-purifiers","10":"first","11":"instock","12":"sale","13":"taxable","14":"shipping-taxable","15":"purchasable","16":"product-type-simple"},"aioseo_notices":[],"locations":[{"id":19557,"name":"Pieg\u0101d\u0101t\u0101ja noliktav\u0101 (5-7d.d.)","slug":"innpro_stock_location","quantity":"2"},{"id":19558,"name":"R\u012bgas veikal\u0101 (0-2d.d.)","slug":"local_stock_location","quantity":"0"}],"_links":{"self":[{"href":"https:\/\/elektrons.lv\/et\/wp-json\/wp\/v2\/product\/84355","targetHints":{"allow":["GET"]}}],"collection":[{"href":"https:\/\/elektrons.lv\/et\/wp-json\/wp\/v2\/product"}],"about":[{"href":"https:\/\/elektrons.lv\/et\/wp-json\/wp\/v2\/types\/product"}],"replies":[{"embeddable":true,"href":"https:\/\/elektrons.lv\/et\/wp-json\/wp\/v2\/comments?post=84355"}],"wp:featuredmedia":[{"embeddable":true,"href":"https:\/\/elektrons.lv\/et\/wp-json\/wp\/v2\/media\/85340"}],"wp:attachment":[{"href":"https:\/\/elektrons.lv\/et\/wp-json\/wp\/v2\/media?parent=84355"}],"wp:term":[{"taxonomy":"location","embeddable":true,"href":"https:\/\/elektrons.lv\/et\/wp-json\/wp\/v2\/location?post=84355"},{"taxonomy":"product_brand","embeddable":true,"href":"https:\/\/elektrons.lv\/et\/wp-json\/wp\/v2\/product_brand?post=84355"},{"taxonomy":"product_cat","embeddable":true,"href":"https:\/\/elektrons.lv\/et\/wp-json\/wp\/v2\/product_cat?post=84355"},{"taxonomy":"product_tag","embeddable":true,"href":"https:\/\/elektrons.lv\/et\/wp-json\/wp\/v2\/product_tag?post=84355"}],"curies":[{"name":"wp","href":"https:\/\/api.w.org\/{rel}","templated":true}]}}