{"id":84641,"date":"2026-05-14T09:48:00","date_gmt":"2026-05-14T09:48:00","guid":{"rendered":"https:\/\/elektrons.lv\/Prece\/neewer-z2pro-f-ttl-round-head-flash-speedlite-with-3000ma\/"},"modified":"2026-05-15T15:59:59","modified_gmt":"2026-05-15T13:59:59","slug":"neewer-z2pro-f-ttl-round-head-flash-speedlite-with-3000ma","status":"publish","type":"product","link":"https:\/\/elektrons.lv\/et\/Prece\/neewer-z2pro-f-ttl-round-head-flash-speedlite-with-3000ma\/","title":{"rendered":"Neewer Z2PRO-F TTL ROUND HEAD FLASH SPEEDLITE WITH 3000mA"},"content":{"rendered":"","protected":false},"excerpt":{"rendered":"","protected":false},"featured_media":0,"comment_status":"open","ping_status":"closed","template":"","meta":[],"location":[19557,19558],"product_brand":[],"product_cat":[12063],"product_tag":[],"class_list":{"0":"post-84641","1":"product","2":"type-product","3":"status-publish","5":"location-innpro_stock_location","6":"location-local_stock_location","7":"product_cat-for-cameras-and-camcorders","9":"first","10":"instock","11":"sale","12":"taxable","13":"shipping-taxable","14":"purchasable","15":"product-type-simple"},"aioseo_notices":[],"locations":[{"id":19557,"name":"Pieg\u0101d\u0101t\u0101ja noliktav\u0101 (5-7d.d.)","slug":"innpro_stock_location","quantity":"10"},{"id":19558,"name":"R\u012bgas veikal\u0101 (0-2d.d.)","slug":"local_stock_location","quantity":"0"}],"_links":{"self":[{"href":"https:\/\/elektrons.lv\/et\/wp-json\/wp\/v2\/product\/84641","targetHints":{"allow":["GET"]}}],"collection":[{"href":"https:\/\/elektrons.lv\/et\/wp-json\/wp\/v2\/product"}],"about":[{"href":"https:\/\/elektrons.lv\/et\/wp-json\/wp\/v2\/types\/product"}],"replies":[{"embeddable":true,"href":"https:\/\/elektrons.lv\/et\/wp-json\/wp\/v2\/comments?post=84641"}],"wp:attachment":[{"href":"https:\/\/elektrons.lv\/et\/wp-json\/wp\/v2\/media?parent=84641"}],"wp:term":[{"taxonomy":"location","embeddable":true,"href":"https:\/\/elektrons.lv\/et\/wp-json\/wp\/v2\/location?post=84641"},{"taxonomy":"product_brand","embeddable":true,"href":"https:\/\/elektrons.lv\/et\/wp-json\/wp\/v2\/product_brand?post=84641"},{"taxonomy":"product_cat","embeddable":true,"href":"https:\/\/elektrons.lv\/et\/wp-json\/wp\/v2\/product_cat?post=84641"},{"taxonomy":"product_tag","embeddable":true,"href":"https:\/\/elektrons.lv\/et\/wp-json\/wp\/v2\/product_tag?post=84641"}],"curies":[{"name":"wp","href":"https:\/\/api.w.org\/{rel}","templated":true}]}}