{"id":80092,"date":"2026-05-14T09:38:28","date_gmt":"2026-05-14T09:38:28","guid":{"rendered":"https:\/\/elektrons.lv\/Prece\/darkflash-inf24-3in1-argb-computer-fan-set-black\/"},"modified":"2026-05-14T11:44:47","modified_gmt":"2026-05-14T11:44:47","slug":"darkflash-inf24-3in1-argb-computer-fan-set-black","status":"publish","type":"product","link":"https:\/\/elektrons.lv\/lt\/Prece\/darkflash-inf24-3in1-argb-computer-fan-set-black\/","title":{"rendered":"Darkflash INF24 3in1 ARGB Computer fan set (black)"},"content":{"rendered":"<h3>ARGB computer fan set Darkflash INF24 3-in-1 (black).<\/h3>\n<\/p>\n<p>Provide your computer with reliable cooling and, at the same time, change its character. Darkflash INF24 fans stand out for their impressive speed and airflow, and are eye-catching with colorful ARGB backlighting. At the same time, they operate surprisingly quietly and are very easy to install. What&#8217;s more, high-grade rifle bearings ensure their long life of up to 30,000 hours, and the specially designed frame features high durability. The set includes 3 fans.<\/p>\n<\/p>\n<p>\n<img decoding=\"async\" border=\"0\" src=\"https:\/\/assets.innpro.pl\/4603\/5316\/5.jpg\"\/>\n<\/p>\n<h3>Efficient cooling<\/h3>\n<\/p>\n<p>You no longer have to worry about your computer getting excessively hot &#8211; even when playing dynamic games or using demanding programs. The INF24 fans offer a speed of about 800-1200 RPM, and thanks to the PWM controller, their operation is automatically regulated according to temperature changes. In addition, up to 7 aerodynamic blades provide great airflow. All this translates into excellent cooling of your hardware configuration!<\/p>\n<\/p>\n<p>\n<img decoding=\"async\" border=\"0\" src=\"https:\/\/assets.innpro.pl\/4603\/5316\/1.jpg\"\/>\n<\/p>\n<h3>Say goodbye to annoying noise<\/h3>\n<\/p>\n<p>Don&#8217;t be afraid that annoying noise will disturb your peace of mind during exciting games or working on your next projects. Thanks to anti-vibration pads, it was possible to reduce the volume of fans to only about 18-30 dBA. Forget about the annoying noise!<\/p>\n<\/p>\n<p>\n<img decoding=\"async\" border=\"0\" src=\"https:\/\/assets.innpro.pl\/4603\/5316\/6.jpg\"\/>\n<\/p>\n<h3>Fantastic lighting effects<\/h3>\n<\/p>\n<p>INF24 fans are equipped with colorful ARGB backlighting, so they look really great. They will work great, for example, in combination with a transparent case! What&#8217;s more, their well-thought-out design provides a fantastic mirror effect, and compatibility with ASUS AURA SYNC (only 5 V) allows you to synchronize them with your motherboard. With Darkflash you can easily give your computer a unique character!<\/p>\n<\/p>\n<p>\n<img decoding=\"async\" border=\"0\" src=\"https:\/\/assets.innpro.pl\/4603\/5316\/2.jpg\"\/>\n<\/p>\n<div class=\"table-wrapper\">\n<p>\u00a0<\/p>\n<h3><\/h3>\n<table>\n<tbody>\n<tr>\n<th>Gamintojas<\/th>\n<td>Darkflash<\/td>\n<\/tr>\n<tr>\n<th>Modelis<\/th>\n<td>INF24<\/td>\n<\/tr>\n<tr>\n<th>Color<\/th>\n<td>Black<\/td>\n<\/tr>\n<tr>\n<th>Matmenys<\/th>\n<td>120 x 120 x 25 mm<\/td>\n<\/tr>\n<tr>\n<th>Fan speed<\/th>\n<td>800-1200 \u00b110% RPM<\/td>\n<\/tr>\n<tr>\n<th>Triuk\u0161mo lygis<\/th>\n<td>18-30 dBa (max.)<\/td>\n<\/tr>\n<tr>\n<th>Airflow<\/th>\n<td>65 CFM<\/td>\n<\/tr>\n<tr>\n<th>Static pressure<\/th>\n<td>0.78 mm H2O<\/td>\n<\/tr>\n<tr>\n<th>Current<\/th>\n<td>\u2264 0.15 A (12 V fan); \u2264 0.48 A (5 V LED)<\/td>\n<\/tr>\n<tr>\n<th>MTTF<\/th>\n<td>30 000 h<\/td>\n<\/tr>\n<tr>\n<th>Number of fans included<\/th>\n<td>3<\/td>\n<\/tr>\n<\/tbody>\n<\/table>\n<\/div>","protected":false},"excerpt":{"rendered":"<p>ARGB computer fan set Darkflash INF24 3-in-1 (black). Provide your computer with reliable cooling and, at the same time, change its character. Darkflash INF24 fans stand out for their impressive speed and airflow, and are eye-catching with colorful ARGB backlighting. At the same time, they operate surprisingly quietly and are very easy to install. What&#8217;s [&#8230;]\n","protected":false},"featured_media":99447,"comment_status":"open","ping_status":"closed","template":"","meta":[],"location":[19557,19558],"product_brand":[],"product_cat":[12669],"product_tag":[],"class_list":{"0":"post-80092","1":"product","2":"type-product","3":"status-publish","4":"has-post-thumbnail","6":"location-innpro_stock_location","7":"location-local_stock_location","8":"product_cat-fans","10":"first","11":"outofstock","12":"taxable","13":"shipping-taxable","14":"purchasable","15":"product-type-simple"},"aioseo_notices":[],"locations":[{"id":19557,"name":"Pieg\u0101d\u0101t\u0101ja noliktav\u0101 (5-7d.d)","slug":"innpro_stock_location","quantity":"0"},{"id":19558,"name":"R\u012bgas veikal\u0101 (0-2d.d.)","slug":"local_stock_location","quantity":"0"}],"_links":{"self":[{"href":"https:\/\/elektrons.lv\/lt\/wp-json\/wp\/v2\/product\/80092","targetHints":{"allow":["GET"]}}],"collection":[{"href":"https:\/\/elektrons.lv\/lt\/wp-json\/wp\/v2\/product"}],"about":[{"href":"https:\/\/elektrons.lv\/lt\/wp-json\/wp\/v2\/types\/product"}],"replies":[{"embeddable":true,"href":"https:\/\/elektrons.lv\/lt\/wp-json\/wp\/v2\/comments?post=80092"}],"wp:featuredmedia":[{"embeddable":true,"href":"https:\/\/elektrons.lv\/lt\/wp-json\/wp\/v2\/media\/99447"}],"wp:attachment":[{"href":"https:\/\/elektrons.lv\/lt\/wp-json\/wp\/v2\/media?parent=80092"}],"wp:term":[{"taxonomy":"location","embeddable":true,"href":"https:\/\/elektrons.lv\/lt\/wp-json\/wp\/v2\/location?post=80092"},{"taxonomy":"product_brand","embeddable":true,"href":"https:\/\/elektrons.lv\/lt\/wp-json\/wp\/v2\/product_brand?post=80092"},{"taxonomy":"product_cat","embeddable":true,"href":"https:\/\/elektrons.lv\/lt\/wp-json\/wp\/v2\/product_cat?post=80092"},{"taxonomy":"product_tag","embeddable":true,"href":"https:\/\/elektrons.lv\/lt\/wp-json\/wp\/v2\/product_tag?post=80092"}],"curies":[{"name":"wp","href":"https:\/\/api.w.org\/{rel}","templated":true}]}}