{"id":83328,"date":"2026-05-14T09:45:09","date_gmt":"2026-05-14T09:45:09","guid":{"rendered":"https:\/\/elektrons.lv\/Prece\/ultimea-nova-c40-projector\/"},"modified":"2026-05-15T15:57:21","modified_gmt":"2026-05-15T13:57:21","slug":"ultimea-nova-c40-projector","status":"publish","type":"product","link":"https:\/\/elektrons.lv\/lt\/Prece\/ultimea-nova-c40-projector\/","title":{"rendered":"Ultimea Nova C40 Projector"},"content":{"rendered":"<h3>Ultimea Nova C40 Projector<\/h3>\n<p>The Ultimea Nova C40 is a versatile projector that combines high image quality with everyday convenience. Support for 4K decoding, HDR and HLG technologies, and excellent color reproduction ensure a vivid, detailed image with a large diagonal. Automatic and instant ToF focusing, 6D keystone correction, and AACLT technology guarantee perfect focus from every angle, while the gimbal design allows for easy adjustment within a 90\u00b0 range. These features make the Nova C40 a complete home and outdoor entertainment center, ready for use in any space.<\/p>\n<p>\n<img decoding=\"async\" alt=\"Nova C40 projector standing on a table and displaying an image of a boat and the sea\" border=\"0\" src=\"https:\/\/assets.innpro.pl\/19410\/25868\/Ultimea-Projektor-Nova-C40-LF-4.jpg\"\/>\n<\/p>\n<h3>Smart home entertainment center<\/h3>\n<p>The Ultimea Nova C40 is designed for comfortable viewing, both at home and during outdoor movie nights. It runs on Android TV 11.0, supports 4K decoding, HDR, and HLG technologies, offering smooth, intuitive operation. With the Nova C40, you get access to popular apps and streaming services such as Netflix, YouTube, Hulu, and Prime Video. Built-in compatibility with Google Assistant enables voice control and even more convenient use of smart features.<\/p>\n<p>\n<img decoding=\"async\" alt=\"Gray Ultimea projector displaying an image of a boat floating among the waves\" border=\"0\" src=\"https:\/\/assets.innpro.pl\/19410\/25868\/Ultimea-Projektor-Nova-C40-LF-5.jpg\"\/>\n<\/p>\n<h3>Perfect focus in every situation<\/h3>\n<p>The Nova C40 uses ToF Auto Focus technology, which focuses in just 2 seconds. In addition, 28-point autofocus and 6D keystone correction ensure a perfectly straight and clear image. AACLT (Adaptive Angle Correction Lens Technology) allows you to enjoy crystal-clear sharpness from almost any angle. The integrated 90-degree stand allows you to quickly and conveniently adjust the projection angle to suit the conditions of the room or outdoor space, ensuring full image clarity regardless of the setting.<\/p>\n<p>\n<img decoding=\"async\" alt=\"Graphic showing the Nova C40 projector placed in different locations at different angles\" border=\"0\" src=\"https:\/\/assets.innpro.pl\/19410\/25868\/Ultimea-Projektor-Nova-C40-LF-2.jpg\"\/>\n<\/p>\n<h3>Clear sound and excellent image<\/h3>\n<p>The projector is equipped with two full-range speakers, each with 5 W of power, which provide clear and well-balanced sound. In addition, Bluetooth 5.3 allows you to seamlessly connect external speakers or an audio system. This will turn your living room into a real cinema. The projector provides 100% color reproduction and 95% NTSC coverage, which translates into clear, saturated colors and rich details. With a 1.25:1 aspect ratio, you can get a bigger picture even in limited space, without compromising on display quality.<\/p>\n<p>\n<img decoding=\"async\" alt=\"View of the interior of the Ultimea projector, with clouds and the setting sun in the background\" border=\"0\" src=\"https:\/\/assets.innpro.pl\/19410\/25868\/Ultimea-Projektor-Nova-C40-LF-1.jpg\"\/>\n<\/p>\n<h3>Fast and smooth operation<\/h3>\n<p>The MediaTek smart chipset ensures efficient system performance, guaranteeing fast application launch, smooth interface operation, and stable system performance. The Ultimea Nova C40 is a thoughtful combination of image quality, advanced features, and ease of use\u2014the perfect solution for those who want to enjoy a large screen without unnecessary complications.<\/p>\n<p>\n<img decoding=\"async\" alt=\"Close-up of the Noca C40 projector chip with the MediaTek inscription\" border=\"0\" src=\"https:\/\/assets.innpro.pl\/19410\/25868\/Ultimea-Projektor-Nova-C40-LF-3.jpg\"\/>\n<\/p>\n<h3>\u012etraukta<\/h3>\n<ul class=\"list-disc pl-5\">\n<li>projector<\/li>\n<li>remote control (batteries not included<\/li>\n<li>HDMI cable<\/li>\n<li>power cable<\/li>\n<li>user manual<\/li>\n<\/ul>\n<div class=\"table-wrapper\">\n<p>\u00a0<\/p>\n<h3><\/h3>\n<table>\n<tbody>\n<tr>\n<th>Gamintojas<\/th>\n<td>Ultimea<\/td>\n<\/tr>\n<tr>\n<th>Modelis<\/th>\n<td>Nova C40<\/td>\n<\/tr>\n<tr>\n<th>Color<\/th>\n<td>Gray<\/td>\n<\/tr>\n<tr>\n<th>Operating system<\/th>\n<td>Android TV 11.0<\/td>\n<\/tr>\n<tr>\n<th>Native resolution<\/th>\n<td>1920 x 1080p<\/td>\n<\/tr>\n<tr>\n<th>Garsiakalbiai<\/th>\n<td>5W x2<\/td>\n<\/tr>\n<tr>\n<th>Projection ratio<\/th>\n<td>1.25:1<\/td>\n<\/tr>\n<tr>\n<th>Aspect ratio<\/th>\n<td>16 : 9 \/ 4 : 3<\/td>\n<\/tr>\n<tr>\n<th>Recommended screen size<\/th>\n<td>80\u201d &#8211; 120&#8243;<\/td>\n<\/tr>\n<tr>\n<th>Power consumption<\/th>\n<td>75W<\/td>\n<\/tr>\n<tr>\n<th>Maitinimo \u012fvestis<\/th>\n<td>100 &#8211; 240V AC, 50 &#8211; 60Hz 1.5A<\/td>\n<\/tr>\n<tr>\n<th>Autofocus<\/th>\n<td>ToF, 6D keystone correction<\/td>\n<\/tr>\n<tr>\n<th>Color gamut<\/th>\n<td>95% NTSC<\/td>\n<\/tr>\n<tr>\n<th>Bluetooth version<\/th>\n<td>5.3<\/td>\n<\/tr>\n<tr>\n<th>Chipset<\/th>\n<td>MediaTek<\/td>\n<\/tr>\n<tr>\n<th>Voice assistant<\/th>\n<td>Google Assistant<\/td>\n<\/tr>\n<\/tbody>\n<\/table>\n<\/div>","protected":false},"excerpt":{"rendered":"<p>Ultimea Nova C40 Projector The Ultimea Nova C40 is a versatile projector that combines high image quality with everyday convenience. Support for 4K decoding, HDR and HLG technologies, and excellent color reproduction ensure a vivid, detailed image with a large diagonal. Automatic and instant ToF focusing, 6D keystone correction, and AACLT technology guarantee perfect focus [&#8230;]\n","protected":false},"featured_media":88874,"comment_status":"open","ping_status":"closed","template":"","meta":[],"location":[19557,19558],"product_brand":[],"product_cat":[12637],"product_tag":[],"class_list":{"0":"post-83328","1":"product","2":"type-product","3":"status-publish","4":"has-post-thumbnail","6":"location-innpro_stock_location","7":"location-local_stock_location","8":"product_cat-projectors","10":"first","11":"instock","12":"sale","13":"taxable","14":"shipping-taxable","15":"purchasable","16":"product-type-simple"},"aioseo_notices":[],"locations":[{"id":19557,"name":"Pieg\u0101d\u0101t\u0101ja noliktav\u0101 (5-7d.d)","slug":"innpro_stock_location","quantity":"39"},{"id":19558,"name":"R\u012bgas veikal\u0101 (0-2d.d.)","slug":"local_stock_location","quantity":"0"}],"_links":{"self":[{"href":"https:\/\/elektrons.lv\/lt\/wp-json\/wp\/v2\/product\/83328","targetHints":{"allow":["GET"]}}],"collection":[{"href":"https:\/\/elektrons.lv\/lt\/wp-json\/wp\/v2\/product"}],"about":[{"href":"https:\/\/elektrons.lv\/lt\/wp-json\/wp\/v2\/types\/product"}],"replies":[{"embeddable":true,"href":"https:\/\/elektrons.lv\/lt\/wp-json\/wp\/v2\/comments?post=83328"}],"wp:featuredmedia":[{"embeddable":true,"href":"https:\/\/elektrons.lv\/lt\/wp-json\/wp\/v2\/media\/88874"}],"wp:attachment":[{"href":"https:\/\/elektrons.lv\/lt\/wp-json\/wp\/v2\/media?parent=83328"}],"wp:term":[{"taxonomy":"location","embeddable":true,"href":"https:\/\/elektrons.lv\/lt\/wp-json\/wp\/v2\/location?post=83328"},{"taxonomy":"product_brand","embeddable":true,"href":"https:\/\/elektrons.lv\/lt\/wp-json\/wp\/v2\/product_brand?post=83328"},{"taxonomy":"product_cat","embeddable":true,"href":"https:\/\/elektrons.lv\/lt\/wp-json\/wp\/v2\/product_cat?post=83328"},{"taxonomy":"product_tag","embeddable":true,"href":"https:\/\/elektrons.lv\/lt\/wp-json\/wp\/v2\/product_tag?post=83328"}],"curies":[{"name":"wp","href":"https:\/\/api.w.org\/{rel}","templated":true}]}}