{"id":68,"date":"2023-07-14T21:55:33","date_gmt":"2023-07-14T21:55:33","guid":{"rendered":"https:\/\/elektrons.lv\/piegades-informacija\/"},"modified":"2024-11-05T12:55:39","modified_gmt":"2024-11-05T12:55:39","slug":"piegades-informacija","status":"publish","type":"page","link":"https:\/\/elektrons.lv\/lv\/piegades-informacija\/","title":{"rendered":"Pieg\u0101des Inform\u0101cija"},"content":{"rendered":"<p><strong>Pieg\u0101des Nosac\u012bjumi<\/strong><\/p>\n<p>Produktiem, kas pieejami SIA EDIGO e-veikal\u0101, ir individu\u0101li noteikts pieg\u0101des laiks, ko var atrast katra produkta aprakst\u0101 t\u0101 lap\u0101. Pieg\u0101des laika uzskaiti s\u0101kam no br\u012b\u017ea, kad klienta veiktais pas\u016bt\u012bjums un naudas p\u0101rskait\u012bjums ir sa\u0146emts.<\/p>\n<p>Gad\u012bjum\u0101, ja nepl\u0101notu apst\u0101k\u013cu d\u0113\u013c pieg\u0101des laiks main\u0101s, par to inform\u0113sim klientus individu\u0101li. SIA EDIGO e-veikals neatbild par pieg\u0101des laika pagarin\u0101\u0161anos, ja tas noticis p\u0101rvad\u0101t\u0101ju, \u0161aj\u0101 gad\u012bjum\u0101 kurjeru, d\u0113\u013c.<\/p>\n<p>M\u016bsu e-veikala pieg\u0101des nodro\u0161ina p\u0101rvad\u0101t\u0101js &#8220;Omniva&#8221;.<\/p>\n<p>Katram izs\u016bt\u012btajam pas\u016bt\u012bjumam ir pie\u0161\u0137irts unik\u0101ls izseko\u0161anas numurs, ko nos\u016bt\u012bsim Jums uz e-pastu, kad pas\u016bt\u012bjums b\u016bs izs\u016bt\u012bts. \u0160is numurs \u013cauj tie\u0161saist\u0113 sekot s\u016bt\u012bjuma ce\u013cam un prognoz\u0113t pieg\u0101des laiku.<\/p>\n<p>P\u0113c s\u016bt\u012bjuma sa\u0146em\u0161anas ieteicams p\u0101rbaud\u012bt, vai t\u0101 \u0101r\u0113jais iepakojums nav sapl\u0113sts, deform\u0113ts vai cit\u0101di boj\u0101ts. Ja rodas aizdomas, ka s\u016bt\u012bjums ir cietis transport\u0113\u0161anas laik\u0101, Jums ir ties\u012bbas to nepie\u0146emt. \u0160\u0101d\u0101 gad\u012bjum\u0101 l\u016bdzam nekav\u0113joties inform\u0113t SIA EDIGO administr\u0101ciju, lai m\u0113s var\u0113tu veikt vajadz\u012bgos pas\u0101kumus. Atcerieties, ka saska\u0146\u0101 ar PTAL 30.1 panta pirmo da\u013cu, &#8220;prec\u0113m pieg\u0101des laik\u0101 radu\u0161os zudumu vai boj\u0101jumu risku p\u0101r\u0146em pat\u0113r\u0113t\u0101js, tikl\u012bdz prece ir non\u0101kusi vi\u0146a vai vi\u0146a p\u0101rst\u0101vja vald\u012bjum\u0101&#8221;.<\/p>","protected":false},"excerpt":{"rendered":"","protected":false},"author":1,"featured_media":0,"parent":0,"menu_order":0,"comment_status":"closed","ping_status":"closed","template":"","meta":{"footnotes":""},"wf_page_folders":[],"class_list":["post-68","page","type-page","status-publish","hentry"],"aioseo_notices":[],"_links":{"self":[{"href":"https:\/\/elektrons.lv\/lv\/wp-json\/wp\/v2\/pages\/68","targetHints":{"allow":["GET"]}}],"collection":[{"href":"https:\/\/elektrons.lv\/lv\/wp-json\/wp\/v2\/pages"}],"about":[{"href":"https:\/\/elektrons.lv\/lv\/wp-json\/wp\/v2\/types\/page"}],"author":[{"embeddable":true,"href":"https:\/\/elektrons.lv\/lv\/wp-json\/wp\/v2\/users\/1"}],"replies":[{"embeddable":true,"href":"https:\/\/elektrons.lv\/lv\/wp-json\/wp\/v2\/comments?post=68"}],"version-history":[{"count":0,"href":"https:\/\/elektrons.lv\/lv\/wp-json\/wp\/v2\/pages\/68\/revisions"}],"wp:attachment":[{"href":"https:\/\/elektrons.lv\/lv\/wp-json\/wp\/v2\/media?parent=68"}],"wp:term":[{"taxonomy":"wf_page_folders","embeddable":true,"href":"https:\/\/elektrons.lv\/lv\/wp-json\/wp\/v2\/wf_page_folders?post=68"}],"curies":[{"name":"wp","href":"https:\/\/api.w.org\/{rel}","templated":true}]}}