{"id":69,"date":"2023-07-12T12:40:12","date_gmt":"2023-07-12T12:40:12","guid":{"rendered":"https:\/\/elektrons.lv\/garantijas-un-atgriesanas-politika\/"},"modified":"2024-11-05T12:54:02","modified_gmt":"2024-11-05T12:54:02","slug":"garantijas-un-atgriesanas-politika","status":"publish","type":"page","link":"https:\/\/elektrons.lv\/lv\/garantijas-un-atgriesanas-politika\/","title":{"rendered":"Garantijas un atgrie\u0161anas politika"},"content":{"rendered":"<h3>Kvalitat\u012bvu pre\u010du apmai\u0146a un atgrie\u0161ana<\/h3>\n<p> Ja pirc\u0113jam nepat\u012bk ieg\u0101d\u0101tais produkts, t\u0101 kr\u0101sa, izm\u0113rs vai modelis, pirc\u0113jam ir ties\u012bbas 14 kalend\u0101ro dienu laik\u0101 produktu apmain\u012bt vai atgriezt. Ja p\u0101rdev\u0113jam noliktav\u0101 nav konkr\u0113t\u0101s preces apmai\u0146ai, tiks atmaks\u0101ta visa par preci samaks\u0101t\u0101 summa. Ja pirc\u0113js kvalitat\u012bvu preci atdod atpaka\u013c kurjeram, neiz\u0146em preci no pakom\u0101ta vai to nav iesp\u0113jams pieg\u0101d\u0101t pirc\u0113ja vainas d\u0113\u013c (nepareizs numurs, atk\u0101rtoti nav nor\u0101d\u012btaj\u0101 adres\u0113), \u0161\u0101da prece tiek atgriezta p\u0101rdev\u0113jam un pirc\u0113jam tiek atmaks\u0101ta par preci samaks\u0101t\u0101 nauda, bet netiek atmaks\u0101ta pieg\u0101des maksa. Ties\u012bbas atgriezt pas\u016bt\u012bjumu neattiecas uz t\u0101m prec\u0113m, kas iek\u013cautas Latvijas Republikas neatgrie\u017eamo pre\u010du sarakst\u0101 (piem\u0113ram, ze\u0137es, apak\u0161ve\u013ca). Ar\u012b t\u0101m prec\u0113m, kas ir \u012bpa\u0161i izgatavotas p\u0113c pirc\u0113ja pas\u016bt\u012bjuma un ir personaliz\u0113tas, individu\u0101li piel\u0101gotas pirc\u0113ja pras\u012bb\u0101m.  SIA EDIGO interneta veikal\u0101 ieg\u0101d\u0101t\u0101s preces var atgriezt: Preces j\u0101nos\u016bta, izmantojot Omniva pakom\u0101tu vai Latvijas pastu (ja kop\u0113jais svars nep\u0101rsniedz 2 kg). Omniva paku autom\u0101ts: Ulbrokas TOP pakom\u0101ts, Instit\u016bta iela 7, Ulbroka, indekss 9275. T\u0101lr: +371 27473887 Atgriezt\u0101s preces v\u0113rt\u012bba tiks p\u0101rskait\u012bta atpaka\u013c 14 kalend\u0101ro dienu laik\u0101 p\u0113c tam, kad m\u0113s sa\u0146emsim preci atpaka\u013c Omniva pakom\u0101t\u0101 vai pasta noda\u013c\u0101. Nauda tiks p\u0101rskait\u012bta uz to pa\u0161u kontu, no kura tika veikts maks\u0101jums par preci. Ja j\u016bs v\u0113laties apmain\u012bt preci pret citu (izm\u0113ra\/kr\u0101sas mai\u0146a vai cits iemesls), jaun\u0101 prece tiks nos\u016bt\u012bta taj\u0101 pa\u0161\u0101 vai n\u0101kamaj\u0101 dien\u0101 p\u0113c atgriezt\u0101s preces sa\u0146em\u0161anas. Klients sedz atk\u0101rtotas pieg\u0101des izmaksas &#8211; 3,00 EUR, veicot p\u0101rskait\u012bjumu uz m\u016bsu bankas kontu. Maks\u0101juma m\u0113r\u0137\u012b nor\u0101diet pas\u016bt\u012bjuma numuru un v\u0101rdus &#8220;Atk\u0101rtota s\u016bt\u012b\u0161ana&#8221;. Preces var atgriezt vai apmain\u012bt tikai tad, ja t\u0101s nav lietotas un nav boj\u0101tas. Preces, kas ir \u012bpa\u0161i izgatavotas p\u0113c pas\u016bt\u012bjuma vai personaliz\u0113tas, netiek apmain\u012btas pret cit\u0101m, un par t\u0101m samaks\u0101t\u0101 nauda netiek atgriezta (sk. Pirkuma noteikumus). Lai atgrieztu\/apmain\u012btu preces, aizpildiet pre\u010du apmai\u0146as un atgrie\u0161anas aktu. Tas j\u0101nos\u016bta mums pa e-pastu: info@edigo.lv vai j\u0101pievieno druk\u0101t\u0101 veid\u0101 kop\u0101 ar s\u016bt\u012bjumu. Ja akts tiek s\u016bt\u012bts elektroniski, pievienojiet piez\u012bmi (ar roku rakst\u012btu lapu\/uzl\u012bmi), kur\u0101 nor\u0101d\u012bts pas\u016bt\u012bjuma numurs, klienta v\u0101rds un uzv\u0101rds.            <\/p>\n<h3>Produkta garantija un boj\u0101tu pre\u010du atgrie\u0161ana<\/h3>\n<p> Ja ra\u017eojuma kvalit\u0101tes nodro\u0161in\u0101\u0161anai nav noteikts termi\u0146\u0161, pat\u0113r\u0113t\u0101js var iesniegt s\u016bdz\u012bbas par ra\u017eojuma defektiem sapr\u0101t\u012bg\u0101 termi\u0146\u0101, bet ne v\u0113l\u0101k k\u0101 divus gadus p\u0113c ra\u017eojuma ieg\u0101des dienas. Ja p\u0101rdev\u0113ja vai ra\u017eot\u0101ja noteiktais garantijas termi\u0146\u0161 ir \u012bs\u0101ks par 2 gadiem, pat\u0113r\u0113t\u0101jam ir ties\u012bbas iesniegt s\u016bdz\u012bbu par preces defektiem nor\u0101d\u012btaj\u0101 garantijas termi\u0146\u0101. Ja noteiktais garantijas termi\u0146\u0161 ir ilg\u0101ks par 2 gadiem &#8211; s\u016bdz\u012bbas par preces defektiem var iesniegt noteikt\u0101 garantijas termi\u0146a laik\u0101. SIA EDIGO sola atmaks\u0101t naudu, kas samaks\u0101ta par nekvalitat\u012bvu preci, ja preces nekvalit\u0101te izpau\u017eas k\u0101 ra\u017eo\u0161anas defekts vai neatbilst\u012bba ra\u017eot\u0101ja noteiktaj\u0101m specifik\u0101cij\u0101m. Ikvienam klientam, kas sa\u0146em nekvalitat\u012bvu vai boj\u0101tu preci, ir j\u0101sazin\u0101s ar mums, zvanot uz m\u0101jaslap\u0101 nor\u0101d\u012bto informat\u012bvo t\u0101lruni vai rakstot e-pastu uz info@goody.lv. M\u0113s apmain\u012bsim preci pret jaunu t\u0101du pa\u0161u preci vai pied\u0101v\u0101sim l\u012bdz\u012bgu alternat\u012bvu preci. Ja klients nepiekr\u012bt pie\u0146emt l\u012bdzv\u0113rt\u012bgu preci, nauda tiek atmaks\u0101ta, p\u0101rskaitot to uz bankas kontu, no kura tika veikts maks\u0101jums. Par nekvalitat\u012bv\u0101m prec\u0113m nauda tiek atmaks\u0101ta gan par preci, gan par pieg\u0101des izmaks\u0101m.       Ja esat sa\u0146\u0113mis preci, kuru neesat pas\u016bt\u012bjis, l\u016bdzu, nekav\u0113joties inform\u0113jiet m\u016bs par to pa e-pastu &#8211; info@edigo.lv vai zvaniet +371 27473887. M\u0113s apsol\u0101m p\u0113c iesp\u0113jas \u0101tr\u0101k apmain\u012bt \u0161\u0101du preci pret pas\u016bt\u012bto un segt visus pieg\u0101des izdevumus vai atmaks\u0101t naudu 14 kalend\u0101ro dienu laik\u0101 p\u0113c klienta piepras\u012bjuma. Ja Jums rodas papildu jaut\u0101jumi M\u0113s labpr\u0101t atbild\u0113sim uz visiem jaut\u0101jumiem, kas saist\u012bti ar pre\u010du garantiju un atgrie\u0161anu, rakstot uz e-pastu info@edigo.lv vai zvanot pa t\u0101lruni +371 27473887.  <\/p>","protected":false},"excerpt":{"rendered":"","protected":false},"author":1,"featured_media":0,"parent":0,"menu_order":0,"comment_status":"closed","ping_status":"closed","template":"","meta":{"footnotes":""},"wf_page_folders":[],"class_list":["post-69","page","type-page","status-publish","hentry"],"aioseo_notices":[],"_links":{"self":[{"href":"https:\/\/elektrons.lv\/lv\/wp-json\/wp\/v2\/pages\/69","targetHints":{"allow":["GET"]}}],"collection":[{"href":"https:\/\/elektrons.lv\/lv\/wp-json\/wp\/v2\/pages"}],"about":[{"href":"https:\/\/elektrons.lv\/lv\/wp-json\/wp\/v2\/types\/page"}],"author":[{"embeddable":true,"href":"https:\/\/elektrons.lv\/lv\/wp-json\/wp\/v2\/users\/1"}],"replies":[{"embeddable":true,"href":"https:\/\/elektrons.lv\/lv\/wp-json\/wp\/v2\/comments?post=69"}],"version-history":[{"count":0,"href":"https:\/\/elektrons.lv\/lv\/wp-json\/wp\/v2\/pages\/69\/revisions"}],"wp:attachment":[{"href":"https:\/\/elektrons.lv\/lv\/wp-json\/wp\/v2\/media?parent=69"}],"wp:term":[{"taxonomy":"wf_page_folders","embeddable":true,"href":"https:\/\/elektrons.lv\/lv\/wp-json\/wp\/v2\/wf_page_folders?post=69"}],"curies":[{"name":"wp","href":"https:\/\/api.w.org\/{rel}","templated":true}]}}