{"id":70,"date":"2023-06-16T06:10:24","date_gmt":"2023-06-16T06:10:24","guid":{"rendered":"https:\/\/elektrons.lv\/sazinieties-ar-mums\/"},"modified":"2026-05-15T08:02:51","modified_gmt":"2026-05-15T08:02:51","slug":"sazinibas-ar-maminam","status":"publish","type":"page","link":"https:\/\/elektrons.lv\/lv\/sazinieties-ar-mums\/","title":{"rendered":"Sazinies ar m\u0101mi\u0146\u0101m"},"content":{"rendered":"<p><iframe title=\"Acones iela 3a, Ulbroka\" src=\"https:\/\/maps.google.com\/maps?q=Granita%20iela%2013-102,%20Riga&amp;t=m&amp;z=16&amp;output=embed&amp;iwloc=near\" aria-label=\"Gran\u012bta iela 13-102, R\u012bga\"><\/iframe><\/p>\n<h3>Uz\u0146\u0113muma dati<\/h3>\n<p>SIA EDIGO<\/p>\n<p>Re\u0123istr\u0101cijas numurs: 40203492658<\/p>\n<p>PVN maks\u0101t\u0101ja numurs: LV40203492658<\/p>\n<p>IBAN: LV13UNLA0055003652400<\/p>\n<h3>Adrese<\/h3>\n<h4>Birojs, pas\u016bt\u012bjuma punkts.:<\/h4>\n<p>Gran\u012bta iela 13-102, R\u012bga, LV-1057, Latvija<\/p>\n<table border=\"1\">\n<thead>\n<tr>\n<th>Ned\u0113\u013cas diena<\/th>\n<th>Biroja darba laiks<\/th>\n<\/tr>\n<\/thead>\n<tbody>\n<tr>\n<td>Pirmdiena<\/td>\n<td>8:00\u201317:00<\/td>\n<\/tr>\n<tr>\n<td>Otrdiena<\/td>\n<td>8:00\u201317:00<\/td>\n<\/tr>\n<tr>\n<td>Tre\u0161diena<\/td>\n<td>8:00\u201317:00<\/td>\n<\/tr>\n<tr>\n<td>Ceturtdiena<\/td>\n<td>8:00\u201317:00<\/td>\n<\/tr>\n<tr>\n<td>Piektdiena<\/td>\n<td>8:00\u201317:00<\/td>\n<\/tr>\n<tr>\n<td>Sestdiena<\/td>\n<td>Sl\u0113gts<\/td>\n<\/tr>\n<tr>\n<td>Sv\u0113tdiena<\/td>\n<td>Sl\u0113gts<\/td>\n<\/tr>\n<\/tbody>\n<\/table>\n<h3>Atbalsts<\/h3>\n<p>Ja jums ir k\u0101di jaut\u0101jumi, l\u016bdzu, sazinieties ar mums.<br \/>M\u0113s jums atbild\u0113sim p\u0113c iesp\u0113jas \u0101tr\u0101k Paldies!<\/p>\n<div class=\"eh_crm_support_main wsdesk_wrapper\">\n            <div class=\"support_option_choose\">\n                <a href=\"https:\/\/elektrons.lv\/lv\/sazinieties-ar-mums\/\"  target=\"_blank\" data-loading-text=\"Loading your Request...\" class=\"btn btn-primary eh_crm_check_request\" role=\"button\">\n                    Check your Existing Request\n                <\/a>\n        <\/div><div class=\"main_new_suppot_request_form\"><style>\n                .support_form\n                {\n                    width: % !important;\n                }\n                <\/style> <form class=\"support_form\" id=\"eh_crm_ticket_form\" action=\"\"><div class=\"form-elements\"><span>E-pasts <\/span><span class=\"input_required\">*<\/span><input type=\"email\" name=\"request_email\" id=\"request_email\" value=\"\" class=\"input_element form-control\" placeholder=\"Ievadiet e-pastu\"required><small>J\u016bsu e-pasts, ar kuru m\u0113s ar jums sazin\u0101simies.<\/small><\/div><br><div class=\"form-elements\"><span>Priek\u0161mets <\/span><span class=\"input_required\">*<\/span><input type=\"text\" autocomplete=\"off\" name=\"request_title\" id=\"request_title\" value=\"\" class=\"input_element form-control\" placeholder=\"Ievadiet t\u0113mu\" required><small>J\u016bsu piepras\u012bjums Temats, kuram j\u016bs gatavojaties pacelt bi\u013ceti.<\/small><\/div><br><div class=\"form-elements\"><span>Apraksts <\/span><span class=\"input_required\">*<\/span><textarea name=\"request_description\" id=\"request_description\" class=\"input_element form-control\" required><\/textarea><small>L\u016bdzu, ievadiet sava piepras\u012bjuma deta\u013cas M\u016bsu atbalsta person\u0101la loceklis atbild\u0113s p\u0113c iesp\u0113jas \u0101tr\u0101k.<\/small><\/div><br><button  type=\"submit\" id=\"crm_form_submit\" class=\"btn btn-primary\" data-loading-text=\"Submitting...\">Submit Request<\/button><button  type=\"reset\" class=\"btn btn-primary wsdesk_crm_reset_button_show_hide\" style=\"margin-left:5px;\">Reset Request<\/button><input type=\"hidden\" name=\"trp-form-language\" value=\"lv\"\/><\/form><\/div><\/div><div class=\"powered_wsdesk\"><span>Powered by<\/span> <a href=\"https:\/\/elextensions.com\/plugin\/wsdesk-wordpress-support-desk-plugin\/\" target=\"_blank\" rel=\"nofollow\">WSDesk<\/a><\/div>","protected":false},"excerpt":{"rendered":"","protected":false},"author":1,"featured_media":0,"parent":0,"menu_order":0,"comment_status":"closed","ping_status":"closed","template":"","meta":{"footnotes":""},"wf_page_folders":[],"class_list":["post-70","page","type-page","status-publish","hentry"],"aioseo_notices":[],"_links":{"self":[{"href":"https:\/\/elektrons.lv\/lv\/wp-json\/wp\/v2\/pages\/70","targetHints":{"allow":["GET"]}}],"collection":[{"href":"https:\/\/elektrons.lv\/lv\/wp-json\/wp\/v2\/pages"}],"about":[{"href":"https:\/\/elektrons.lv\/lv\/wp-json\/wp\/v2\/types\/page"}],"author":[{"embeddable":true,"href":"https:\/\/elektrons.lv\/lv\/wp-json\/wp\/v2\/users\/1"}],"replies":[{"embeddable":true,"href":"https:\/\/elektrons.lv\/lv\/wp-json\/wp\/v2\/comments?post=70"}],"version-history":[{"count":1,"href":"https:\/\/elektrons.lv\/lv\/wp-json\/wp\/v2\/pages\/70\/revisions"}],"predecessor-version":[{"id":105912,"href":"https:\/\/elektrons.lv\/lv\/wp-json\/wp\/v2\/pages\/70\/revisions\/105912"}],"wp:attachment":[{"href":"https:\/\/elektrons.lv\/lv\/wp-json\/wp\/v2\/media?parent=70"}],"wp:term":[{"taxonomy":"wf_page_folders","embeddable":true,"href":"https:\/\/elektrons.lv\/lv\/wp-json\/wp\/v2\/wf_page_folders?post=70"}],"curies":[{"name":"wp","href":"https:\/\/api.w.org\/{rel}","templated":true}]}}