{"id":78404,"date":"2026-05-14T09:34:59","date_gmt":"2026-05-14T09:34:59","guid":{"rendered":"https:\/\/elektrons.lv\/Prece\/battery-gens-ace-5000mah-72v-nimh-tamiya\/"},"modified":"2026-05-15T07:47:57","modified_gmt":"2026-05-15T07:47:57","slug":"battery-gens-ace-5000mah-72v-nimh-tamiya","status":"publish","type":"product","link":"https:\/\/elektrons.lv\/lv\/Prece\/battery-gens-ace-5000mah-72v-nimh-tamiya\/","title":{"rendered":"Battery Gens Ace 5000mAh 7,2V NiMH Tamiya"},"content":{"rendered":"<div style=\"text-align: left;\" class=\"iai_top\"><span style=\"color: #999999;\"><span style=\"font-size: 18.6667px;\"><strong>Product description<\/strong><\/span><\/span><\/p>\n<hr \/>\n<\/div>\n<div class=\"iai_mid\">\n<div class=\"iai_left\"><span style=\"font-size: 12pt; color: #333333;\"><strong>Voltage &#8211;<\/strong>\u00a07,2 V <\/span><br \/><span style=\"font-size: 12pt; color: #333333;\"><strong>Capacity &#8211;<\/strong>\u00a05000 mAh <\/span><br \/><span style=\"font-size: 12pt; color: #333333;\"><strong>Connector type &#8211;<\/strong>\u00a0Tamiya<\/span><br \/><span style=\"font-size: 12pt; color: #333333;\"><strong>Length\u00a0&#8211;<\/strong>\u00a0142 mm <\/span><br \/><span style=\"font-size: 12pt; color: #333333;\"><strong>Width\u00a0&#8211;<\/strong>\u00a048,5 mm <\/span><br \/><span style=\"font-size: 12pt; color: #333333;\"><strong>Heigth\u00a0&#8211;<\/strong>\u00a025,5 mm <\/span><br \/><span style=\"font-size: 12pt; color: #333333;\"><strong>Weigth &#8211;<\/strong>\u00a0420 g<\/span><\/div>\n<div class=\"iai_right\"><span style=\"font-size: 12pt; color: #333333;\"><br \/>NiMH type battery pack with Tamiya plug is a product suitable for use with RC cars and tanks.<\/span><\/div>\n<\/div>\n<div style=\"text-align: left;\" class=\"iai_top\"><span style=\"color: #333333; font-size: 12pt;\"><span style=\"color: #333333; font-size: 12pt;\">\u00a0<\/span><\/span><\/div>","protected":false},"excerpt":{"rendered":"<p>Product description Voltage &#8211;\u00a07,2 V Capacity &#8211;\u00a05000 mAh Connector type &#8211;\u00a0TamiyaLength\u00a0&#8211;\u00a0142 mm Width\u00a0&#8211;\u00a048,5 mm Heigth\u00a0&#8211;\u00a025,5 mm Weigth &#8211;\u00a0420 g NiMH type battery pack with Tamiya plug is a product suitable for use with RC cars and tanks. \u00a0<\/p>","protected":false},"featured_media":105786,"comment_status":"open","ping_status":"closed","template":"","meta":[],"location":[19557,19558],"product_brand":[],"product_cat":[12054],"product_tag":[],"class_list":{"0":"post-78404","1":"product","2":"type-product","3":"status-publish","4":"has-post-thumbnail","6":"location-innpro_stock_location","7":"location-local_stock_location","8":"product_cat-lithium-and-nimh","10":"first","11":"instock","12":"sale","13":"taxable","14":"shipping-taxable","15":"purchasable","16":"product-type-simple"},"aioseo_notices":[],"locations":[{"id":19557,"name":"Pieg\u0101d\u0101ja noliktav\u0101 (5-7dd.d)","slug":"innpro_stock_location","quantity":"814"},{"id":19558,"name":"R\u012bgas veikals (0-2dd.d)","slug":"local_stock_location","quantity":"0"}],"_links":{"self":[{"href":"https:\/\/elektrons.lv\/lv\/wp-json\/wp\/v2\/product\/78404","targetHints":{"allow":["GET"]}}],"collection":[{"href":"https:\/\/elektrons.lv\/lv\/wp-json\/wp\/v2\/product"}],"about":[{"href":"https:\/\/elektrons.lv\/lv\/wp-json\/wp\/v2\/types\/product"}],"replies":[{"embeddable":true,"href":"https:\/\/elektrons.lv\/lv\/wp-json\/wp\/v2\/comments?post=78404"}],"wp:featuredmedia":[{"embeddable":true,"href":"https:\/\/elektrons.lv\/lv\/wp-json\/wp\/v2\/media\/105786"}],"wp:attachment":[{"href":"https:\/\/elektrons.lv\/lv\/wp-json\/wp\/v2\/media?parent=78404"}],"wp:term":[{"taxonomy":"location","embeddable":true,"href":"https:\/\/elektrons.lv\/lv\/wp-json\/wp\/v2\/location?post=78404"},{"taxonomy":"product_brand","embeddable":true,"href":"https:\/\/elektrons.lv\/lv\/wp-json\/wp\/v2\/product_brand?post=78404"},{"taxonomy":"product_cat","embeddable":true,"href":"https:\/\/elektrons.lv\/lv\/wp-json\/wp\/v2\/product_cat?post=78404"},{"taxonomy":"product_tag","embeddable":true,"href":"https:\/\/elektrons.lv\/lv\/wp-json\/wp\/v2\/product_tag?post=78404"}],"curies":[{"name":"wp","href":"https:\/\/api.w.org\/{rel}","templated":true}]}}