{"id":78409,"date":"2026-05-14T09:34:59","date_gmt":"2026-05-14T09:34:59","guid":{"rendered":"https:\/\/elektrons.lv\/Prece\/baseus-yiven-audio-cable-usb-c-to-mini-jack-35mm-1-2m-black\/"},"modified":"2026-05-14T12:20:32","modified_gmt":"2026-05-14T12:20:32","slug":"baseus-yiven-audio-cable-usb-c-to-mini-jack-35mm-1-2m-black","status":"publish","type":"product","link":"https:\/\/elektrons.lv\/lv\/Prece\/baseus-yiven-audio-cable-usb-c-to-mini-jack-35mm-1-2m-black\/","title":{"rendered":"Baseus Yiven Audio cable USB-C to mini jack 3,5mm, 1.2m (Black)"},"content":{"rendered":"<h3>Audio Cable USB-C to mini jack 3,5 mm<\/h3>\n<p>The Baseus Yiven audio cable is used to connect USB-C-port devices to speakers, headphones and other audio devices with a 3.5mm mini jack port. The cable is made of aluminum and TPE for long life. The gold-plated ends allow for stable sound transmission without any interference.<\/p>\n<p><img decoding=\"async\" src=\"https:\/\/b2b.innpro.pl\/data\/include\/cms\/6Kuba\/Baseus\/Yiven-audio-cable\/1200_.jpg\"><\/p>\n<div class=\"table-wrapper\">\n<table width=\"699\">\n<tbody>\n<tr>\n<td>Ra\u017eojo\u0161s<\/td>\n<td><span>Baseus<\/span><\/td>\n<\/tr>\n<tr>\n<td>Modelis<\/td>\n<td>Yiven Type-C male To 3.5 male Audio Cable<\/td>\n<\/tr>\n<tr>\n<td>Preces kods<\/td>\n<td>CAM01-01<\/td>\n<\/tr>\n<tr>\n<td>Materi\u0101ls<\/td>\n<td>Aluminium +\u00a0TPE<\/td>\n<\/tr>\n<tr>\n<td>Connector<\/td>\n<td>USB-C,\u00a0mini jack 3,5 mm<\/td>\n<\/tr>\n<tr>\n<td>Kr\u0101sa<\/td>\n<td>Melns<\/td>\n<\/tr>\n<tr>\n<td>Garums<\/td>\n<td>1,2 m<\/td>\n<\/tr>\n<\/tbody>\n<\/table>\n<\/div>","protected":false},"excerpt":{"rendered":"<p>Audio Cable USB-C to mini jack 3,5 mm The Baseus Yiven audio cable is used to connect USB-C-port devices to speakers, headphones and other audio devices with a 3.5mm mini jack port. The cable is made of aluminum and TPE for long life. The gold-plated ends allow for stable sound transmission without any interference. Producent [&#8230;]\n","protected":false},"featured_media":105765,"comment_status":"open","ping_status":"closed","template":"","meta":[],"location":[19557,19558],"product_brand":[],"product_cat":[12070],"product_tag":[],"class_list":{"0":"post-78409","1":"product","2":"type-product","3":"status-publish","4":"has-post-thumbnail","6":"location-innpro_stock_location","7":"location-local_stock_location","8":"product_cat-audio-cables","10":"first","11":"outofstock","12":"taxable","13":"shipping-taxable","14":"purchasable","15":"product-type-simple"},"aioseo_notices":[],"locations":[{"id":19557,"name":"Pieg\u0101d\u0101ja noliktav\u0101 (5-7dd.d)","slug":"innpro_stock_location","quantity":"0"},{"id":19558,"name":"R\u012bgas veikals (0-2dd.d)","slug":"local_stock_location","quantity":"0"}],"_links":{"self":[{"href":"https:\/\/elektrons.lv\/lv\/wp-json\/wp\/v2\/product\/78409","targetHints":{"allow":["GET"]}}],"collection":[{"href":"https:\/\/elektrons.lv\/lv\/wp-json\/wp\/v2\/product"}],"about":[{"href":"https:\/\/elektrons.lv\/lv\/wp-json\/wp\/v2\/types\/product"}],"replies":[{"embeddable":true,"href":"https:\/\/elektrons.lv\/lv\/wp-json\/wp\/v2\/comments?post=78409"}],"wp:featuredmedia":[{"embeddable":true,"href":"https:\/\/elektrons.lv\/lv\/wp-json\/wp\/v2\/media\/105765"}],"wp:attachment":[{"href":"https:\/\/elektrons.lv\/lv\/wp-json\/wp\/v2\/media?parent=78409"}],"wp:term":[{"taxonomy":"location","embeddable":true,"href":"https:\/\/elektrons.lv\/lv\/wp-json\/wp\/v2\/location?post=78409"},{"taxonomy":"product_brand","embeddable":true,"href":"https:\/\/elektrons.lv\/lv\/wp-json\/wp\/v2\/product_brand?post=78409"},{"taxonomy":"product_cat","embeddable":true,"href":"https:\/\/elektrons.lv\/lv\/wp-json\/wp\/v2\/product_cat?post=78409"},{"taxonomy":"product_tag","embeddable":true,"href":"https:\/\/elektrons.lv\/lv\/wp-json\/wp\/v2\/product_tag?post=78409"}],"curies":[{"name":"wp","href":"https:\/\/api.w.org\/{rel}","templated":true}]}}