{"id":78413,"date":"2026-05-14T09:35:00","date_gmt":"2026-05-14T09:35:00","guid":{"rendered":"https:\/\/elektrons.lv\/Prece\/baseus-cafule-double-sided-usb-lightning-cable-24a-1m-blackred\/"},"modified":"2026-05-15T07:47:57","modified_gmt":"2026-05-15T07:47:57","slug":"baseus-cafule-double-sided-usb-lightning-cable-24a-1m-blackred","status":"publish","type":"product","link":"https:\/\/elektrons.lv\/lv\/Prece\/baseus-cafule-double-sided-usb-lightning-cable-24a-1m-blackred\/","title":{"rendered":"Baseus Cafule Double-sided USB Lightning Cable 2,4A 1m (Black+Red)"},"content":{"rendered":"<h3>Double-sided USB Cable<\/h3>\n<p>The length of the Baseus cable is 100 cm and the maximum output current is 2.4 A. The cable provides comfort of use and high functionality. It is made of high quality materials, which ensure long product durability. It is made of nylon material, so it does not get tangled up. The cable allows you to charge and transfer files between USB devices and Apple devices with a Lightning input. Double-sided USB connector prevents incorrect plugging into the socket. Aluminum tips, braided sleeving, and reinforced rubber bond ensure a longer durability.<\/p>\n<p><img decoding=\"async\" src=\"https:\/\/b2b.innpro.pl\/data\/include\/cms\/5przemek\/0000-Baseus\/Nowe-statek1\/CALKLF-G09\/CALKLF-G09-7.jpg\"><\/p>\n<div class=\"table-wrapper\">\n<table width=\"699\">\n<tbody>\n<tr>\n<td>Ra\u017eojo\u0161s<\/td>\n<td><span>Baseus<\/span><\/td>\n<\/tr>\n<tr>\n<td>Modelis<\/td>\n<td>Cafule Cable\u00a0(special edition)<\/td>\n<\/tr>\n<tr>\n<td>Preces kods<\/td>\n<td>CALKLF<span>-G91<\/span><\/td>\n<\/tr>\n<tr>\n<td>Materi\u0101ls<\/td>\n<td>Nylon, Aluminium, TPE<\/td>\n<\/tr>\n<tr>\n<td>Savienot\u0101ji<\/td>\n<td>USB (Double-sided), Lightning<\/td>\n<\/tr>\n<tr>\n<td>Maximum Transfer<\/td>\n<td>480 Mbps<\/td>\n<\/tr>\n<tr>\n<td>Kr\u0101sa<\/td>\n<td>Black+Red<\/td>\n<\/tr>\n<tr>\n<td>Garums<\/td>\n<td>1 m<\/td>\n<\/tr>\n<tr>\n<td>Output current<\/td>\n<td>2,4 A<\/td>\n<\/tr>\n<\/tbody>\n<\/table>\n<\/div>","protected":false},"excerpt":{"rendered":"<p>Double-sided USB Cable The length of the Baseus cable is 100 cm and the maximum output current is 2.4 A. The cable provides comfort of use and high functionality. It is made of high quality materials, which ensure long product durability. It is made of nylon material, so it does not get tangled up. The [&#8230;]\n","protected":false},"featured_media":105724,"comment_status":"open","ping_status":"closed","template":"","meta":[],"location":[19557,19558],"product_brand":[],"product_cat":[12032],"product_tag":[],"class_list":{"0":"post-78413","1":"product","2":"type-product","3":"status-publish","4":"has-post-thumbnail","6":"location-innpro_stock_location","7":"location-local_stock_location","8":"product_cat-usb-to-lightning","10":"first","11":"instock","12":"sale","13":"taxable","14":"shipping-taxable","15":"purchasable","16":"product-type-simple"},"aioseo_notices":[],"locations":[{"id":19557,"name":"Pieg\u0101d\u0101ja noliktav\u0101 (5-7dd.d)","slug":"innpro_stock_location","quantity":"1"},{"id":19558,"name":"R\u012bgas veikals (0-2dd.d)","slug":"local_stock_location","quantity":"0"}],"_links":{"self":[{"href":"https:\/\/elektrons.lv\/lv\/wp-json\/wp\/v2\/product\/78413","targetHints":{"allow":["GET"]}}],"collection":[{"href":"https:\/\/elektrons.lv\/lv\/wp-json\/wp\/v2\/product"}],"about":[{"href":"https:\/\/elektrons.lv\/lv\/wp-json\/wp\/v2\/types\/product"}],"replies":[{"embeddable":true,"href":"https:\/\/elektrons.lv\/lv\/wp-json\/wp\/v2\/comments?post=78413"}],"wp:featuredmedia":[{"embeddable":true,"href":"https:\/\/elektrons.lv\/lv\/wp-json\/wp\/v2\/media\/105724"}],"wp:attachment":[{"href":"https:\/\/elektrons.lv\/lv\/wp-json\/wp\/v2\/media?parent=78413"}],"wp:term":[{"taxonomy":"location","embeddable":true,"href":"https:\/\/elektrons.lv\/lv\/wp-json\/wp\/v2\/location?post=78413"},{"taxonomy":"product_brand","embeddable":true,"href":"https:\/\/elektrons.lv\/lv\/wp-json\/wp\/v2\/product_brand?post=78413"},{"taxonomy":"product_cat","embeddable":true,"href":"https:\/\/elektrons.lv\/lv\/wp-json\/wp\/v2\/product_cat?post=78413"},{"taxonomy":"product_tag","embeddable":true,"href":"https:\/\/elektrons.lv\/lv\/wp-json\/wp\/v2\/product_tag?post=78413"}],"curies":[{"name":"wp","href":"https:\/\/api.w.org\/{rel}","templated":true}]}}