{"id":78419,"date":"2026-05-14T09:35:00","date_gmt":"2026-05-14T09:35:00","guid":{"rendered":"https:\/\/elektrons.lv\/Prece\/yeelight-led-lightstrip-extension-1-m\/"},"modified":"2026-05-15T07:47:57","modified_gmt":"2026-05-15T07:47:57","slug":"yeelight-led-lightstrip-extension-1-m","status":"publish","type":"product","link":"https:\/\/elektrons.lv\/lv\/Prece\/yeelight-led-lightstrip-extension-1-m\/","title":{"rendered":"Yeelight LED Lightstrip Extension (1 m)"},"content":{"rendered":"<h3>Yeelight LED Lightstrip Extension<\/h3>\n<p>Yeelight Lightstrip Extension is a 100 cm extension of LED Lightstrip 1S tape &#8211; with them the tape can reach a maximum length of 10 m on a single power supply. Simple design and easy connection will make it easy for you to install it yourself anywhere. Now, thanks to the extension, you will gain the range of LED tape you need to best match the lighting to your needs. The Yeelight brand is part of the Xiaomi ecosystem.<\/p>\n<p><img decoding=\"async\" src=\"https:\/\/b2b.innpro.pl\/data\/include\/cms\/12Yeelight\/YLOT01YL\/2.jpg\" alt=\"12Yeelight\/YLOT01YL\/2\"><\/p>\n<h3>Durable and durable<\/h3>\n<p>The mercury-free PU gel makes the LED strip adapt its shape to any form. It has an unprecedented flexible structure that not only protects the tape&#8217;s LEDs, but also yields during installation, making it much easier.<\/p>\n<p><img decoding=\"async\" src=\"https:\/\/b2b.innpro.pl\/data\/include\/cms\/12Yeelight\/YLOT01YL\/9.jpg\" alt=\"12Yeelight\/YLOT01YL\/9\"><\/p>\n<h3>Easy installation<\/h3>\n<p>The adhesive tape on the back of the LED strip is designed for easy installation. The product is ready for installation &#8211; just remove the top of the tape and stick the LEDs in the appropriate place.<\/p>\n<p><img decoding=\"async\" src=\"https:\/\/b2b.innpro.pl\/data\/include\/cms\/12Yeelight\/YLOT01YL\/8.jpg\" alt=\"12Yeelight\/YLOT01YL\/8\"><\/p>\n<h3>Decorate whatever you want with it<\/h3>\n<p>Thanks to its flexibility, the tape can be installed wherever you need it. Behind the TV, around the picture, under the bed and in many other places. With the help of the tape, you will not only brighten up rooms, but also decorate your home and create the atmosphere you want.<\/p>\n<p><img decoding=\"async\" src=\"https:\/\/b2b.innpro.pl\/data\/include\/cms\/12Yeelight\/YLOT01YL\/6.jpg\" alt=\"12Yeelight\/YLOT01YL\/6\"><\/p>\n<h3>Synchronize music with LED tape<\/h3>\n<p>With the YEELIGHT app, you can combine the rhythm of music with light, creating an even better environment for entertaining.<\/p>\n<p><img decoding=\"async\" src=\"https:\/\/b2b.innpro.pl\/data\/include\/cms\/12Yeelight\/YLOT01YL\/3.jpg\" alt=\"12Yeelight\/YLOT01YL\/3\"><\/p>\n<h3>Practical possibilities<\/h3>\n<p>You can turn the tape on or off with a key, or change the color by pressing longer. A particularly convenient solution at night when you can&#8217;t find your smartphone. The tape can be integrated with other Xiaomi EcoSystem products. It can also work with other devices.<\/p>\n<p><img decoding=\"async\" src=\"https:\/\/b2b.innpro.pl\/data\/include\/cms\/12Yeelight\/YLOT01YL\/5.jpg\" alt=\"12Yeelight\/YLOT01YL\/5\"><\/p>\n<h3>Create your own atmosphere<\/h3>\n<p>From blue to orange, from night to daylight. Use the presets from the YEELIGHT app &#8211; it will give you quick access to multiple colors to suit different moods. You can also add selected compositions to your favorites. You can easily change the mood in your home by setting the temperature and color of the light. Use the tape to build a romantic atmosphere wherever you desire.<\/p>\n<p><img decoding=\"async\" src=\"https:\/\/b2b.innpro.pl\/data\/include\/cms\/12Yeelight\/YLOT01YL\/7.jpg\" alt=\"12Yeelight\/YLOT01YL\/7\"><\/p>\n<div class=\"table-wrapper\">\n<table>\n<tbody>\n<tr>\n<th>Ra\u017eot\u0101js<\/th>\n<td>Yeelight<\/td>\n<\/tr>\n<tr>\n<th>Modelis <\/th>\n<td>YLOT01YL<\/td>\n<\/tr>\n<tr>\n<th>Nomin\u0101l\u0101 jauda <\/th>\n<td>2,1 W<\/td>\n<\/tr>\n<tr>\n<th>Garums <\/th>\n<td>1 m<\/td>\n<\/tr>\n<\/tbody>\n<\/table>\n<\/div>","protected":false},"excerpt":{"rendered":"<p>Yeelight LED Lightstrip Extension Yeelight Lightstrip Extension is a 100 cm extension of LED Lightstrip 1S tape &#8211; with them the tape can reach a maximum length of 10 m on a single power supply. Simple design and easy connection will make it easy for you to install it yourself anywhere. Now, thanks to the [&#8230;]\n","protected":false},"featured_media":105761,"comment_status":"open","ping_status":"closed","template":"","meta":[],"location":[19557,19558],"product_brand":[],"product_cat":[12097],"product_tag":[],"class_list":{"0":"post-78419","1":"product","2":"type-product","3":"status-publish","4":"has-post-thumbnail","6":"location-innpro_stock_location","7":"location-local_stock_location","8":"product_cat-led-strips","10":"first","11":"instock","12":"sale","13":"taxable","14":"shipping-taxable","15":"purchasable","16":"product-type-simple"},"aioseo_notices":[],"locations":[{"id":19557,"name":"Pieg\u0101d\u0101ja noliktav\u0101 (5-7dd.d)","slug":"innpro_stock_location","quantity":"296"},{"id":19558,"name":"R\u012bgas veikals (0-2dd.d)","slug":"local_stock_location","quantity":"0"}],"_links":{"self":[{"href":"https:\/\/elektrons.lv\/lv\/wp-json\/wp\/v2\/product\/78419","targetHints":{"allow":["GET"]}}],"collection":[{"href":"https:\/\/elektrons.lv\/lv\/wp-json\/wp\/v2\/product"}],"about":[{"href":"https:\/\/elektrons.lv\/lv\/wp-json\/wp\/v2\/types\/product"}],"replies":[{"embeddable":true,"href":"https:\/\/elektrons.lv\/lv\/wp-json\/wp\/v2\/comments?post=78419"}],"wp:featuredmedia":[{"embeddable":true,"href":"https:\/\/elektrons.lv\/lv\/wp-json\/wp\/v2\/media\/105761"}],"wp:attachment":[{"href":"https:\/\/elektrons.lv\/lv\/wp-json\/wp\/v2\/media?parent=78419"}],"wp:term":[{"taxonomy":"location","embeddable":true,"href":"https:\/\/elektrons.lv\/lv\/wp-json\/wp\/v2\/location?post=78419"},{"taxonomy":"product_brand","embeddable":true,"href":"https:\/\/elektrons.lv\/lv\/wp-json\/wp\/v2\/product_brand?post=78419"},{"taxonomy":"product_cat","embeddable":true,"href":"https:\/\/elektrons.lv\/lv\/wp-json\/wp\/v2\/product_cat?post=78419"},{"taxonomy":"product_tag","embeddable":true,"href":"https:\/\/elektrons.lv\/lv\/wp-json\/wp\/v2\/product_tag?post=78419"}],"curies":[{"name":"wp","href":"https:\/\/api.w.org\/{rel}","templated":true}]}}