{"id":78427,"date":"2026-05-14T09:35:01","date_gmt":"2026-05-14T09:35:01","guid":{"rendered":"https:\/\/elektrons.lv\/Prece\/diffuser-softbox-puluz-round-45cm-pu5145\/"},"modified":"2026-05-14T12:19:55","modified_gmt":"2026-05-14T12:19:55","slug":"diffuser-softbox-puluz-round-45cm-pu5145","status":"publish","type":"product","link":"https:\/\/elektrons.lv\/lv\/Prece\/diffuser-softbox-puluz-round-45cm-pu5145\/","title":{"rendered":"Diffuser softbox Puluz round 45cm PU5145"},"content":{"rendered":"<h3>Photo diffuser<\/h3>\n<p>Photo diffuser by Puluz, allows you to perfectly disperse the light allowing you to take professional photos. Evenly distributes light on the photographed subject, preventing overexposure and harsh shadows. The elastic band allows for easy and quick installation. When folded, it is extremely compact, so you can always take it with you and create a mini studio anywhere.<\/p>\n<p>\n<img decoding=\"async\" alt=\"\" border=\"0\" src=\"https:\/\/assets.innpro.pl\/14698\/18419\/3.jpg\"\/>\n<\/p>\n<div class=\"table-wrapper\">\n<p>\u00a0<\/p>\n<h3><\/h3>\n<table>\n<tbody>\n<tr>\n<th>Modelis<\/th>\n<td>PU5145<\/td>\n<\/tr>\n<tr>\n<th>Kr\u0101sa<\/th>\n<td>Melns<\/td>\n<\/tr>\n<tr>\n<th>Izm\u0113ri<\/th>\n<td>45cm x 45cm x 16cm<\/td>\n<\/tr>\n<tr>\n<th>Svars<\/th>\n<td>227g<\/td>\n<\/tr>\n<\/tbody>\n<\/table>\n<\/div>","protected":false},"excerpt":{"rendered":"<p>Photo diffuser Photo diffuser by Puluz, allows you to perfectly disperse the light allowing you to take professional photos. Evenly distributes light on the photographed subject, preventing overexposure and harsh shadows. The elastic band allows for easy and quick installation. When folded, it is extremely compact, so you can always take it with you and [&#8230;]\n","protected":false},"featured_media":105673,"comment_status":"open","ping_status":"closed","template":"","meta":[],"location":[19557,19558],"product_brand":[],"product_cat":[12138],"product_tag":[],"class_list":{"0":"post-78427","1":"product","2":"type-product","3":"status-publish","4":"has-post-thumbnail","6":"location-innpro_stock_location","7":"location-local_stock_location","8":"product_cat-softboxes","10":"first","11":"outofstock","12":"taxable","13":"shipping-taxable","14":"purchasable","15":"product-type-simple"},"aioseo_notices":[],"locations":[{"id":19557,"name":"Pieg\u0101d\u0101ja noliktav\u0101 (5-7dd.d)","slug":"innpro_stock_location","quantity":"0"},{"id":19558,"name":"R\u012bgas veikals (0-2dd.d)","slug":"local_stock_location","quantity":"0"}],"_links":{"self":[{"href":"https:\/\/elektrons.lv\/lv\/wp-json\/wp\/v2\/product\/78427","targetHints":{"allow":["GET"]}}],"collection":[{"href":"https:\/\/elektrons.lv\/lv\/wp-json\/wp\/v2\/product"}],"about":[{"href":"https:\/\/elektrons.lv\/lv\/wp-json\/wp\/v2\/types\/product"}],"replies":[{"embeddable":true,"href":"https:\/\/elektrons.lv\/lv\/wp-json\/wp\/v2\/comments?post=78427"}],"wp:featuredmedia":[{"embeddable":true,"href":"https:\/\/elektrons.lv\/lv\/wp-json\/wp\/v2\/media\/105673"}],"wp:attachment":[{"href":"https:\/\/elektrons.lv\/lv\/wp-json\/wp\/v2\/media?parent=78427"}],"wp:term":[{"taxonomy":"location","embeddable":true,"href":"https:\/\/elektrons.lv\/lv\/wp-json\/wp\/v2\/location?post=78427"},{"taxonomy":"product_brand","embeddable":true,"href":"https:\/\/elektrons.lv\/lv\/wp-json\/wp\/v2\/product_brand?post=78427"},{"taxonomy":"product_cat","embeddable":true,"href":"https:\/\/elektrons.lv\/lv\/wp-json\/wp\/v2\/product_cat?post=78427"},{"taxonomy":"product_tag","embeddable":true,"href":"https:\/\/elektrons.lv\/lv\/wp-json\/wp\/v2\/product_tag?post=78427"}],"curies":[{"name":"wp","href":"https:\/\/api.w.org\/{rel}","templated":true}]}}