{"id":78442,"date":"2026-05-14T09:35:03","date_gmt":"2026-05-14T09:35:03","guid":{"rendered":"https:\/\/elektrons.lv\/Prece\/dual-smart-plug-wifi-gosund-sp211-3500w-tuya\/"},"modified":"2026-05-14T12:19:32","modified_gmt":"2026-05-14T12:19:32","slug":"dual-smart-plug-wifi-gosund-sp211-3500w-tuya","status":"publish","type":"product","link":"https:\/\/elektrons.lv\/lv\/Prece\/dual-smart-plug-wifi-gosund-sp211-3500w-tuya\/","title":{"rendered":"Dual smart plug WiFi Gosund SP211 3500W, Tuya"},"content":{"rendered":"<h3>Dual smart plug WiFi\u00a0<\/h3>\n<p>The Gosund SP211 socket outlet gives you the opportunity to connect two different devices to the power supply and thus create a smart home. It has a Wi-Fi function, which makes it compatible with Alexis, Google Assistant and IFTTT.\u00a0The plug does not have a grounding hole.<\/p>\n<p><img decoding=\"async\" src=\"https:\/\/b2b.innpro.pl\/data\/include\/cms\/Klaudia-Palenga\/GOSUND\/SP211\/6.jpg\" border=\"0\" \/><\/p>\n<h3>T\u0101lvad\u012bbas pults<\/h3>\n<p>The Gosund SP211 intelligent socket allows you to remotely control your devices that are connected to it. You can remotely switch them on and off, as well as plan when to switch them on or off. Thanks to that you don&#8217;t have to worry that you forgot to turn off the light when leaving the house or turn off the iron. Any device connected to the Gosund socket can be controlled remotely with your smartphone or tablet or with the help of Alex and Google Assistant voice aids.<\/p>\n<p><img decoding=\"async\" src=\"https:\/\/b2b.innpro.pl\/data\/include\/cms\/Klaudia-Palenga\/GOSUND\/SP211\/7.jpg\" border=\"0\" \/><\/p>\n<h3>Planning capabilities<\/h3>\n<p>Setting the timer to specific times allows you to plan at what times the device should be turned on. This allows you to wake up with the light already on, but you also don&#8217;t have to remember to turn off the devices manually. This not only gives you convenience, but also allows you to reduce power consumption.<\/p>\n<p><img decoding=\"async\" src=\"https:\/\/b2b.innpro.pl\/data\/include\/cms\/Klaudia-Palenga\/GOSUND\/SP211\/8.jpg\" border=\"0\" \/><\/p>\n<h3>Make your smart home<\/h3>\n<p>With Gosund SP211 you can create your own smart home and enjoy the ability to remotely control your devices, set the timer and use Alex and Google Assistant voice aids.<\/p>\n<p><img decoding=\"async\" src=\"https:\/\/b2b.innpro.pl\/panel\/\/data\/include\/cms\/Klaudia-Palenga\/GOSUND\/SP211\/9.jpg\" border=\"0\" \/><\/p>\n<div class=\"table-wrapper\">\n<table>\n<tbody>\n<tr>\n<th>Ra\u017eot\u0101js<\/th>\n<td>Gosund<\/td>\n<\/tr>\n<tr>\n<th>Modelis<\/th>\n<td>SP211<\/td>\n<\/tr>\n<tr>\n<th>Spriegums<\/th>\n<td>100 &#8211; 240 V<\/td>\n<\/tr>\n<tr>\n<th>Maksim\u0101l\u0101 str\u0101va<\/th>\n<td>16 A<\/td>\n<\/tr>\n<tr>\n<th>Maksim\u0101l\u0101 jauda<\/th>\n<td>3680 W<\/td>\n<\/tr>\n<tr>\n<th>Darba temperat\u016bra<\/th>\n<td>-20 ~ 45\u00b0C<\/td>\n<\/tr>\n<tr>\n<th>Savienojam\u012bba<\/th>\n<td>WiFi 802.11 b\/g\/n 2.4 GHz<\/td>\n<\/tr>\n<tr>\n<th>Pieteikums<\/th>\n<td>TuyaSmart, Gosund<\/td>\n<\/tr>\n<tr>\n<th>Sader\u012bba<\/th>\n<td>Amazon, Google, IFTTT<\/td>\n<\/tr>\n<tr>\n<th>Izm\u0113ri<\/th>\n<td>10.5 x 10.5 x 9 cm<\/td>\n<\/tr>\n<tr>\n<th>Status indication<\/th>\n<td>LED<\/td>\n<\/tr>\n<tr>\n<th>Timer switch<\/th>\n<td>J\u0101<\/td>\n<\/tr>\n<tr>\n<th>Electricity consumption measurement<\/th>\n<td>J\u0101<\/td>\n<\/tr>\n<\/tbody>\n<\/table>\n<\/div>","protected":false},"excerpt":{"rendered":"<p>Dual smart plug WiFi\u00a0 The Gosund SP211 socket outlet gives you the opportunity to connect two different devices to the power supply and thus create a smart home. It has a Wi-Fi function, which makes it compatible with Alexis, Google Assistant and IFTTT.\u00a0The plug does not have a grounding hole. Remote control The Gosund SP211 [&#8230;]\n","protected":false},"featured_media":105606,"comment_status":"open","ping_status":"closed","template":"","meta":[],"location":[19557,19558],"product_brand":[],"product_cat":[12104],"product_tag":[],"class_list":{"0":"post-78442","1":"product","2":"type-product","3":"status-publish","4":"has-post-thumbnail","6":"location-innpro_stock_location","7":"location-local_stock_location","8":"product_cat-power-plugs","10":"first","11":"outofstock","12":"taxable","13":"shipping-taxable","14":"purchasable","15":"product-type-simple"},"aioseo_notices":[],"locations":[{"id":19557,"name":"Pieg\u0101d\u0101ja noliktav\u0101 (5-7dd.d)","slug":"innpro_stock_location","quantity":"0"},{"id":19558,"name":"R\u012bgas veikals (0-2dd.d)","slug":"local_stock_location","quantity":"0"}],"_links":{"self":[{"href":"https:\/\/elektrons.lv\/lv\/wp-json\/wp\/v2\/product\/78442","targetHints":{"allow":["GET"]}}],"collection":[{"href":"https:\/\/elektrons.lv\/lv\/wp-json\/wp\/v2\/product"}],"about":[{"href":"https:\/\/elektrons.lv\/lv\/wp-json\/wp\/v2\/types\/product"}],"replies":[{"embeddable":true,"href":"https:\/\/elektrons.lv\/lv\/wp-json\/wp\/v2\/comments?post=78442"}],"wp:featuredmedia":[{"embeddable":true,"href":"https:\/\/elektrons.lv\/lv\/wp-json\/wp\/v2\/media\/105606"}],"wp:attachment":[{"href":"https:\/\/elektrons.lv\/lv\/wp-json\/wp\/v2\/media?parent=78442"}],"wp:term":[{"taxonomy":"location","embeddable":true,"href":"https:\/\/elektrons.lv\/lv\/wp-json\/wp\/v2\/location?post=78442"},{"taxonomy":"product_brand","embeddable":true,"href":"https:\/\/elektrons.lv\/lv\/wp-json\/wp\/v2\/product_brand?post=78442"},{"taxonomy":"product_cat","embeddable":true,"href":"https:\/\/elektrons.lv\/lv\/wp-json\/wp\/v2\/product_cat?post=78442"},{"taxonomy":"product_tag","embeddable":true,"href":"https:\/\/elektrons.lv\/lv\/wp-json\/wp\/v2\/product_tag?post=78442"}],"curies":[{"name":"wp","href":"https:\/\/api.w.org\/{rel}","templated":true}]}}