{"id":78449,"date":"2026-05-14T09:35:04","date_gmt":"2026-05-14T09:35:04","guid":{"rendered":"https:\/\/elektrons.lv\/Prece\/apparatus-puluz-led-lamp-860-lumenow\/"},"modified":"2026-05-15T07:47:59","modified_gmt":"2026-05-15T07:47:59","slug":"apparatus-puluz-led-lamp-860-lumenow","status":"publish","type":"product","link":"https:\/\/elektrons.lv\/lv\/Prece\/apparatus-puluz-led-lamp-860-lumenow\/","title":{"rendered":"Apparatus Puluz LED lamp 860 lumen\u00f3w"},"content":{"rendered":"<h3>High-quality LED lamp<\/h3>\n<p>Easy-to-carry, compact and functional LED lamp, designed for DSLR camera or smartphone tripod photography. Supports the input power of a lithium battery or 4 AA batteries. With the help of support for external power supply (micro 5 pin port), it allows for long use, such as outdoors. It has 96 pieces of high-quality LED beads.It is extremely efficient and economical.<\/p>\n<p>\n<img decoding=\"async\" alt=\"\" border=\"0\" src=\"https:\/\/assets.innpro.pl\/14678\/18399\/4.jpg\"\/>\n<\/p>\n<h3>Daudzfunkcion\u0101li<\/h3>\n<p>In addition to the possibility of mounting it directly to the camera with a foot, it can also be attached to a tripod. Extremely helpful and useful for taking amazing photos and videos.<\/p>\n<p>\n<img decoding=\"async\" alt=\"\" border=\"0\" src=\"https:\/\/assets.innpro.pl\/14678\/18399\/1.jpg\"\/>\n<\/p>\n<div class=\"table-wrapper\">\n<p>\u00a0<\/p>\n<h3><\/h3>\n<table>\n<tbody>\n<tr>\n<th>Modelis<\/th>\n<td>PU4096<\/td>\n<\/tr>\n<\/tbody>\n<\/table>\n<\/div>","protected":false},"excerpt":{"rendered":"<p>High-quality LED lamp Easy-to-carry, compact and functional LED lamp, designed for DSLR camera or smartphone tripod photography. Supports the input power of a lithium battery or 4 AA batteries. With the help of support for external power supply (micro 5 pin port), it allows for long use, such as outdoors. It has 96 pieces of [&#8230;]\n","protected":false},"featured_media":105585,"comment_status":"open","ping_status":"closed","template":"","meta":[],"location":[19557,19558],"product_brand":[],"product_cat":[12235],"product_tag":[],"class_list":{"0":"post-78449","1":"product","2":"type-product","3":"status-publish","4":"has-post-thumbnail","6":"location-innpro_stock_location","7":"location-local_stock_location","8":"product_cat-lamps","10":"first","11":"instock","12":"sale","13":"taxable","14":"shipping-taxable","15":"purchasable","16":"product-type-simple"},"aioseo_notices":[],"locations":[{"id":19557,"name":"Pieg\u0101d\u0101ja noliktav\u0101 (5-7dd.d)","slug":"innpro_stock_location","quantity":"32"},{"id":19558,"name":"R\u012bgas veikals (0-2dd.d)","slug":"local_stock_location","quantity":"0"}],"_links":{"self":[{"href":"https:\/\/elektrons.lv\/lv\/wp-json\/wp\/v2\/product\/78449","targetHints":{"allow":["GET"]}}],"collection":[{"href":"https:\/\/elektrons.lv\/lv\/wp-json\/wp\/v2\/product"}],"about":[{"href":"https:\/\/elektrons.lv\/lv\/wp-json\/wp\/v2\/types\/product"}],"replies":[{"embeddable":true,"href":"https:\/\/elektrons.lv\/lv\/wp-json\/wp\/v2\/comments?post=78449"}],"wp:featuredmedia":[{"embeddable":true,"href":"https:\/\/elektrons.lv\/lv\/wp-json\/wp\/v2\/media\/105585"}],"wp:attachment":[{"href":"https:\/\/elektrons.lv\/lv\/wp-json\/wp\/v2\/media?parent=78449"}],"wp:term":[{"taxonomy":"location","embeddable":true,"href":"https:\/\/elektrons.lv\/lv\/wp-json\/wp\/v2\/location?post=78449"},{"taxonomy":"product_brand","embeddable":true,"href":"https:\/\/elektrons.lv\/lv\/wp-json\/wp\/v2\/product_brand?post=78449"},{"taxonomy":"product_cat","embeddable":true,"href":"https:\/\/elektrons.lv\/lv\/wp-json\/wp\/v2\/product_cat?post=78449"},{"taxonomy":"product_tag","embeddable":true,"href":"https:\/\/elektrons.lv\/lv\/wp-json\/wp\/v2\/product_tag?post=78449"}],"curies":[{"name":"wp","href":"https:\/\/api.w.org\/{rel}","templated":true}]}}