{"id":78458,"date":"2026-05-14T09:35:05","date_gmt":"2026-05-14T09:35:05","guid":{"rendered":"https:\/\/elektrons.lv\/Prece\/baseus-cafule-usb-lightning-cable-24a-1m-grayblack\/"},"modified":"2026-05-15T07:47:59","modified_gmt":"2026-05-15T07:47:59","slug":"baseus-cafule-usb-lightning-cable-24a-1m-grayblack","status":"publish","type":"product","link":"https:\/\/elektrons.lv\/lv\/Prece\/baseus-cafule-usb-lightning-cable-24a-1m-grayblack\/","title":{"rendered":"Baseus Cafule USB Lightning Cable 2,4A 1m (Gray+Black)"},"content":{"rendered":"<h3>Lightning USB Cable<\/h3>\n<p>The length of the Baseus cable is 100 cm and the maximum output current is 2.4 A. The cable provides comfort of use and high functionality. It is made of high quality materials, which ensure long product life. It is made of nylon material, so it does not get tangled up. The cable allows you to charge and transfer files between USB devices and Apple devices with a Lightning input. Aluminum tips, braided sleeving, and reinforced rubber bond ensure a long durability.<\/p>\n<p><img decoding=\"async\" src=\"https:\/\/b2b.innpro.pl\/data\/include\/cms\/Baseus2\/20\/1.jpg\"><\/p>\n<div class=\"table-wrapper\">\n<table width=\"699\">\n<tbody>\n<tr>\n<td>Ra\u017eojo\u0161s<\/td>\n<td><span>Baseus<\/span><\/td>\n<\/tr>\n<tr>\n<td>Modelis<\/td>\n<td>Cafule Cable<\/td>\n<\/tr>\n<tr>\n<td>Preces kods<\/td>\n<td>CALKLF-BG1<\/td>\n<\/tr>\n<tr>\n<td>Materi\u0101ls<\/td>\n<td>Nylon, Aluminium<\/td>\n<\/tr>\n<tr>\n<td>Connector<\/td>\n<td>USB, Lightning<\/td>\n<\/tr>\n<tr>\n<td>Maximum transfer<\/td>\n<td>480 Mbps<\/td>\n<\/tr>\n<tr>\n<td>Kr\u0101sa<\/td>\n<td>Gray+Black<\/td>\n<\/tr>\n<tr>\n<td>Garums<\/td>\n<td>1 m<\/td>\n<\/tr>\n<tr>\n<td>Output current<\/td>\n<td>2,4 A<\/td>\n<\/tr>\n<\/tbody>\n<\/table>\n<\/div>","protected":false},"excerpt":{"rendered":"<p>Lightning USB Cable The length of the Baseus cable is 100 cm and the maximum output current is 2.4 A. The cable provides comfort of use and high functionality. It is made of high quality materials, which ensure long product life. It is made of nylon material, so it does not get tangled up. The [&#8230;]\n","protected":false},"featured_media":105488,"comment_status":"open","ping_status":"closed","template":"","meta":[],"location":[19557,19558],"product_brand":[],"product_cat":[12032],"product_tag":[],"class_list":{"0":"post-78458","1":"product","2":"type-product","3":"status-publish","4":"has-post-thumbnail","6":"location-innpro_stock_location","7":"location-local_stock_location","8":"product_cat-usb-to-lightning","10":"first","11":"instock","12":"sale","13":"taxable","14":"shipping-taxable","15":"purchasable","16":"product-type-simple"},"aioseo_notices":[],"locations":[{"id":19557,"name":"Pieg\u0101d\u0101ja noliktav\u0101 (5-7dd.d)","slug":"innpro_stock_location","quantity":"2358"},{"id":19558,"name":"R\u012bgas veikals (0-2dd.d)","slug":"local_stock_location","quantity":"0"}],"_links":{"self":[{"href":"https:\/\/elektrons.lv\/lv\/wp-json\/wp\/v2\/product\/78458","targetHints":{"allow":["GET"]}}],"collection":[{"href":"https:\/\/elektrons.lv\/lv\/wp-json\/wp\/v2\/product"}],"about":[{"href":"https:\/\/elektrons.lv\/lv\/wp-json\/wp\/v2\/types\/product"}],"replies":[{"embeddable":true,"href":"https:\/\/elektrons.lv\/lv\/wp-json\/wp\/v2\/comments?post=78458"}],"wp:featuredmedia":[{"embeddable":true,"href":"https:\/\/elektrons.lv\/lv\/wp-json\/wp\/v2\/media\/105488"}],"wp:attachment":[{"href":"https:\/\/elektrons.lv\/lv\/wp-json\/wp\/v2\/media?parent=78458"}],"wp:term":[{"taxonomy":"location","embeddable":true,"href":"https:\/\/elektrons.lv\/lv\/wp-json\/wp\/v2\/location?post=78458"},{"taxonomy":"product_brand","embeddable":true,"href":"https:\/\/elektrons.lv\/lv\/wp-json\/wp\/v2\/product_brand?post=78458"},{"taxonomy":"product_cat","embeddable":true,"href":"https:\/\/elektrons.lv\/lv\/wp-json\/wp\/v2\/product_cat?post=78458"},{"taxonomy":"product_tag","embeddable":true,"href":"https:\/\/elektrons.lv\/lv\/wp-json\/wp\/v2\/product_tag?post=78458"}],"curies":[{"name":"wp","href":"https:\/\/api.w.org\/{rel}","templated":true}]}}