{"id":78459,"date":"2026-05-14T09:35:05","date_gmt":"2026-05-14T09:35:05","guid":{"rendered":"https:\/\/elektrons.lv\/Prece\/baseus-cafule-cable-usb-lightning-1-5-a-2m-goldblack\/"},"modified":"2026-05-14T12:18:55","modified_gmt":"2026-05-14T12:18:55","slug":"baseus-cafule-cable-usb-lightning-1-5-a-2m-goldblack","status":"publish","type":"product","link":"https:\/\/elektrons.lv\/lv\/Prece\/baseus-cafule-cable-usb-lightning-1-5-a-2m-goldblack\/","title":{"rendered":"Baseus Cafule Cable USB Lightning 1.5 A 2m (Gold+Black)"},"content":{"rendered":"<h3>High Quality<\/h3>\n<p>KThe USB Lightning cable allows for a 1.5 A charge, 480 Mbps data transfer, and is also made of robust nylon, resistant to mechanical damage and breakage.\u00a0<\/p>\n<p><img decoding=\"async\" src=\"https:\/\/b2b.innpro.pl\/data\/include\/cms\/6Kuba\/Baseus\/CALKLF-AV3\/1.jpg\"><\/p>\n<h3>Fast transfer<\/h3>\n<p>With data transmission at 480 Mbps, it allows you to transfer files, i.e. photos, films and documents in an extremely short time! Upload photos and videos from your phone to your computer and backwards at a fast speed.<\/p>\n<p><img decoding=\"async\" src=\"https:\/\/b2b.innpro.pl\/data\/include\/cms\/6Kuba\/Baseus\/CALKLF-AV3\/2.jpg\"><\/p>\n<h3>Reinforced<\/h3>\n<p>The cable is made of flexible and durable nylon and the plug is finished with an aluminium housing. Due to this fact, it is resistant to tears and mechanical damage, most often occurring in cables of this type. It passed the test positively, keeping 50 kg without any damage.<\/p>\n<p><img decoding=\"async\" src=\"https:\/\/b2b.innpro.pl\/data\/include\/cms\/6Kuba\/Baseus\/CALKLF-AV3\/3.jpg\"><\/p>\n<div class=\"table-wrapper\">\n<table width=\"699\">\n<tbody>\n<tr>\n<td><span><strong>Ra\u017eojo\u0161s<\/strong><\/span><\/td>\n<td><span>Baseus<\/span><\/td>\n<\/tr>\n<tr>\n<td><span><strong>V\u0101rds<\/strong><\/span><\/td>\n<td><span>Cafule Cable USB<\/span><\/td>\n<\/tr>\n<tr>\n<td><span><strong>Preces kods<\/strong><\/span><\/td>\n<td><span>CALKLF-CV1<\/span><\/td>\n<\/tr>\n<tr>\n<td><span><strong>Materi\u0101ls<\/strong><\/span><\/td>\n<td><span>Aluminium + TPE + Nylon<\/span><\/td>\n<\/tr>\n<tr>\n<td><span><strong>Connector<\/strong><\/span><\/td>\n<td><span>USB uz Lightning<\/span><\/td>\n<\/tr>\n<tr>\n<td><span><strong>Garums<\/strong><\/span><\/td>\n<td><span>2 m<\/span><\/td>\n<\/tr>\n<tr>\n<td><span><strong>Kr\u0101sa<\/strong><\/span><\/td>\n<td><span>Gold+Black<\/span><\/td>\n<\/tr>\n<tr>\n<td><span><strong>Transmission rate<\/strong><\/span><\/td>\n<td><span>480 Mbps<\/span><\/td>\n<\/tr>\n<\/tbody>\n<\/table>\n<\/div>","protected":false},"excerpt":{"rendered":"<p>High Quality KThe USB Lightning cable allows for a 1.5 A charge, 480 Mbps data transfer, and is also made of robust nylon, resistant to mechanical damage and breakage.\u00a0 Fast transfer With data transmission at 480 Mbps, it allows you to transfer files, i.e. photos, films and documents in an extremely short time! Upload photos [&#8230;]\n","protected":false},"featured_media":105499,"comment_status":"open","ping_status":"closed","template":"","meta":[],"location":[19557,19558],"product_brand":[],"product_cat":[12032],"product_tag":[],"class_list":{"0":"post-78459","1":"product","2":"type-product","3":"status-publish","4":"has-post-thumbnail","6":"location-innpro_stock_location","7":"location-local_stock_location","8":"product_cat-usb-to-lightning","10":"first","11":"outofstock","12":"taxable","13":"shipping-taxable","14":"purchasable","15":"product-type-simple"},"aioseo_notices":[],"locations":[{"id":19557,"name":"Pieg\u0101d\u0101ja noliktav\u0101 (5-7dd.d)","slug":"innpro_stock_location","quantity":"0"},{"id":19558,"name":"R\u012bgas veikals (0-2dd.d)","slug":"local_stock_location","quantity":"0"}],"_links":{"self":[{"href":"https:\/\/elektrons.lv\/lv\/wp-json\/wp\/v2\/product\/78459","targetHints":{"allow":["GET"]}}],"collection":[{"href":"https:\/\/elektrons.lv\/lv\/wp-json\/wp\/v2\/product"}],"about":[{"href":"https:\/\/elektrons.lv\/lv\/wp-json\/wp\/v2\/types\/product"}],"replies":[{"embeddable":true,"href":"https:\/\/elektrons.lv\/lv\/wp-json\/wp\/v2\/comments?post=78459"}],"wp:featuredmedia":[{"embeddable":true,"href":"https:\/\/elektrons.lv\/lv\/wp-json\/wp\/v2\/media\/105499"}],"wp:attachment":[{"href":"https:\/\/elektrons.lv\/lv\/wp-json\/wp\/v2\/media?parent=78459"}],"wp:term":[{"taxonomy":"location","embeddable":true,"href":"https:\/\/elektrons.lv\/lv\/wp-json\/wp\/v2\/location?post=78459"},{"taxonomy":"product_brand","embeddable":true,"href":"https:\/\/elektrons.lv\/lv\/wp-json\/wp\/v2\/product_brand?post=78459"},{"taxonomy":"product_cat","embeddable":true,"href":"https:\/\/elektrons.lv\/lv\/wp-json\/wp\/v2\/product_cat?post=78459"},{"taxonomy":"product_tag","embeddable":true,"href":"https:\/\/elektrons.lv\/lv\/wp-json\/wp\/v2\/product_tag?post=78459"}],"curies":[{"name":"wp","href":"https:\/\/api.w.org\/{rel}","templated":true}]}}