{"id":78460,"date":"2026-05-14T09:35:05","date_gmt":"2026-05-14T09:35:05","guid":{"rendered":"https:\/\/elektrons.lv\/Prece\/battery-gens-ace-5000mah-44-4v-60-120c-12s1p\/"},"modified":"2026-05-15T07:47:59","modified_gmt":"2026-05-15T07:47:59","slug":"battery-gens-ace-5000mah-44-4v-60-120c-12s1p","status":"publish","type":"product","link":"https:\/\/elektrons.lv\/lv\/Prece\/battery-gens-ace-5000mah-44-4v-60-120c-12s1p\/","title":{"rendered":"Battery Gens Ace 5000mAh 44.4V 60\/120C 12S1P"},"content":{"rendered":"<div class=\"iai_top\" style=\"text-align: left;\"><span style=\"font-size: 14pt;\"><span style=\"font-size: 14pt;\"><strong><span style=\"color: #999999;\"><\/p>\n<p>Product description<\/span><\/strong><\/span><\/span><\/p>\n<hr\/>\n<\/div>\n<div class=\"iai_mid\">\n<div class=\"iai_left\"><span style=\"font-size: 12pt; color: #333333;\"><strong><br \/>Voltage &#8211;<\/strong>44,4 V<\/span><br \/><span style=\"font-size: 12pt; color: #333333;\"><strong>Capacity &#8211;<\/strong>5000mAh<\/span><br \/><span style=\"font-size: 12pt; color: #333333;\"><strong>Number of cells &#8211;<\/strong>12<\/span><br \/><span style=\"font-size: 12pt; color: #333333;\"><strong>Connector type &#8211;<\/strong>EC5<\/span><br \/><span style=\"font-size: 12pt; color: #333333;\"><strong>Balancer type &#8211;<\/strong>JST-XHR<\/span><br \/><span style=\"font-size: 12pt; color: #333333;\"><strong>Discharge current (continuous) -.<\/strong>60C<\/span><br \/><span style=\"font-size: 12pt; color: #333333;\"><strong>Discharge current (peak) &#8211;<\/strong>120C<\/span><br \/><span style=\"font-size: 12pt; color: #333333;\"><strong>Length &#8211;<\/strong>320 mm<\/span><br \/><span style=\"font-size: 12pt; color: #333333;\"><strong>Width &#8211;<\/strong>50 mm<\/span><br \/><span style=\"font-size: 12pt; color: #333333;\"><strong>Height &#8211;<\/strong>50 mm<br \/><strong>Weight &#8211;<\/strong><span>1520 g<\/span><\/span><span style=\"font-size: 12pt; color: #333333;\"><\/p>\n<p><\/span><\/div>\n<div class=\"iai_left\"><span style=\"font-size: 12pt; color: #333333;\"><\/span><\/div>\n<div class=\"iai_right\" style=\"text-align: justify;\"><span style=\"font-size: 12pt; color: #333333;\"><br \/>Batteries of unrivaled quality. They offer exceptional power whether you&#8217;re using smaller drones for recreational use or heavy rigs for commercial applications. Batteries often look similar from the outside &#8211; their real power, however, lies inside.<\/span><\/div>\n<div class=\"iai_top\" style=\"text-align: center;\"><\/div>\n<div class=\"iai_top\" style=\"text-align: left;\"><\/div>\n<div class=\"iai_top\" style=\"text-align: left;\"><span style=\"font-size: 12pt; color: #333333;\"><span style=\"font-size: 12pt; color: #333333;\"><span><span>\u00a0<\/span><\/span><\/span><\/span><\/div>\n<div class=\"iai_top\" style=\"text-align: center;\">\n<div class=\"iai_top\" style=\"text-align: left;\"><span><span style=\"color: #999999; font-size: 14pt;\"><strong>Safety instructions<\/strong><\/span><br \/><\/span><\/p>\n<hr\/>\n<\/div>\n<div class=\"iai_mid\"><\/div>\n<\/div>\n<div class=\"iai_top\" style=\"text-align: justify;\"><span style=\"color: #333333; font-size: 12pt;\"><span style=\"color: #333333; font-size: 12pt;\"><br \/>Do not discharge below 3.0V per cell. Charge only with a microprocessor-based charger in lithium-polymer pack charging mode. Do not short-circuit the poles, do not puncture, do not expose to direct sunlight, store away from flammable objects, dispose of in specially prepared containers<\/p>\n<p><\/span><\/span><\/div>\n<\/div>","protected":false},"excerpt":{"rendered":"<p>Product description Voltage &#8211;44,4 VCapacity &#8211;5000mAhNumber of cells &#8211;12Connector type &#8211;EC5Balancer type &#8211;JST-XHRDischarge current (continuous) -.60CDischarge current (peak) &#8211;120CLength &#8211;320 mmWidth &#8211;50 mmHeight &#8211;50 mmWeight &#8211;1520 g Batteries of unrivaled quality. They offer exceptional power whether you&#8217;re using smaller drones for recreational use or heavy rigs for commercial applications. Batteries often look similar from the [&#8230;]\n","protected":false},"featured_media":105510,"comment_status":"open","ping_status":"closed","template":"","meta":[],"location":[19557,19558],"product_brand":[],"product_cat":[12054],"product_tag":[],"class_list":{"0":"post-78460","1":"product","2":"type-product","3":"status-publish","4":"has-post-thumbnail","6":"location-innpro_stock_location","7":"location-local_stock_location","8":"product_cat-lithium-and-nimh","10":"first","11":"outofstock","12":"sale","13":"taxable","14":"shipping-taxable","15":"purchasable","16":"product-type-simple"},"aioseo_notices":[],"locations":[{"id":19557,"name":"Pieg\u0101d\u0101ja noliktav\u0101 (5-7dd.d)","slug":"innpro_stock_location","quantity":"-1"},{"id":19558,"name":"R\u012bgas veikals (0-2dd.d)","slug":"local_stock_location","quantity":"0"}],"_links":{"self":[{"href":"https:\/\/elektrons.lv\/lv\/wp-json\/wp\/v2\/product\/78460","targetHints":{"allow":["GET"]}}],"collection":[{"href":"https:\/\/elektrons.lv\/lv\/wp-json\/wp\/v2\/product"}],"about":[{"href":"https:\/\/elektrons.lv\/lv\/wp-json\/wp\/v2\/types\/product"}],"replies":[{"embeddable":true,"href":"https:\/\/elektrons.lv\/lv\/wp-json\/wp\/v2\/comments?post=78460"}],"wp:featuredmedia":[{"embeddable":true,"href":"https:\/\/elektrons.lv\/lv\/wp-json\/wp\/v2\/media\/105510"}],"wp:attachment":[{"href":"https:\/\/elektrons.lv\/lv\/wp-json\/wp\/v2\/media?parent=78460"}],"wp:term":[{"taxonomy":"location","embeddable":true,"href":"https:\/\/elektrons.lv\/lv\/wp-json\/wp\/v2\/location?post=78460"},{"taxonomy":"product_brand","embeddable":true,"href":"https:\/\/elektrons.lv\/lv\/wp-json\/wp\/v2\/product_brand?post=78460"},{"taxonomy":"product_cat","embeddable":true,"href":"https:\/\/elektrons.lv\/lv\/wp-json\/wp\/v2\/product_cat?post=78460"},{"taxonomy":"product_tag","embeddable":true,"href":"https:\/\/elektrons.lv\/lv\/wp-json\/wp\/v2\/product_tag?post=78460"}],"curies":[{"name":"wp","href":"https:\/\/api.w.org\/{rel}","templated":true}]}}