{"id":78468,"date":"2026-05-14T09:35:06","date_gmt":"2026-05-14T09:35:06","guid":{"rendered":"https:\/\/elektrons.lv\/Prece\/baseus-yiven-audio-cable-cable-3-5-male-audio-m30-1-5m-silver-black\/"},"modified":"2026-05-14T12:18:41","modified_gmt":"2026-05-14T12:18:41","slug":"baseus-yiven-audio-cable-cable-3-5-male-audio-m30-1-5m-silver-black","status":"publish","type":"product","link":"https:\/\/elektrons.lv\/lv\/Prece\/baseus-yiven-audio-cable-cable-3-5-male-audio-m30-1-5m-silver-black\/","title":{"rendered":"Baseus Yiven Audio Cable Cable 3.5 male Audio M30 1.5M Silver+ Black"},"content":{"rendered":"<h3>Audio cable mini jack 3,5 mm<\/h3>\n<p>The Baseus Yiven audio cable is used to connect devices with a 3.5 mm mini jack port to speakers, headphones and other audio devices with a 3.5 mm mini jack port. The cable is made of aluminum, TPE and braided material, which ensure long life and wear resistance. Gold-plated ends allow for stable sound transmission without any interference.<\/p>\n<p><img decoding=\"async\" src=\"https:\/\/b2b.innpro.pl\/data\/include\/cms\/6Kuba\/Baseus\/Yiven-M30-minijack-35mm\/16.jpg\"><\/p>\n<div class=\"table-wrapper\">\n<table width=\"699\">\n<tbody>\n<tr>\n<td><strong><span>Ra\u017eot\u0101js<\/span><\/strong><\/td>\n<td><span>Baseus<\/span><\/td>\n<\/tr>\n<tr>\n<td><strong><span>Modelis<\/span><\/strong><\/td>\n<td><span>Yiven M30 Audio Cable<\/span><\/td>\n<\/tr>\n<tr>\n<td><span><strong>Cod<\/strong><\/span><\/td>\n<td><span>CAM30-CS1<\/span><\/td>\n<\/tr>\n<tr>\n<td><strong><span>Materi\u0101ls<\/span><\/strong><\/td>\n<td><span>Aluminium +\u00a0TPE + Textil<\/span><\/td>\n<\/tr>\n<tr>\n<td><strong><span>Connections<\/span><\/strong><\/td>\n<td><span>mini jack 3,5 mm<\/span><\/td>\n<\/tr>\n<tr>\n<td><span><strong>Colour<\/strong><\/span><\/td>\n<td><span>Black-silver<\/span><\/td>\n<\/tr>\n<tr>\n<td><span><strong>Lenght<\/strong><\/span><\/td>\n<td><span>1,5 m<\/span><\/td>\n<\/tr>\n<\/tbody>\n<\/table>\n<\/div>","protected":false},"excerpt":{"rendered":"<p>Audio cable mini jack 3,5 mm The Baseus Yiven audio cable is used to connect devices with a 3.5 mm mini jack port to speakers, headphones and other audio devices with a 3.5 mm mini jack port. The cable is made of aluminum, TPE and braided material, which ensure long life and wear resistance. Gold-plated [&#8230;]\n","protected":false},"featured_media":105461,"comment_status":"open","ping_status":"closed","template":"","meta":[],"location":[19557,19558],"product_brand":[],"product_cat":[12070],"product_tag":[],"class_list":{"0":"post-78468","1":"product","2":"type-product","3":"status-publish","4":"has-post-thumbnail","6":"location-innpro_stock_location","7":"location-local_stock_location","8":"product_cat-audio-cables","10":"first","11":"outofstock","12":"taxable","13":"shipping-taxable","14":"purchasable","15":"product-type-simple"},"aioseo_notices":[],"locations":[{"id":19557,"name":"Pieg\u0101d\u0101ja noliktav\u0101 (5-7dd.d)","slug":"innpro_stock_location","quantity":"0"},{"id":19558,"name":"R\u012bgas veikals (0-2dd.d)","slug":"local_stock_location","quantity":"0"}],"_links":{"self":[{"href":"https:\/\/elektrons.lv\/lv\/wp-json\/wp\/v2\/product\/78468","targetHints":{"allow":["GET"]}}],"collection":[{"href":"https:\/\/elektrons.lv\/lv\/wp-json\/wp\/v2\/product"}],"about":[{"href":"https:\/\/elektrons.lv\/lv\/wp-json\/wp\/v2\/types\/product"}],"replies":[{"embeddable":true,"href":"https:\/\/elektrons.lv\/lv\/wp-json\/wp\/v2\/comments?post=78468"}],"wp:featuredmedia":[{"embeddable":true,"href":"https:\/\/elektrons.lv\/lv\/wp-json\/wp\/v2\/media\/105461"}],"wp:attachment":[{"href":"https:\/\/elektrons.lv\/lv\/wp-json\/wp\/v2\/media?parent=78468"}],"wp:term":[{"taxonomy":"location","embeddable":true,"href":"https:\/\/elektrons.lv\/lv\/wp-json\/wp\/v2\/location?post=78468"},{"taxonomy":"product_brand","embeddable":true,"href":"https:\/\/elektrons.lv\/lv\/wp-json\/wp\/v2\/product_brand?post=78468"},{"taxonomy":"product_cat","embeddable":true,"href":"https:\/\/elektrons.lv\/lv\/wp-json\/wp\/v2\/product_cat?post=78468"},{"taxonomy":"product_tag","embeddable":true,"href":"https:\/\/elektrons.lv\/lv\/wp-json\/wp\/v2\/product_tag?post=78468"}],"curies":[{"name":"wp","href":"https:\/\/api.w.org\/{rel}","templated":true}]}}