{"id":78479,"date":"2026-05-14T09:35:08","date_gmt":"2026-05-14T09:35:08","guid":{"rendered":"https:\/\/elektrons.lv\/Prece\/ipega-pg-9087s-wireless-controller-gamepad-with-phone-holder\/"},"modified":"2026-05-14T12:18:08","modified_gmt":"2026-05-14T12:18:08","slug":"ipega-pg-9087s-wireless-controller-gamepad-with-phone-holder","status":"publish","type":"product","link":"https:\/\/elektrons.lv\/lv\/Prece\/ipega-pg-9087s-wireless-controller-gamepad-with-phone-holder\/","title":{"rendered":"iPega PG-9087s wireless controller \/ GamePad with phone holder"},"content":{"rendered":"<h3>Bluetooth connectivity<\/h3>\n<p>The ipega PG-9087s gamepad, with its built-in 500 mAh battery, can run for 15 hours on a single charge, up to 30 days in standby mode. When there is no connection or action, it switches to power-saving mode on its own. The controller features Bluetooth 5.0 &#8211; no need to download additional applications. Simple setup and activation (direct connection to iOS and Android device). Supports PC and PS3.<\/p>\n<p>\n<img decoding=\"async\" border=\"0\" src=\"https:\/\/assets.innpro.pl\/9865\/11559\/10.jpg\"\/>\n<\/p>\n<h3>Proven in the toughest conditions<\/h3>\n<p>The gamepad&#8217;s joysticks are abrasion-resistant &#8211; made of high-quality material, they will prove themselves even in the most demanding game.<\/p>\n<p>\n<img decoding=\"async\" border=\"0\" src=\"https:\/\/assets.innpro.pl\/9865\/11559\/6.jpg\"\/>\n<\/p>\n<h3>Perfection of stability<\/h3>\n<p>Equipped with a telescopic function with size adjustment, without worrying about an unfortunate fall. Adaptable to mobile devices up to 6.2 inches.<\/p>\n<p>\n<img decoding=\"async\" border=\"0\" src=\"https:\/\/assets.innpro.pl\/9865\/11559\/5.jpg\"\/>\n<\/p>\n<h3>Press &#038; Go<\/h3>\n<p>The gamepad has a TURBO function &#8211; just press one button to make the game faster and more powerful.<\/p>\n<p>\n<img decoding=\"async\" border=\"0\" src=\"https:\/\/assets.innpro.pl\/9865\/11559\/2.jpg\"\/>\n<\/p>\n<h3>The power is the battery<\/h3>\n<p>The 500 mAh battery allows you to work for up to 30 days. Battery charging time is 3 hours. The battery is charged using the USB cable included in the package.<\/p>\n<p>\n<img decoding=\"async\" border=\"0\" src=\"https:\/\/assets.innpro.pl\/9865\/11559\/3.jpg\"\/>\n<\/p>\n<h3>Iek\u013cauts<\/h3>\n<ul class=\"list-disc pl-5\">\n<li>Controller<\/li>\n<li>Micro USB cable x1<\/li>\n<li>Lanyard x1<\/li>\n<li>Lietot\u0101ja rokasgr\u0101mata<\/li>\n<\/ul>\n<div class=\"table-wrapper\">\n<p>\u00a0<\/p>\n<h3><\/h3>\n<table>\n<tbody>\n<tr>\n<th>Ra\u017eot\u0101js<\/th>\n<td>iPega<\/td>\n<\/tr>\n<tr>\n<th>Modelis<\/th>\n<td>PG-9087S<\/td>\n<\/tr>\n<tr>\n<th>Kr\u0101sa<\/th>\n<td>Melns<\/td>\n<\/tr>\n<tr>\n<th>Savienojums<\/th>\n<td>Wired \/ Bluetooth<\/td>\n<\/tr>\n<tr>\n<th>Version<\/th>\n<td>Bluetooth 5.0<\/td>\n<\/tr>\n<tr>\n<th>Bluetooth range<\/th>\n<td>8m<\/td>\n<\/tr>\n<tr>\n<th>Extension range of the handle<\/th>\n<td>15cm<\/td>\n<\/tr>\n<tr>\n<th>Akumulatora ietilp\u012bba<\/th>\n<td>400mA<\/td>\n<\/tr>\n<tr>\n<th>Operating current<\/th>\n<td>15mA<\/td>\n<\/tr>\n<tr>\n<th>Darb\u012bbas spriegums<\/th>\n<td>DC 3.7V<\/td>\n<\/tr>\n<tr>\n<th>Ieejas spriegums<\/th>\n<td>DC 5V<\/td>\n<\/tr>\n<tr>\n<th>Input current<\/th>\n<td>500mA<\/td>\n<\/tr>\n<tr>\n<th>Operating time on a single charge<\/th>\n<td>approx. 15h<\/td>\n<\/tr>\n<tr>\n<th>Uzl\u0101des laiks<\/th>\n<td>approx. 3h<\/td>\n<\/tr>\n<tr>\n<th>Standby time<\/th>\n<td>up to 30 days<\/td>\n<\/tr>\n<tr>\n<th>Uzl\u0101des ports<\/th>\n<td>Micro-USB<\/td>\n<\/tr>\n<tr>\n<th>Number of programmable buttons<\/th>\n<td>none<\/td>\n<\/tr>\n<tr>\n<th>Touchpad<\/th>\n<td>N\u0113<\/td>\n<\/tr>\n<tr>\n<th>Vibration<\/th>\n<td>N\u0113<\/td>\n<\/tr>\n<tr>\n<th>Built-in speaker<\/th>\n<td>N\u0113<\/td>\n<\/tr>\n<tr>\n<th>3.5mm jack audio input<\/th>\n<td>N\u0113<\/td>\n<\/tr>\n<tr>\n<th>Sader\u012bba<\/th>\n<td>Android 6.0V and above, iOS 11.0V and above, iOS 13.0 and above, Windows 7\/8\/10, Nintendo Switch(wired), PS3(wired)<\/td>\n<\/tr>\n<\/tbody>\n<\/table>\n<\/div>","protected":false},"excerpt":{"rendered":"<p>Bluetooth connectivity The ipega PG-9087s gamepad, with its built-in 500 mAh battery, can run for 15 hours on a single charge, up to 30 days in standby mode. When there is no connection or action, it switches to power-saving mode on its own. The controller features Bluetooth 5.0 &#8211; no need to download additional applications. [&#8230;]\n","protected":false},"featured_media":105375,"comment_status":"open","ping_status":"closed","template":"","meta":[],"location":[19557,19558],"product_brand":[],"product_cat":[12300],"product_tag":[],"class_list":{"0":"post-78479","1":"product","2":"type-product","3":"status-publish","4":"has-post-thumbnail","6":"location-innpro_stock_location","7":"location-local_stock_location","8":"product_cat-gaming-controllers","10":"first","11":"outofstock","12":"taxable","13":"shipping-taxable","14":"purchasable","15":"product-type-simple"},"aioseo_notices":[],"locations":[{"id":19557,"name":"Pieg\u0101d\u0101ja noliktav\u0101 (5-7dd.d)","slug":"innpro_stock_location","quantity":"0"},{"id":19558,"name":"R\u012bgas veikals (0-2dd.d)","slug":"local_stock_location","quantity":"0"}],"_links":{"self":[{"href":"https:\/\/elektrons.lv\/lv\/wp-json\/wp\/v2\/product\/78479","targetHints":{"allow":["GET"]}}],"collection":[{"href":"https:\/\/elektrons.lv\/lv\/wp-json\/wp\/v2\/product"}],"about":[{"href":"https:\/\/elektrons.lv\/lv\/wp-json\/wp\/v2\/types\/product"}],"replies":[{"embeddable":true,"href":"https:\/\/elektrons.lv\/lv\/wp-json\/wp\/v2\/comments?post=78479"}],"wp:featuredmedia":[{"embeddable":true,"href":"https:\/\/elektrons.lv\/lv\/wp-json\/wp\/v2\/media\/105375"}],"wp:attachment":[{"href":"https:\/\/elektrons.lv\/lv\/wp-json\/wp\/v2\/media?parent=78479"}],"wp:term":[{"taxonomy":"location","embeddable":true,"href":"https:\/\/elektrons.lv\/lv\/wp-json\/wp\/v2\/location?post=78479"},{"taxonomy":"product_brand","embeddable":true,"href":"https:\/\/elektrons.lv\/lv\/wp-json\/wp\/v2\/product_brand?post=78479"},{"taxonomy":"product_cat","embeddable":true,"href":"https:\/\/elektrons.lv\/lv\/wp-json\/wp\/v2\/product_cat?post=78479"},{"taxonomy":"product_tag","embeddable":true,"href":"https:\/\/elektrons.lv\/lv\/wp-json\/wp\/v2\/product_tag?post=78479"}],"curies":[{"name":"wp","href":"https:\/\/api.w.org\/{rel}","templated":true}]}}