{"id":78480,"date":"2026-05-14T09:35:08","date_gmt":"2026-05-14T09:35:08","guid":{"rendered":"https:\/\/elektrons.lv\/Prece\/baseus-platinum-vehicle-eyewear-clip-clamping-type-black\/"},"modified":"2026-05-14T12:18:11","modified_gmt":"2026-05-14T12:18:11","slug":"baseus-platinum-vehicle-eyewear-clip-clamping-type-black","status":"publish","type":"product","link":"https:\/\/elektrons.lv\/lv\/Prece\/baseus-platinum-vehicle-eyewear-clip-clamping-type-black\/","title":{"rendered":"Baseus Platinum Vehicle eyewear clip (clamping type) Black"},"content":{"rendered":"<h3>Protect your glasses<\/h3>\n<p>Most drivers put their glasses on the dashboard, in the glove box, or in other places where they are damaged. The solution to this problem is a new Baseus product, the eyewear clip.\u00a0<\/p>\n<p><img decoding=\"async\" src=\"https:\/\/b2b.innpro.pl\/data\/include\/cms\/6Kuba\/Baseus\/ACYJN-AB\/0_03.jpg\"><\/p>\n<h3>Two types of mountings<\/h3>\n<p>The product is available in two types: with double-sided adhesive tape or with a clip.<\/p>\n<p><img decoding=\"async\" src=\"https:\/\/b2b.innpro.pl\/data\/include\/cms\/6Kuba\/Baseus\/ACYJN-AB\/0_04.jpg\"><\/p>\n<h3>Universal<\/h3>\n<p>The holder can be used to store not only glasses but also other small items such as loyalty cards or prescriptions.<\/p>\n<p><img decoding=\"async\" src=\"https:\/\/b2b.innpro.pl\/data\/include\/cms\/6Kuba\/Baseus\/ACYJN-AB\/0_07.jpg\"><\/p>\n<h3>Stable handle<\/h3>\n<p>The handle is designed to prevent scratching of the eyepiece lenses. The clamp securely holds objects, thus eliminating potential trembling caused by driving, resulting in annoying sound.<\/p>\n<p><img decoding=\"async\" src=\"https:\/\/b2b.innpro.pl\/data\/include\/cms\/6Kuba\/Baseus\/ACYJN-AB\/0_05.jpg\"><\/p>\n<h3>No scratches<\/h3>\n<p>Inside the handle there is a sponge that provides an additional layer of protection and does not draw the object held by the handle.\u00a0<\/p>\n<p><img decoding=\"async\" src=\"https:\/\/b2b.innpro.pl\/data\/include\/cms\/6Kuba\/Baseus\/ACYJN-AB\/0_06.jpg\"><\/p>\n<div class=\"table-wrapper\">\n<table width=\"699\">\n<tbody>\n<tr>\n<td><span><strong>Ra\u017eojo\u0161s<\/strong><\/span><\/td>\n<td><span>Baseus<\/span><\/td>\n<\/tr>\n<tr>\n<td><span><strong>V\u0101rds<\/strong><\/span><\/td>\n<td><span>Platinum Vehicle eyewear clip<\/span><\/td>\n<\/tr>\n<tr>\n<td><span><strong>Preces kods<\/strong><\/span><\/td>\n<td><span><span>ACYJN-B01<\/span><\/span><\/td>\n<\/tr>\n<tr>\n<td><span><strong>Kr\u0101sa<\/strong><\/span><\/td>\n<td><span>Melns<\/span><\/td>\n<\/tr>\n<tr>\n<td><span><strong>Materi\u0101ls<\/strong><\/span><\/td>\n<td><span>Metal + ABS<\/span><\/td>\n<\/tr>\n<tr>\n<td><span><strong>Type of mounting<\/strong><\/span><\/td>\n<td><span>Clamp<\/span><\/td>\n<\/tr>\n<\/tbody>\n<\/table>\n<\/div>","protected":false},"excerpt":{"rendered":"<p>Protect your glasses Most drivers put their glasses on the dashboard, in the glove box, or in other places where they are damaged. The solution to this problem is a new Baseus product, the eyewear clip.\u00a0 Two types of mountings The product is available in two types: with double-sided adhesive tape or with a clip. [&#8230;]\n","protected":false},"featured_media":105380,"comment_status":"open","ping_status":"closed","template":"","meta":[],"location":[19557,19558],"product_brand":[],"product_cat":[12301],"product_tag":[],"class_list":{"0":"post-78480","1":"product","2":"type-product","3":"status-publish","4":"has-post-thumbnail","6":"location-innpro_stock_location","7":"location-local_stock_location","8":"product_cat-storage","10":"first","11":"outofstock","12":"taxable","13":"shipping-taxable","14":"purchasable","15":"product-type-simple"},"aioseo_notices":[],"locations":[{"id":19557,"name":"Pieg\u0101d\u0101ja noliktav\u0101 (5-7dd.d)","slug":"innpro_stock_location","quantity":"0"},{"id":19558,"name":"R\u012bgas veikals (0-2dd.d)","slug":"local_stock_location","quantity":"0"}],"_links":{"self":[{"href":"https:\/\/elektrons.lv\/lv\/wp-json\/wp\/v2\/product\/78480","targetHints":{"allow":["GET"]}}],"collection":[{"href":"https:\/\/elektrons.lv\/lv\/wp-json\/wp\/v2\/product"}],"about":[{"href":"https:\/\/elektrons.lv\/lv\/wp-json\/wp\/v2\/types\/product"}],"replies":[{"embeddable":true,"href":"https:\/\/elektrons.lv\/lv\/wp-json\/wp\/v2\/comments?post=78480"}],"wp:featuredmedia":[{"embeddable":true,"href":"https:\/\/elektrons.lv\/lv\/wp-json\/wp\/v2\/media\/105380"}],"wp:attachment":[{"href":"https:\/\/elektrons.lv\/lv\/wp-json\/wp\/v2\/media?parent=78480"}],"wp:term":[{"taxonomy":"location","embeddable":true,"href":"https:\/\/elektrons.lv\/lv\/wp-json\/wp\/v2\/location?post=78480"},{"taxonomy":"product_brand","embeddable":true,"href":"https:\/\/elektrons.lv\/lv\/wp-json\/wp\/v2\/product_brand?post=78480"},{"taxonomy":"product_cat","embeddable":true,"href":"https:\/\/elektrons.lv\/lv\/wp-json\/wp\/v2\/product_cat?post=78480"},{"taxonomy":"product_tag","embeddable":true,"href":"https:\/\/elektrons.lv\/lv\/wp-json\/wp\/v2\/product_tag?post=78480"}],"curies":[{"name":"wp","href":"https:\/\/api.w.org\/{rel}","templated":true}]}}