{"id":78481,"date":"2026-05-14T09:35:08","date_gmt":"2026-05-14T09:35:08","guid":{"rendered":"https:\/\/elektrons.lv\/Prece\/baseus-cafule-4khdmi-male-to-4khdmi-male-adapter-cable-5m-black\/"},"modified":"2026-05-14T12:18:14","modified_gmt":"2026-05-14T12:18:14","slug":"baseus-cafule-4khdmi-male-to-4khdmi-male-adapter-cable-5m-black","status":"publish","type":"product","link":"https:\/\/elektrons.lv\/lv\/Prece\/baseus-cafule-4khdmi-male-to-4khdmi-male-adapter-cable-5m-black\/","title":{"rendered":"Baseus Cafule 4KHDMI Male To 4KHDMI Male Adapter Cable 5m Black"},"content":{"rendered":"<h3>HDMI Cable<\/h3>\n<p>The Baseus HDMI cable transmits 4K resolution, which is up to four times the size of regular HD, providing incredible quality even in the smallest details.<\/p>\n<p><img decoding=\"async\" src=\"https:\/\/b2b.innpro.pl\/data\/include\/cms\/6Kuba\/Baseus\/CADKLF-EFGH\/0_01.jpg\"><\/p>\n<h3>Cable construction<\/h3>\n<p>The cable is equipped with stylish and extremely robust plugs, which are resistant to oxidation and abrasion. An additional PVC coating provides protection, flexibility, and durability, and with a reinforced connection point between the cable and the plug, the cable is resistant to the most common mechanical damage found in cables.<\/p>\n<p><img decoding=\"async\" src=\"https:\/\/b2b.innpro.pl\/data\/include\/cms\/6Kuba\/Baseus\/CADKLF-EFGH\/0_10.jpg\"><\/p>\n<h3>Safely<\/h3>\n<p>The cable is made of high-quality components, and intelligent chips and circuits will take care of the safety and protection of your equipment.<\/p>\n<p><img decoding=\"async\" src=\"https:\/\/b2b.innpro.pl\/data\/include\/cms\/6Kuba\/Baseus\/CADKLF-EFGH\/0_09.jpg\"><\/p>\n<h3>HDMI 2.0<\/h3>\n<p>The cable has two HDMI interfaces in 2.0 standard &#8211; this standard increases cable throughput up to 18 Gb\/s. This means you don&#8217;t have to worry about image delays, and the cable guarantees a stable, high-quality connection.<\/p>\n<p><img decoding=\"async\" src=\"https:\/\/b2b.innpro.pl\/data\/include\/cms\/6Kuba\/Baseus\/CADKLF-EFGH\/0_05.jpg\"><\/p>\n<h3>Plug&#038;Play<\/h3>\n<p>The cable does not require any special software, drivers, or external power supply.<\/p>\n<p><img decoding=\"async\" src=\"https:\/\/b2b.innpro.pl\/data\/include\/cms\/6Kuba\/Baseus\/CADKLF-EFGH\/0_03.jpg\"><\/p>\n<div class=\"table-wrapper\">\n<table width=\"699\">\n<tbody>\n<tr>\n<td><strong><span>Ra\u017eojo\u0161s<\/span><\/strong><\/td>\n<td><span>Baseus<\/span><\/td>\n<\/tr>\n<tr>\n<td><strong><span>V\u0101rds<\/span><\/strong><\/td>\n<td><span>Cafule 4KHDMI Male To 4KHDMI Male Adapter Cable<\/span><\/td>\n<\/tr>\n<tr>\n<td><span><strong>Preces kods<\/strong><\/span><\/td>\n<td><span><span>CADKLF-H01<\/span><\/span><\/td>\n<\/tr>\n<tr>\n<td><span><strong>Materi\u0101ls<\/strong><\/span><\/td>\n<td><span>Aluminum +\u00a0PVC<\/span><\/td>\n<\/tr>\n<tr>\n<td><span><strong>Kr\u0101sa<\/strong><\/span><\/td>\n<td><span>Black + Gray<\/span><\/td>\n<\/tr>\n<tr>\n<td><span><strong>Garums<\/strong><\/span><\/td>\n<td><span>5 m<\/span><\/td>\n<\/tr>\n<tr>\n<td><span><strong>Resolution<\/strong><\/span><\/td>\n<td><span>4K@60Hz<\/span><\/td>\n<\/tr>\n<tr>\n<td><strong><span>HDMI version<\/span><\/strong><\/td>\n<td><span>2.0<\/span><\/td>\n<\/tr>\n<\/tbody>\n<\/table>\n<\/div>","protected":false},"excerpt":{"rendered":"<p>HDMI Cable The Baseus HDMI cable transmits 4K resolution, which is up to four times the size of regular HD, providing incredible quality even in the smallest details. Cable construction The cable is equipped with stylish and extremely robust plugs, which are resistant to oxidation and abrasion. An additional PVC coating provides protection, flexibility, and [&#8230;]\n","protected":false},"featured_media":105388,"comment_status":"open","ping_status":"closed","template":"","meta":[],"location":[19557,19558],"product_brand":[],"product_cat":[12303],"product_tag":[],"class_list":{"0":"post-78481","1":"product","2":"type-product","3":"status-publish","4":"has-post-thumbnail","6":"location-innpro_stock_location","7":"location-local_stock_location","8":"product_cat-video-cables","10":"first","11":"outofstock","12":"taxable","13":"shipping-taxable","14":"purchasable","15":"product-type-simple"},"aioseo_notices":[],"locations":[{"id":19557,"name":"Pieg\u0101d\u0101ja noliktav\u0101 (5-7dd.d)","slug":"innpro_stock_location","quantity":"0"},{"id":19558,"name":"R\u012bgas veikals (0-2dd.d)","slug":"local_stock_location","quantity":"0"}],"_links":{"self":[{"href":"https:\/\/elektrons.lv\/lv\/wp-json\/wp\/v2\/product\/78481","targetHints":{"allow":["GET"]}}],"collection":[{"href":"https:\/\/elektrons.lv\/lv\/wp-json\/wp\/v2\/product"}],"about":[{"href":"https:\/\/elektrons.lv\/lv\/wp-json\/wp\/v2\/types\/product"}],"replies":[{"embeddable":true,"href":"https:\/\/elektrons.lv\/lv\/wp-json\/wp\/v2\/comments?post=78481"}],"wp:featuredmedia":[{"embeddable":true,"href":"https:\/\/elektrons.lv\/lv\/wp-json\/wp\/v2\/media\/105388"}],"wp:attachment":[{"href":"https:\/\/elektrons.lv\/lv\/wp-json\/wp\/v2\/media?parent=78481"}],"wp:term":[{"taxonomy":"location","embeddable":true,"href":"https:\/\/elektrons.lv\/lv\/wp-json\/wp\/v2\/location?post=78481"},{"taxonomy":"product_brand","embeddable":true,"href":"https:\/\/elektrons.lv\/lv\/wp-json\/wp\/v2\/product_brand?post=78481"},{"taxonomy":"product_cat","embeddable":true,"href":"https:\/\/elektrons.lv\/lv\/wp-json\/wp\/v2\/product_cat?post=78481"},{"taxonomy":"product_tag","embeddable":true,"href":"https:\/\/elektrons.lv\/lv\/wp-json\/wp\/v2\/product_tag?post=78481"}],"curies":[{"name":"wp","href":"https:\/\/api.w.org\/{rel}","templated":true}]}}