{"id":78504,"date":"2026-05-14T09:35:11","date_gmt":"2026-05-14T09:35:11","guid":{"rendered":"https:\/\/elektrons.lv\/Prece\/smart-wifi-rgb-led-light-strip-gosund-sl1-28m-tuya\/"},"modified":"2026-05-15T07:48:00","modified_gmt":"2026-05-15T07:48:00","slug":"smart-wifi-rgb-led-light-strip-gosund-sl1-28m-tuya","status":"publish","type":"product","link":"https:\/\/elektrons.lv\/lv\/Prece\/smart-wifi-rgb-led-light-strip-gosund-sl1-28m-tuya\/","title":{"rendered":"Smart WiFi RGB LED light strip Gosund SL1 (2,8m), Tuya"},"content":{"rendered":"<h3>Smart LED light strip<\/h3>\n<p>Gosund vied\u0101 LED sloksne sniegs j\u016bsu m\u0101j\u0101m lielisku un atmosf\u0113risku apgaismojumu Ier\u012bcei ir iesp\u0113ja vad\u012bt lietojumprogrammu, kas ir pieejama mobilaj\u0101m ier\u012bc\u0113m un izmantojot viedos balss pal\u012bgus, piem\u0113ram, Amazon Alexa un Google Home Izsl\u0113g\u0161anas funkcija \u013cauj kontrol\u0113t apgaismojumu pat tad, kad esat prom no m\u0101j\u0101m Ier\u012bce atbalsta joslas platumu WiFi 2,4 GHz.<\/p>\n<p><img decoding=\"async\" src=\"https:\/\/b2b.innpro.pl\/data\/include\/cms\/Edyta\/gosund\/SL123\/3.jpg\"><\/p>\n<h3>Light to the rhythm of music<\/h3>\n<p>Thanks to the built-in microphone in the tape, the device can switch to a mode that will change the light to the rhythm of music. This is an interesting solution for home parties where you can provide yourself with an additional attraction. <\/p>\n<p><img decoding=\"async\" src=\"https:\/\/b2b.innpro.pl\/data\/include\/cms\/Edyta\/gosund\/SL123\/6.jpg\"><\/p>\n<h3>Diversity of concepts<\/h3>\n<p>The LED tape has the ability to set 8 ready-made scenes, which will help, depending on our mood, to transform the house into a lively and diverse environment. Lighting is great for the bathroom, kitchen, living room, ceiling, staircase, desk and TV.<\/p>\n<p><img decoding=\"async\" src=\"https:\/\/b2b.innpro.pl\/data\/include\/cms\/Edyta\/gosund\/SL123\/8.jpg\"><\/p>\n<h3>Don&#8217;t limit yourself<\/h3>\n<p>With the application, you can create a group of tapes that can be controlled at once. This solution saves us time when we want to unify the lighting at home. The tapes can be controlled from different devices. To gain control over them, all you have to do is share them with others.<\/p>\n<p><img decoding=\"async\" src=\"https:\/\/b2b.innpro.pl\/data\/include\/cms\/Edyta\/gosund\/SL123\/7.jpg\"><\/p>\n<h3>Iek\u013cauts<\/h3>\n<ul>\n<li>Gosund SL1 smart LED strip<\/li>\n<li>User manual in Polish<\/li>\n<\/ul>\n<div class=\"table-wrapper\">\n<table>\n<tbody>\n<tr>\n<th>Ra\u017eot\u0101js<\/th>\n<td>Gosund<\/td>\n<\/tr>\n<tr>\n<th>Modelis<\/th>\n<td>SL1<\/td>\n<\/tr>\n<tr>\n<th>USB input<\/th>\n<td>5V\/1A<\/td>\n<\/tr>\n<tr>\n<th>Izm\u0113ri<\/th>\n<td>2.8 x 11 mm<\/td>\n<\/tr>\n<tr>\n<th>Savienojam\u012bba<\/th>\n<td>WiFi (2.4 GHz)<\/td>\n<\/tr>\n<tr>\n<th>Pieteikums<\/th>\n<td>TuyaSmart, Gosund<\/td>\n<\/tr>\n<\/tbody>\n<\/table>\n<\/div>","protected":false},"excerpt":{"rendered":"<p>Smart LED light strip Gosund smart LED strip will give your home great and atmospheric lighting. The device has the ability to control an application that is available for mobile devices and using intelligent voice assistants such as Amazon Alexa and Google Home. The switch-off function allows you to control the lighting even when you [&#8230;]\n","protected":false},"featured_media":105314,"comment_status":"open","ping_status":"closed","template":"","meta":[],"location":[19557,19558],"product_brand":[],"product_cat":[12097],"product_tag":[],"class_list":{"0":"post-78504","1":"product","2":"type-product","3":"status-publish","4":"has-post-thumbnail","6":"location-innpro_stock_location","7":"location-local_stock_location","8":"product_cat-led-strips","10":"first","11":"instock","12":"sale","13":"taxable","14":"shipping-taxable","15":"purchasable","16":"product-type-simple"},"aioseo_notices":[],"locations":[{"id":19557,"name":"Pieg\u0101d\u0101ja noliktav\u0101 (5-7dd.d)","slug":"innpro_stock_location","quantity":"112"},{"id":19558,"name":"R\u012bgas veikals (0-2dd.d)","slug":"local_stock_location","quantity":"0"}],"_links":{"self":[{"href":"https:\/\/elektrons.lv\/lv\/wp-json\/wp\/v2\/product\/78504","targetHints":{"allow":["GET"]}}],"collection":[{"href":"https:\/\/elektrons.lv\/lv\/wp-json\/wp\/v2\/product"}],"about":[{"href":"https:\/\/elektrons.lv\/lv\/wp-json\/wp\/v2\/types\/product"}],"replies":[{"embeddable":true,"href":"https:\/\/elektrons.lv\/lv\/wp-json\/wp\/v2\/comments?post=78504"}],"wp:featuredmedia":[{"embeddable":true,"href":"https:\/\/elektrons.lv\/lv\/wp-json\/wp\/v2\/media\/105314"}],"wp:attachment":[{"href":"https:\/\/elektrons.lv\/lv\/wp-json\/wp\/v2\/media?parent=78504"}],"wp:term":[{"taxonomy":"location","embeddable":true,"href":"https:\/\/elektrons.lv\/lv\/wp-json\/wp\/v2\/location?post=78504"},{"taxonomy":"product_brand","embeddable":true,"href":"https:\/\/elektrons.lv\/lv\/wp-json\/wp\/v2\/product_brand?post=78504"},{"taxonomy":"product_cat","embeddable":true,"href":"https:\/\/elektrons.lv\/lv\/wp-json\/wp\/v2\/product_cat?post=78504"},{"taxonomy":"product_tag","embeddable":true,"href":"https:\/\/elektrons.lv\/lv\/wp-json\/wp\/v2\/product_tag?post=78504"}],"curies":[{"name":"wp","href":"https:\/\/api.w.org\/{rel}","templated":true}]}}