{"id":78538,"date":"2026-05-14T09:35:15","date_gmt":"2026-05-14T09:35:15","guid":{"rendered":"https:\/\/elektrons.lv\/Prece\/baseus-steel-cannon-clamp-holder-to-ventilation-grid-black\/"},"modified":"2026-05-15T07:48:02","modified_gmt":"2026-05-15T07:48:02","slug":"baseus-steel-cannon-clamp-holder-to-ventilation-grid-black","status":"publish","type":"product","link":"https:\/\/elektrons.lv\/lv\/Prece\/baseus-steel-cannon-clamp-holder-to-ventilation-grid-black\/","title":{"rendered":"Baseus t\u0113rauda lielgabala skavas tur\u0113t\u0101js ventil\u0101cijas re\u017e\u0123im (melns)"},"content":{"rendered":"<h3>Baseus car mount &#8211; comfortable and safe travel with a phone<\/h3>\n<p>The Baseus car mount for the ventilation grid guarantees a stable and secure grip for your phone. With its help you can comfortably use the navigation or listen to your favorite songs while driving. The ability to rotate the cradle 360\u00b0 gives you the freedom you need and its width adjustment from 55-84 mm ensures compatibility with most smartphones.<\/p>\n<p><img decoding=\"async\" src=\"https:\/\/b2b.innpro.pl\/data\/include\/cms\/PiotrP\/baseus\/SUGP\/0_01.jpg\"><\/p>\n<h3>\u00a0Strong clamp<\/h3>\n<p>The Baseus handle is distinguished by its robust, durable construction. A steel spring hidden inside it guarantees a strong hold on the phone. Bumps, slowing-down thresholds, sudden braking, rocky terrain &#8211; even when driving on the most uneven road, your smartphone is not in danger of falling out.<\/p>\n<p><img decoding=\"async\" src=\"https:\/\/b2b.innpro.pl\/data\/include\/cms\/PiotrP\/baseus\/SUGP\/0_03.jpg\"><\/p>\n<h3>\u00a0A firm gript<\/h3>\n<p>The new double steel clamp with silicone coating ensures that the handle is firmly seated and prevents it from falling out. It is compatible with most car ventilation grilles &#8211; it will certainly work well in your car too.<\/p>\n<p><img decoding=\"async\" src=\"https:\/\/b2b.innpro.pl\/data\/include\/cms\/PiotrP\/baseus\/SUGP\/0_04.jpg\"><\/p>\n<h3>\u00a0Quiet and peaceful journey<\/h3>\n<p>The handle is extremely quiet, which is an additional advantage. Its volume level is round 0 dB &#8211; so you will quickly forget about the annoying crackling and gnashing. Baseus will provide you with a calm, comfortable journey, which you dream about.<\/p>\n<p><img decoding=\"async\" src=\"https:\/\/b2b.innpro.pl\/data\/include\/cms\/PiotrP\/baseus\/SUGP\/0_05.jpg\"><\/p>\n<h3>\u00a0The universal holder you need<\/h3>\n<p>Placing the phone in the cradle is very easy. All you have to do is put it in place with one hand. A strong clip will keep it stable. The clip is compatible with most smartphone models &#8211; you can adjust its width from 5.5 cm to even 8.4 cm. Whether you have a large Android phone or a small iPhone, you can store it conveniently and safely in your car.\u00a0<\/p>\n<p><img decoding=\"async\" src=\"https:\/\/b2b.innpro.pl\/data\/include\/cms\/PiotrP\/baseus\/SUGP\/0_09.jpg\"><\/p>\n<div class=\"table-wrapper\">\n<table width=\"699\">\n<tbody>\n<tr>\n<td><span><strong>Ra\u017eot\u0101js<\/strong><\/span><\/td>\n<td><span>Baseus<\/span><\/td>\n<\/tr>\n<tr>\n<td><span><strong>Modelis<\/strong><\/span><\/td>\n<td><span><strong><span><span>Steel Cannon Air Outlet Car Mount Black<\/span><\/span><\/strong><\/span><\/td>\n<\/tr>\n<tr>\n<td><span><strong>Code<\/strong><\/span><\/td>\n<td><span><span>SUGP-01<\/span><\/span><\/td>\n<\/tr>\n<tr>\n<td><span><strong>Materi\u0101ls<\/strong><\/span><\/td>\n<td><span>Plastic, aluminium<\/span><\/td>\n<\/tr>\n<tr>\n<td><span><strong>Kolor<\/strong><\/span><\/td>\n<td><span>Melns<\/span><\/td>\n<\/tr>\n<tr>\n<td><span><strong><\/strong>Output current<\/span><\/td>\n<td><span><strong><span>3A \/ 5A \u00a0 \u00a0 | \u00a0 2.4A \u00a0 \u00a0 | 2.1A<\/span><\/strong><\/span><\/td>\n<\/tr>\n<tr>\n<td><span><strong>Conncetor<\/strong><\/span><\/td>\n<td><span><strong><span>Typ C \u00a0 \u00a0 \u00a0 |\u00a0 \u00a0 \u00a0 IP\u00a0 \u00a0 \u00a0 | Micro<\/span><\/strong><\/span><\/td>\n<\/tr>\n<tr>\n<td><span><strong>Lenght<\/strong><\/span><\/td>\n<td><span>1m<\/span><\/td>\n<\/tr>\n<\/tbody>\n<\/table>\n<\/div>","protected":false},"excerpt":{"rendered":"<p>Baseus car mount &#8211; comfortable and safe travel with a phone The Baseus car mount for the ventilation grid guarantees a stable and secure grip for your phone. With its help you can comfortably use the navigation or listen to your favorite songs while driving. The ability to rotate the cradle 360\u00b0 gives you the [&#8230;]\n","protected":false},"featured_media":105100,"comment_status":"open","ping_status":"closed","template":"","meta":[],"location":[19557,19558],"product_brand":[],"product_cat":[12027],"product_tag":[],"class_list":{"0":"post-78538","1":"product","2":"type-product","3":"status-publish","4":"has-post-thumbnail","6":"location-innpro_stock_location","7":"location-local_stock_location","8":"product_cat-phone-holders","10":"first","11":"instock","12":"sale","13":"taxable","14":"shipping-taxable","15":"purchasable","16":"product-type-simple"},"aioseo_notices":[],"locations":[{"id":19557,"name":"Pieg\u0101d\u0101ja noliktav\u0101 (5-7dd.d)","slug":"innpro_stock_location","quantity":"174"},{"id":19558,"name":"R\u012bgas veikals (0-2dd.d)","slug":"local_stock_location","quantity":"0"}],"_links":{"self":[{"href":"https:\/\/elektrons.lv\/lv\/wp-json\/wp\/v2\/product\/78538","targetHints":{"allow":["GET"]}}],"collection":[{"href":"https:\/\/elektrons.lv\/lv\/wp-json\/wp\/v2\/product"}],"about":[{"href":"https:\/\/elektrons.lv\/lv\/wp-json\/wp\/v2\/types\/product"}],"replies":[{"embeddable":true,"href":"https:\/\/elektrons.lv\/lv\/wp-json\/wp\/v2\/comments?post=78538"}],"wp:featuredmedia":[{"embeddable":true,"href":"https:\/\/elektrons.lv\/lv\/wp-json\/wp\/v2\/media\/105100"}],"wp:attachment":[{"href":"https:\/\/elektrons.lv\/lv\/wp-json\/wp\/v2\/media?parent=78538"}],"wp:term":[{"taxonomy":"location","embeddable":true,"href":"https:\/\/elektrons.lv\/lv\/wp-json\/wp\/v2\/location?post=78538"},{"taxonomy":"product_brand","embeddable":true,"href":"https:\/\/elektrons.lv\/lv\/wp-json\/wp\/v2\/product_brand?post=78538"},{"taxonomy":"product_cat","embeddable":true,"href":"https:\/\/elektrons.lv\/lv\/wp-json\/wp\/v2\/product_cat?post=78538"},{"taxonomy":"product_tag","embeddable":true,"href":"https:\/\/elektrons.lv\/lv\/wp-json\/wp\/v2\/product_tag?post=78538"}],"curies":[{"name":"wp","href":"https:\/\/api.w.org\/{rel}","templated":true}]}}