{"id":78563,"date":"2026-05-14T09:35:18","date_gmt":"2026-05-14T09:35:18","guid":{"rendered":"https:\/\/elektrons.lv\/Prece\/superfire-hl51-headlamp-flashlight-160-lm-micro-usb-4-modes-300-m\/"},"modified":"2026-05-15T07:48:03","modified_gmt":"2026-05-15T07:48:03","slug":"superfire-hl51-headlamp-flashlight-160-lm-micro-usb-4-modes-300-m","status":"publish","type":"product","link":"https:\/\/elektrons.lv\/lv\/Prece\/superfire-hl51-headlamp-flashlight-160-lm-micro-usb-4-modes-300-m\/","title":{"rendered":"Superfire HL51 headlamp flashlight, 160 lm, micro-USB, 4 modes, 300 m"},"content":{"rendered":"<h3>Superfire HL51 headlamp flashlight, 160 lm, micro-USB, 4 modes, 300 m<\/h3>\n<p>The Superfire HL51 headlamp is distinguished by its large reflector, which guarantees high intensity of emitted light (up to 160 lm) and a range of up to 300 m. The micro USB rechargeable battery provides up to 2.5 hours of operation. The lamp&#8217;s customizable angle and 4 light modes give you the freedom of use you dream of. The flexible headband offers unparalleled comfort, and the IP42 protection rating allows you to use the flashlight in almost any conditions.<\/p>\n<p>\n<img decoding=\"async\" alt=\"Head flashlight with large reflector on dark background\" border=\"0\" src=\"https:\/\/assets.innpro.pl\/14134\/17628\/1.jpg\"\/>\n<\/p>\n<h3>Optimum illumination in a wide variety of situations<\/h3>\n<p>The large 51mm diameter reflector provides excellent illumination with up to 160 lm of brightness. Thanks to it, the flashlight can shine at a distance of up to 300 meters. The HL51 will therefore be ideal for many scenarios. It will light your way during a night hike, you can successfully use it on a camping trip, and you can even use it while repairing your car on the side of the road after dark.<\/p>\n<p>\n<img decoding=\"async\" alt=\"Intense flashlight light illuminating grass and trees at night\" border=\"0\" src=\"https:\/\/assets.innpro.pl\/14134\/17628\/2.jpg\"\/>\n<\/p>\n<h3>Impressively long working time<\/h3>\n<p>The built-in 1200 mAh battery can be conveniently charged via micro USB. It provides about 2.5 hours of flashlight operation. Using the HL51 is made easier by a special indicator that glows red when the device is charging, and blue when the battery is already charged. This way you always know what is happening with your flashlight!<\/p>\n<p>\n<img decoding=\"async\" alt=\"Tourist on a winter hike in the mountains with the headlamp on\" border=\"0\" src=\"https:\/\/assets.innpro.pl\/14134\/17628\/3.jpg\"\/>\n<\/p>\n<h3>Choose from 4 available light modes<\/h3>\n<p>The flashlight can shine in 4 ways &#8211; it offers strong, weak and flashing light, as well as SOS mode. So you have the possibility to adjust its operation to your current expectations and situation. Superfire HL51 will always perfectly illuminate the darkness and provide exactly the light source you need.<\/p>\n<p>\n<img decoding=\"async\" alt=\"cable connected to the black flashlight\" border=\"0\" src=\"https:\/\/assets.innpro.pl\/14134\/17628\/4.jpg\"\/>\n<\/p>\n<h3>Adjust the direction of light to your needs<\/h3>\n<p>You can adjust the tilt of the spotlight from 0-90\u00b0. Use this possibility to direct the light beam exactly where you want it. You no longer have to be limited to one pre-imposed flashlight setting &#8211; using the Superfire HL51, you can easily adjust it to your expectations.<\/p>\n<p>\n<img decoding=\"async\" alt=\"graphic showing the ability to adjust the angle of the head flashlight\" border=\"0\" src=\"https:\/\/assets.innpro.pl\/14134\/17628\/5.jpg\"\/>\n<\/p>\n<h3>Water will not harm it<\/h3>\n<p>The device is also IP42 rated. This means that you can use it without worrying about changing weather conditions or demanding terrain. The flashlight will not be harmed by rainfall or accidental splashes of water from a waterfall. This durable device will never let you down!<\/p>\n<p>\n<img decoding=\"async\" alt=\"black head flashlight in the pouring rain\" border=\"0\" src=\"https:\/\/assets.innpro.pl\/14134\/17628\/6.jpg\"\/>\n<\/p>\n<h3>Comfortable to use<\/h3>\n<p>Superfire HL51 is also extremely comfortable to use. The flashlight weighs only 102 g, so you can have it on your head even for many hours &#8211; it will not be too much of a burden. In addition, the elastic band is pleasant to the touch and skin-friendly, so the device guarantees you unparalleled comfort.<\/p>\n<p>\n<img decoding=\"async\" alt=\"four photos showing people using the head flashlight\" border=\"0\" src=\"https:\/\/assets.innpro.pl\/14134\/17628\/7.jpg\"\/>\n<\/p>\n<div class=\"table-wrapper\">\n<p>\u00a0<\/p>\n<h3><\/h3>\n<table>\n<tbody>\n<tr>\n<th>Ra\u017eot\u0101js<\/th>\n<td>Superuguns<\/td>\n<\/tr>\n<tr>\n<th>Modelis<\/th>\n<td>HL51<\/td>\n<\/tr>\n<tr>\n<th>Spilgtums<\/th>\n<td>Up to 160 lm<\/td>\n<\/tr>\n<tr>\n<th>Diapazons<\/th>\n<td>Up to 300 m<\/td>\n<\/tr>\n<tr>\n<th>Nomin\u0101l\u0101 jauda<\/th>\n<td>2,5 W<\/td>\n<\/tr>\n<tr>\n<th>Kapacit\u0101te<\/th>\n<td>1200 mAh<\/td>\n<\/tr>\n<tr>\n<th>Darb\u012bbas laiks<\/th>\n<td>2-5 h<\/td>\n<\/tr>\n<tr>\n<th>Uzl\u0101des ports<\/th>\n<td>mikro USB<\/td>\n<\/tr>\n<tr>\n<th>Pilienu pretest\u012bba<\/th>\n<td>1 m<\/td>\n<\/tr>\n<tr>\n<th>Aizsardz\u012bbas pak\u0101pe<\/th>\n<td>IP42<\/td>\n<\/tr>\n<tr>\n<th>Light modes<\/th>\n<td>Strong light, Weak light, Flash, SOS<\/td>\n<\/tr>\n<tr>\n<th>Svars<\/th>\n<td>102 g<\/td>\n<\/tr>\n<tr>\n<th>Izm\u0113ri<\/th>\n<td>56x51x80 mm<\/td>\n<\/tr>\n<\/tbody>\n<\/table>\n<\/div>","protected":false},"excerpt":{"rendered":"<p>Superfire HL51 headlamp flashlight, 160 lm, micro-USB, 4 modes, 300 m The Superfire HL51 headlamp is distinguished by its large reflector, which guarantees high intensity of emitted light (up to 160 lm) and a range of up to 300 m. The micro USB rechargeable battery provides up to 2.5 hours of operation. The lamp&#8217;s customizable [&#8230;]\n","protected":false},"featured_media":105036,"comment_status":"open","ping_status":"closed","template":"","meta":[],"location":[19557,19558],"product_brand":[],"product_cat":[12185],"product_tag":[],"class_list":{"0":"post-78563","1":"product","2":"type-product","3":"status-publish","4":"has-post-thumbnail","6":"location-innpro_stock_location","7":"location-local_stock_location","8":"product_cat-head-flashlights","10":"first","11":"instock","12":"sale","13":"taxable","14":"shipping-taxable","15":"purchasable","16":"product-type-simple"},"aioseo_notices":[],"locations":[{"id":19557,"name":"Pieg\u0101d\u0101ja noliktav\u0101 (5-7dd.d)","slug":"innpro_stock_location","quantity":"25"},{"id":19558,"name":"R\u012bgas veikals (0-2dd.d)","slug":"local_stock_location","quantity":"0"}],"_links":{"self":[{"href":"https:\/\/elektrons.lv\/lv\/wp-json\/wp\/v2\/product\/78563","targetHints":{"allow":["GET"]}}],"collection":[{"href":"https:\/\/elektrons.lv\/lv\/wp-json\/wp\/v2\/product"}],"about":[{"href":"https:\/\/elektrons.lv\/lv\/wp-json\/wp\/v2\/types\/product"}],"replies":[{"embeddable":true,"href":"https:\/\/elektrons.lv\/lv\/wp-json\/wp\/v2\/comments?post=78563"}],"wp:featuredmedia":[{"embeddable":true,"href":"https:\/\/elektrons.lv\/lv\/wp-json\/wp\/v2\/media\/105036"}],"wp:attachment":[{"href":"https:\/\/elektrons.lv\/lv\/wp-json\/wp\/v2\/media?parent=78563"}],"wp:term":[{"taxonomy":"location","embeddable":true,"href":"https:\/\/elektrons.lv\/lv\/wp-json\/wp\/v2\/location?post=78563"},{"taxonomy":"product_brand","embeddable":true,"href":"https:\/\/elektrons.lv\/lv\/wp-json\/wp\/v2\/product_brand?post=78563"},{"taxonomy":"product_cat","embeddable":true,"href":"https:\/\/elektrons.lv\/lv\/wp-json\/wp\/v2\/product_cat?post=78563"},{"taxonomy":"product_tag","embeddable":true,"href":"https:\/\/elektrons.lv\/lv\/wp-json\/wp\/v2\/product_tag?post=78563"}],"curies":[{"name":"wp","href":"https:\/\/api.w.org\/{rel}","templated":true}]}}