{"id":78586,"date":"2026-05-14T09:35:21","date_gmt":"2026-05-14T09:35:21","guid":{"rendered":"https:\/\/elektrons.lv\/Prece\/photo-studio-puluz-pu5025b-led-25cm\/"},"modified":"2026-05-14T12:14:47","modified_gmt":"2026-05-14T12:14:47","slug":"photo-studio-puluz-pu5025b-led-25cm","status":"publish","type":"product","link":"https:\/\/elektrons.lv\/lv\/Prece\/photo-studio-puluz-pu5025b-led-25cm\/","title":{"rendered":"Photo studio Puluz PU5025B LED 25cm"},"content":{"rendered":"<h3>Mini photo studio\u00a0by Puluz<\/h3>\n<p>The shadowless tent was created for photography enthusiasts, online retailers, professionals and advertisers. The PU5025B will allow you to create a photography mini studio in your home. With the product, you can photograph small items such as jewelry, toys, watches, etc.<\/p>\n<p><img decoding=\"async\" src=\"https:\/\/b2b.innpro.pl\/data\/include\/cms\/02Puluz\/PU5025B\/9.jpg\"><\/p>\n<h3>Easy assembly, foldable design and colorful backgrounds included<\/h3>\n<p>Thanks to its small size, the tent will not take up much space. You can place it on any surface. PU5025B makes a perfect backdrop for your photos, it comes with 6 double-sided pads in 12 colors. In addition, the portable foldable design allows for easy assembly and storage.<\/p>\n<p><img decoding=\"async\" src=\"https:\/\/b2b.innpro.pl\/data\/include\/cms\/02Puluz\/PU5025B\/3.jpg\"><\/p>\n<h3>Optim\u0101ls apgaismojums<\/h3>\n<p>The built-in LED lamp prevents shadows and reflections in your photo. You can adjust the brightness of the light to best highlight the assets of your photographed products. What&#8217;s more, the high CRI of Ra95 means that the device perfectly reproduces the colors of the objects it illuminates. You can charge the PU5025B via USB &#8211; just connect it to a charger, powerbank, or even your laptop.<\/p>\n<p><img decoding=\"async\" src=\"https:\/\/b2b.innpro.pl\/data\/include\/cms\/02Puluz\/PU5025B\/5.jpg\"><\/p>\n<h3>In the box<\/h3>\n<ul>\n<li>Mini photo studio with LED light x1<\/li>\n<li>Bag x1<\/li>\n<li>Black-white double-sided background x1<\/li>\n<li>Gray-gold double-sided background x1<\/li>\n<li>Yellow-orange double-sided background x1<\/li>\n<li>Red-pink double-sided background x1<\/li>\n<li>Blue-purple double-sided background x1<\/li>\n<li>Green-brown double-sided background x1<\/li>\n<\/ul>\n<div class=\"table-wrapper\">\n<table>\n<tbody>\n<tr>\n<th>Z\u012bmols<\/th>\n<td>Puluz<\/td>\n<\/tr>\n<tr>\n<th>Modelis<\/th>\n<td>PU5025B<\/td>\n<\/tr>\n<tr>\n<th>Number of LED beads<\/th>\n<td>96<\/td>\n<\/tr>\n<tr>\n<th>LED beads model<\/th>\n<td>2835<\/td>\n<\/tr>\n<tr>\n<th>Gaismas pl\u016bsma<\/th>\n<td>24-26 lm<\/td>\n<\/tr>\n<tr>\n<th>Kr\u0101su temperat\u016bra<\/th>\n<td>5500K<\/td>\n<\/tr>\n<tr>\n<th>Dimming range<\/th>\n<td>1%-100%<\/td>\n<\/tr>\n<tr>\n<th>Dimming adjustment<\/th>\n<td>10 gears<\/td>\n<\/tr>\n<tr>\n<th>CRI<\/th>\n<td>&gt;95<\/td>\n<\/tr>\n<tr>\n<th>Jauda<\/th>\n<td>1-10W<\/td>\n<\/tr>\n<tr>\n<th>Spriegums<\/th>\n<td>5V<\/td>\n<\/tr>\n<tr>\n<th>Outside diameter<\/th>\n<td>200mm<\/td>\n<\/tr>\n<tr>\n<th>Port<\/th>\n<td>USB<\/td>\n<\/tr>\n<tr>\n<th>Kabe\u013ca garums<\/th>\n<td>2m<\/td>\n<\/tr>\n<\/tbody>\n<\/table>\n<\/div>","protected":false},"excerpt":{"rendered":"<p>Mini photo studio\u00a0by Puluz The shadowless tent was created for photography enthusiasts, online retailers, professionals and advertisers. The PU5025B will allow you to create a photography mini studio in your home. With the product, you can photograph small items such as jewelry, toys, watches, etc. Easy assembly, foldable design and colorful backgrounds included Thanks to [&#8230;]\n","protected":false},"featured_media":104861,"comment_status":"open","ping_status":"closed","template":"","meta":[],"location":[19557,19558],"product_brand":[],"product_cat":[12116],"product_tag":[],"class_list":{"0":"post-78586","1":"product","2":"type-product","3":"status-publish","4":"has-post-thumbnail","6":"location-innpro_stock_location","7":"location-local_stock_location","8":"product_cat-shadowless-tents","10":"first","11":"outofstock","12":"taxable","13":"shipping-taxable","14":"purchasable","15":"product-type-simple"},"aioseo_notices":[],"locations":[{"id":19557,"name":"Pieg\u0101d\u0101ja noliktav\u0101 (5-7dd.d)","slug":"innpro_stock_location","quantity":"0"},{"id":19558,"name":"R\u012bgas veikals (0-2dd.d)","slug":"local_stock_location","quantity":"0"}],"_links":{"self":[{"href":"https:\/\/elektrons.lv\/lv\/wp-json\/wp\/v2\/product\/78586","targetHints":{"allow":["GET"]}}],"collection":[{"href":"https:\/\/elektrons.lv\/lv\/wp-json\/wp\/v2\/product"}],"about":[{"href":"https:\/\/elektrons.lv\/lv\/wp-json\/wp\/v2\/types\/product"}],"replies":[{"embeddable":true,"href":"https:\/\/elektrons.lv\/lv\/wp-json\/wp\/v2\/comments?post=78586"}],"wp:featuredmedia":[{"embeddable":true,"href":"https:\/\/elektrons.lv\/lv\/wp-json\/wp\/v2\/media\/104861"}],"wp:attachment":[{"href":"https:\/\/elektrons.lv\/lv\/wp-json\/wp\/v2\/media?parent=78586"}],"wp:term":[{"taxonomy":"location","embeddable":true,"href":"https:\/\/elektrons.lv\/lv\/wp-json\/wp\/v2\/location?post=78586"},{"taxonomy":"product_brand","embeddable":true,"href":"https:\/\/elektrons.lv\/lv\/wp-json\/wp\/v2\/product_brand?post=78586"},{"taxonomy":"product_cat","embeddable":true,"href":"https:\/\/elektrons.lv\/lv\/wp-json\/wp\/v2\/product_cat?post=78586"},{"taxonomy":"product_tag","embeddable":true,"href":"https:\/\/elektrons.lv\/lv\/wp-json\/wp\/v2\/product_tag?post=78586"}],"curies":[{"name":"wp","href":"https:\/\/api.w.org\/{rel}","templated":true}]}}