{"id":78625,"date":"2026-05-14T09:35:26","date_gmt":"2026-05-14T09:35:26","guid":{"rendered":"https:\/\/elektrons.lv\/Prece\/baseus-simple-wisdom-data-cable-kit-usb-to-micro-2-1a-2pcs-set-1-5m-white\/"},"modified":"2026-05-15T16:07:57","modified_gmt":"2026-05-15T14:07:57","slug":"baseus-simple-wisdom-data-cable-kit-usb-to-micro-2-1a-2pcs-set-1-5m-white","status":"publish","type":"product","link":"https:\/\/elektrons.lv\/lv\/Prece\/baseus-simple-wisdom-data-cable-kit-usb-to-micro-2-1a-2pcs-set-1-5m-white\/","title":{"rendered":"Baseus Simple Wisdom Data Cable Kit USB to Micro 2.1A (2PCS\/Set) 1.5m White"},"content":{"rendered":"<h3>1.5m USB cable Baseus<\/h3>\n<p>Supporting a fast charging 2.1A Baseus cable ensures safe power supply and data transfer at 480 MB\/sec. Robust design and 1.5 m length increase comfort of use and provide the reliability you care about.<\/p>\n<p><img decoding=\"async\" src=\"https:\/\/b2b.innpro.pl\/data\/include\/cms\/0011Baseus\/0_01.jpg\"><\/p>\n<h3>\u00a0Quick and efficient charging<\/h3>\n<p>The cable guarantees a stable, reliable connection. It supports the fast charging 2.1A. This allows you to charge your phone quickly and effectively.<\/p>\n<p><img decoding=\"async\" src=\"https:\/\/b2b.innpro.pl\/data\/include\/cms\/PiotrP\/baseus\/TZCATLZJ02\/0_03.jpg\"><\/p>\n<h3>\u00a0Unusual comfort of use<\/h3>\n<p>The length of 1.5 m provides exceptional freedom. Thanks to it, you can use your phone comfortably even while it is charging. Forget about too short, limiting cables &#8211; with Baseus you can comfortably sit down and enjoy the reliable operation of a powered smartphone.<\/p>\n<p><img decoding=\"async\" src=\"https:\/\/b2b.innpro.pl\/data\/include\/cms\/PiotrP\/baseus\/TZCATLZJ02\/0_11.jpg\"><\/p>\n<h3>\u00a0Excellent quality<\/h3>\n<p>5 fibres of excellent quality tinned copper cores eliminate interference and energy loss. This is why fast, reliable charging is possible. The cable&#8217;s coating is made of PVC, which does not yellow, is skin-friendly, dirt-resistant and easy to clean.<\/p>\n<p><img decoding=\"async\" src=\"https:\/\/b2b.innpro.pl\/data\/include\/cms\/PiotrP\/baseus\/TZCATLZJ02\/0_05.jpg\"><\/p>\n<h3>\u00a0Impressive durability<\/h3>\n<p>You can bend the cable up to 360\u00b0 without worry &#8211; no danger of breaking or cracking. Thanks to this extraordinary strength, you no longer have to worry about damaging the product. Forget about poor quality cables that break after just a few weeks &#8211; with Baseus similar problems will only become a bad memory.<\/p>\n<p><img decoding=\"async\" src=\"https:\/\/b2b.innpro.pl\/data\/include\/cms\/PiotrP\/baseus\/TZCATLZJ02\/0_09.jpg\"><\/p>\n<h3>\u00a0Instant file transfer<\/h3>\n<p>You don&#8217;t have to wait for your files to be copied forever anymore. The Baseus cable provides a data transfer rate of up to 480 MB\/sec. Thanks to that you can transfer all your photos, videos or documents to another device in a flash.<\/p>\n<p><img decoding=\"async\" src=\"https:\/\/b2b.innpro.pl\/data\/include\/cms\/PiotrP\/baseus\/TZCATLZJ02\/0_10.jpg\"><\/p>\n<h3>\u00a0Practical set<\/h3>\n<p>You will find as many as 2 cables in the package. So you can use one at home and take the other to work to avoid having to carry them back and forth. However, if you need to carry the cable comfortably, use the included special Velcro strap to save space in your bag or backpack and keep it tidy<\/p>\n<p><img decoding=\"async\" src=\"https:\/\/b2b.innpro.pl\/data\/include\/cms\/PiotrP\/baseus\/TZCATLZJ02\/0_12.jpg\"><\/p>\n<div class=\"table-wrapper\">\n<table width=\"699\">\n<tbody>\n<tr>\n<td><span><strong>Ra\u017eot\u0101js<\/strong><\/span><\/td>\n<td><span>Baseus<\/span><\/td>\n<\/tr>\n<tr>\n<td><span><strong>Modelis<\/strong><\/span><\/td>\n<td><span>Simple Wisdom Data Cable Kit USB to Micro 2.1A<\/span><\/td>\n<\/tr>\n<tr>\n<td><span><strong>Code<\/strong><\/span><\/td>\n<td><span>TZCAMZJ-02<\/span><\/td>\n<\/tr>\n<tr>\n<td><span><strong>Materi\u0101ls<\/strong><\/span><\/td>\n<td><span>PVC +\u00a0injection moulding<\/span><\/td>\n<\/tr>\n<tr>\n<td><span><strong>Kr\u0101sa<\/strong><\/span><\/td>\n<td><span>Balts<\/span><\/td>\n<\/tr>\n<tr>\n<td><span><strong>Data trasmission<\/strong><\/span><\/td>\n<td><span>480Mbps<\/span><\/td>\n<\/tr>\n<tr>\n<td><span><strong>Lenght<\/strong><\/span><\/td>\n<td><span>1.5m<\/span><\/td>\n<\/tr>\n<\/tbody>\n<\/table>\n<\/div>","protected":false},"excerpt":{"rendered":"<p>1.5m USB cable Baseus Supporting a fast charging 2.1A Baseus cable ensures safe power supply and data transfer at 480 MB\/sec. Robust design and 1.5 m length increase comfort of use and provide the reliability you care about. \u00a0Quick and efficient charging The cable guarantees a stable, reliable connection. It supports the fast charging 2.1A. [&#8230;]\n","protected":false},"featured_media":104673,"comment_status":"open","ping_status":"closed","template":"","meta":[],"location":[19557,19558],"product_brand":[],"product_cat":[12046],"product_tag":[],"class_list":{"0":"post-78625","1":"product","2":"type-product","3":"status-publish","4":"has-post-thumbnail","6":"location-innpro_stock_location","7":"location-local_stock_location","8":"product_cat-usb-to-micro-usb","10":"first","11":"instock","12":"sale","13":"taxable","14":"shipping-taxable","15":"purchasable","16":"product-type-simple"},"aioseo_notices":[],"locations":[{"id":19557,"name":"Pieg\u0101d\u0101ja noliktav\u0101 (5-7dd.d)","slug":"innpro_stock_location","quantity":"95"},{"id":19558,"name":"R\u012bgas veikals (0-2dd.d)","slug":"local_stock_location","quantity":"0"}],"_links":{"self":[{"href":"https:\/\/elektrons.lv\/lv\/wp-json\/wp\/v2\/product\/78625","targetHints":{"allow":["GET"]}}],"collection":[{"href":"https:\/\/elektrons.lv\/lv\/wp-json\/wp\/v2\/product"}],"about":[{"href":"https:\/\/elektrons.lv\/lv\/wp-json\/wp\/v2\/types\/product"}],"replies":[{"embeddable":true,"href":"https:\/\/elektrons.lv\/lv\/wp-json\/wp\/v2\/comments?post=78625"}],"wp:featuredmedia":[{"embeddable":true,"href":"https:\/\/elektrons.lv\/lv\/wp-json\/wp\/v2\/media\/104673"}],"wp:attachment":[{"href":"https:\/\/elektrons.lv\/lv\/wp-json\/wp\/v2\/media?parent=78625"}],"wp:term":[{"taxonomy":"location","embeddable":true,"href":"https:\/\/elektrons.lv\/lv\/wp-json\/wp\/v2\/location?post=78625"},{"taxonomy":"product_brand","embeddable":true,"href":"https:\/\/elektrons.lv\/lv\/wp-json\/wp\/v2\/product_brand?post=78625"},{"taxonomy":"product_cat","embeddable":true,"href":"https:\/\/elektrons.lv\/lv\/wp-json\/wp\/v2\/product_cat?post=78625"},{"taxonomy":"product_tag","embeddable":true,"href":"https:\/\/elektrons.lv\/lv\/wp-json\/wp\/v2\/product_tag?post=78625"}],"curies":[{"name":"wp","href":"https:\/\/api.w.org\/{rel}","templated":true}]}}