{"id":78652,"date":"2026-05-14T09:35:29","date_gmt":"2026-05-14T09:35:29","guid":{"rendered":"https:\/\/elektrons.lv\/Prece\/baseus-golden-contactor-pro-car-charger-usb-usb-c-qc4-0-pd-scp-40w-blue-usb-c-lightning-cable-1m-blue\/"},"modified":"2026-05-15T16:17:43","modified_gmt":"2026-05-15T14:17:43","slug":"baseus-golden-contactor-pro-car-charger-usb-usb-c-qc4-0-pd-scp-40w-blue-usb-c-lightning-cable-1m-blue","status":"publish","type":"product","link":"https:\/\/elektrons.lv\/lv\/Prece\/baseus-golden-contactor-pro-car-charger-usb-usb-c-qc4-0-pd-scp-40w-blue-usb-c-lightning-cable-1m-blue\/","title":{"rendered":"Baseus Golden Contactor Pro car charger, USB + USB-C, QC4.0+, PD, SCP, 40W (blue) + USB-C &#8211; Lightning cable 1m (blue)"},"content":{"rendered":"<h3>Baseus dual-port charger<\/h3>\n<p>The car charger from Baseus allows you to charge two devices at once, without worrying about slow charging. It provides fast charging with a current of 3A. TZCCJD-03 has 2 ports: USB + USB-C, making your device&#8217;s compatibility wider and use more convenient. It also comes with a practical 1m USB-C to Lightning cable.<\/p>\n<p><img decoding=\"async\" src=\"https:\/\/b2b.innpro.pl\/data\/include\/cms\/0011Baseus\/TZCCJD-03\/0_14.jpg\"><\/p>\n<h3>Charge 2 devices simultaneously<\/h3>\n<p>The charger&#8217;s BPS II technology allows you to intelligently and automatically select the voltage and power for both connected, charged devices.<\/p>\n<p><img decoding=\"async\" src=\"https:\/\/b2b.innpro.pl\/data\/include\/cms\/0011Baseus\/TZCCJD-03\/0_10a.jpg\"><\/p>\n<h3>Safety and speed<\/h3>\n<p>With 20W Power Delivery and Quick Charge 4+ technology, your phone can be charged in one hour, and with heat, overvoltage and overcharge protection, the charger interrupts as soon as your device is fully charged.<\/p>\n<p><img decoding=\"async\" src=\"https:\/\/b2b.innpro.pl\/data\/include\/cms\/0011Baseus\/TZCCJD-03\/0_8.jpg\"><\/p>\n<h3>Aesthetic design<\/h3>\n<p>The charger is not only extremely efficient, its aesthetic design is eye-catching and the blue metal casing looks perfect in the car interior. Built-in LED indicator informs about the battery charge status and helps you quickly and easily locate the device after dark.<\/p>\n<p><img decoding=\"async\" src=\"https:\/\/b2b.innpro.pl\/data\/include\/cms\/0011Baseus\/TZCCJD-03\/0_9a.jpg\"><\/p>\n<h3>In the box<\/h3>\n<ul>\n<li>Car charger<\/li>\n<li>USB-C to Lightning 1m cable<\/li>\n<li>Instruction manual<\/li>\n<\/ul>\n<div class=\"table-wrapper\">\n<table>\n<tbody>\n<tr>\n<th>Z\u012bmols<\/th>\n<td>Baseus<\/td>\n<\/tr>\n<tr>\n<th>V\u0101rds<\/th>\n<td>Golden Contactor Pro Dual Quick Charger Car Charger U+C 40W<\/td>\n<\/tr>\n<tr>\n<th>Modelis<\/th>\n<td>TZCCJD-03<\/td>\n<\/tr>\n<tr>\n<th>Materi\u0101ls<\/th>\n<td>Aluminum + ABS + PC<\/td>\n<\/tr>\n<tr>\n<th>Ievade<\/th>\n<td>DC 12-24V<\/td>\n<\/tr>\n<tr>\n<th>USB Output<\/th>\n<td>5V\/3A, 9V\/2A, 12V\/1.5A, 20W max<\/td>\n<\/tr>\n<tr>\n<th>USB-C Output<\/th>\n<td>5V\/3A, 9V\/2.22A, 12V\/1.6A, 15V\/1.3A, 20V\/1A 20W max.<\/td>\n<\/tr>\n<tr>\n<th>Kop\u0113j\u0101 izejas jauda<\/th>\n<td>20W + 20W (40W max.)<\/td>\n<\/tr>\n<tr>\n<th>Kr\u0101sa<\/th>\n<td>Blue<\/td>\n<\/tr>\n<\/tbody>\n<\/table>\n<\/div>","protected":false},"excerpt":{"rendered":"<p>Baseus dual-port charger The car charger from Baseus allows you to charge two devices at once, without worrying about slow charging. It provides fast charging with a current of 3A. TZCCJD-03 has 2 ports: USB + USB-C, making your device&#8217;s compatibility wider and use more convenient. It also comes with a practical 1m USB-C to [&#8230;]\n","protected":false},"featured_media":104525,"comment_status":"open","ping_status":"closed","template":"","meta":[],"location":[19557,19558],"product_brand":[],"product_cat":[12041],"product_tag":[],"class_list":{"0":"post-78652","1":"product","2":"type-product","3":"status-publish","4":"has-post-thumbnail","6":"location-innpro_stock_location","7":"location-local_stock_location","8":"product_cat-car-chargers","10":"first","11":"outofstock","12":"taxable","13":"shipping-taxable","14":"purchasable","15":"product-type-simple"},"aioseo_notices":[],"locations":[{"id":19557,"name":"Pieg\u0101d\u0101ja noliktav\u0101 (5-7dd.d)","slug":"innpro_stock_location","quantity":"0"},{"id":19558,"name":"R\u012bgas veikals (0-2dd.d)","slug":"local_stock_location","quantity":"0"}],"_links":{"self":[{"href":"https:\/\/elektrons.lv\/lv\/wp-json\/wp\/v2\/product\/78652","targetHints":{"allow":["GET"]}}],"collection":[{"href":"https:\/\/elektrons.lv\/lv\/wp-json\/wp\/v2\/product"}],"about":[{"href":"https:\/\/elektrons.lv\/lv\/wp-json\/wp\/v2\/types\/product"}],"replies":[{"embeddable":true,"href":"https:\/\/elektrons.lv\/lv\/wp-json\/wp\/v2\/comments?post=78652"}],"wp:featuredmedia":[{"embeddable":true,"href":"https:\/\/elektrons.lv\/lv\/wp-json\/wp\/v2\/media\/104525"}],"wp:attachment":[{"href":"https:\/\/elektrons.lv\/lv\/wp-json\/wp\/v2\/media?parent=78652"}],"wp:term":[{"taxonomy":"location","embeddable":true,"href":"https:\/\/elektrons.lv\/lv\/wp-json\/wp\/v2\/location?post=78652"},{"taxonomy":"product_brand","embeddable":true,"href":"https:\/\/elektrons.lv\/lv\/wp-json\/wp\/v2\/product_brand?post=78652"},{"taxonomy":"product_cat","embeddable":true,"href":"https:\/\/elektrons.lv\/lv\/wp-json\/wp\/v2\/product_cat?post=78652"},{"taxonomy":"product_tag","embeddable":true,"href":"https:\/\/elektrons.lv\/lv\/wp-json\/wp\/v2\/product_tag?post=78652"}],"curies":[{"name":"wp","href":"https:\/\/api.w.org\/{rel}","templated":true}]}}