{"id":78693,"date":"2026-05-14T09:35:34","date_gmt":"2026-05-14T09:35:34","guid":{"rendered":"https:\/\/elektrons.lv\/Prece\/led-nail-clippers-petkit\/"},"modified":"2026-05-15T16:04:02","modified_gmt":"2026-05-15T14:04:02","slug":"led-nail-clippers-petkit","status":"publish","type":"product","link":"https:\/\/elektrons.lv\/lv\/Prece\/led-nail-clippers-petkit\/","title":{"rendered":"LED nail clippers PetKit"},"content":{"rendered":"<h3>Petkit Nail clippers\u00a0with LED light<\/h3>\n<p>Clipping your pets claws is often quite a challenge. Now it will become easier than ever before! Petkit brand scissors are equipped with an LED light to avoid damage to the blood vessels, and a built-in file to even out claws after trimming. Moreover, the clipped claws go into a special container, which makes it easier for you to keep things in order. The scissors are also extremely sharp, durable and easy to use.<\/p>\n<p><img decoding=\"async\" src=\"https:\/\/b2b.innpro.pl\/data\/include\/cms\/03PetKit\/LED-pet-scissor\/2.jpg?v=1633517494111\"><\/p>\n<h3>Built-in LED light<\/h3>\n<p>If you are a pet owner, you surely know that when trimming your pet&#8217;s claws, you have to be very careful not to damage the blood vessels. Petkit brand scissors will make this task easier for you! The built-in LED light will allow you to easily locate the blood vessels to avoid cutting them. This is a fantastic solution for both novice pet owners and those who have been taking care of their pets for years.<\/p>\n<p><img decoding=\"async\" src=\"https:\/\/b2b.innpro.pl\/data\/include\/cms\/03PetKit\/LED-pet-scissor\/13.jpg?v=1633517494111\"><\/p>\n<h3>One cut is enough<\/h3>\n<p>Cut your pets claws without much effort. The blades of the scissors are made of durable stainless steel. They are also incredibly sharp. What&#8217;s more, their design has been adapted to the shape of your pet&#8217;s claws, which will allow you to trim them even more easily and accurately. You don&#8217;t have to put too much effort into it anymore &#8211; with Petkit you can shorten your pet&#8217;s claws with one cut, avoiding breaking or splitting them at the same time.<\/p>\n<p><img decoding=\"async\" src=\"https:\/\/b2b.innpro.pl\/data\/include\/cms\/03PetKit\/LED-pet-scissor\/12.jpg?v=1633517494111\"><\/p>\n<h3>Easily stay organized<\/h3>\n<p>Pet claws scattered on the floor are a thing of the past. Petkit scissors are equipped with a special container, into which the cut claws go. You no longer have to worry about the mess &#8211; now you can easily keep order in your home beauty salon for pets!<\/p>\n<p><img decoding=\"async\" src=\"https:\/\/b2b.innpro.pl\/data\/include\/cms\/03PetKit\/LED-pet-scissor\/6.jpg?v=1633517494111\"><\/p>\n<h3>Practical file<\/h3>\n<p>After trimming your claws, it&#8217;s still a good idea to level and smooth them so they don&#8217;t snag on anything and get torn. Petkit will help you with that too! The scissors have a small, extendable file built in. You can use it to carefully and gently align your pet&#8217;s claws, thus ensuring comfort and safety.<\/p>\n<p><img decoding=\"async\" src=\"https:\/\/b2b.innpro.pl\/data\/include\/cms\/03PetKit\/LED-pet-scissor\/10.jpg?v=1633517494111\"><\/p>\n<h3>Comfort of use<\/h3>\n<p>The scissors are incredibly easy and comfortable to use. Non-slip handle with a pleasant to the touch, imitating leather texture makes the product fits well in your hand and does not fall out. What&#8217;s more, the sturdy spring allows for quick and easy claw clipping. In addition, the metal lock prevents the scissors from accidentally unfolding.<\/p>\n<p><img decoding=\"async\" src=\"https:\/\/b2b.innpro.pl\/data\/include\/cms\/03PetKit\/LED-pet-scissor\/4.jpg?v=1633517494111\"><\/p>\n<h3>Long runtime<\/h3>\n<p>Enjoy the long working time of the scissors. 3 LR44 batteries are required to power the product. They allow it to work even for a whole year! So you don&#8217;t have to change them too often. After one battery change the scissors will serve you well for a surprisingly long time.<\/p>\n<p><img decoding=\"async\" src=\"https:\/\/b2b.innpro.pl\/data\/include\/cms\/03PetKit\/LED-pet-scissor\/7.jpg?v=1633517494111\"><\/p>\n<div class=\"table-wrapper\">\n<table>\n<tbody>\n<tr>\n<th>Z\u012bmols<\/th>\n<td>Petkit<\/td>\n<\/tr>\n<tr>\n<th>V\u0101rds<\/th>\n<td>LED Nail Clippers<\/td>\n<\/tr>\n<tr>\n<th>Svars<\/th>\n<td>144g<\/td>\n<\/tr>\n<tr>\n<th>Izm\u0113ri<\/th>\n<td>14.8&#215;4.8&#215;2.3cm<\/td>\n<\/tr>\n<tr>\n<th>Materi\u0101ls<\/th>\n<td>ABS, stainless steel<\/td>\n<\/tr>\n<tr>\n<th>Baro\u0161anas avots<\/th>\n<td>3x LR44 battery<\/td>\n<\/tr>\n<tr>\n<th>Suitable for<\/th>\n<td>Cats and dogs<\/td>\n<\/tr>\n<\/tbody>\n<\/table>\n<\/div>","protected":false},"excerpt":{"rendered":"<p>Petkit Nail clippers\u00a0with LED light Clipping your pets claws is often quite a challenge. Now it will become easier than ever before! Petkit brand scissors are equipped with an LED light to avoid damage to the blood vessels, and a built-in file to even out claws after trimming. Moreover, the clipped claws go into a [&#8230;]\n","protected":false},"featured_media":104347,"comment_status":"open","ping_status":"closed","template":"","meta":[],"location":[19557,19558],"product_brand":[],"product_cat":[12726],"product_tag":[],"class_list":{"0":"post-78693","1":"product","2":"type-product","3":"status-publish","4":"has-post-thumbnail","6":"location-innpro_stock_location","7":"location-local_stock_location","8":"product_cat-animal-care","10":"first","11":"instock","12":"sale","13":"taxable","14":"shipping-taxable","15":"purchasable","16":"product-type-simple"},"aioseo_notices":[],"locations":[{"id":19557,"name":"Pieg\u0101d\u0101ja noliktav\u0101 (5-7dd.d)","slug":"innpro_stock_location","quantity":"184"},{"id":19558,"name":"R\u012bgas veikals (0-2dd.d)","slug":"local_stock_location","quantity":"0"}],"_links":{"self":[{"href":"https:\/\/elektrons.lv\/lv\/wp-json\/wp\/v2\/product\/78693","targetHints":{"allow":["GET"]}}],"collection":[{"href":"https:\/\/elektrons.lv\/lv\/wp-json\/wp\/v2\/product"}],"about":[{"href":"https:\/\/elektrons.lv\/lv\/wp-json\/wp\/v2\/types\/product"}],"replies":[{"embeddable":true,"href":"https:\/\/elektrons.lv\/lv\/wp-json\/wp\/v2\/comments?post=78693"}],"wp:featuredmedia":[{"embeddable":true,"href":"https:\/\/elektrons.lv\/lv\/wp-json\/wp\/v2\/media\/104347"}],"wp:attachment":[{"href":"https:\/\/elektrons.lv\/lv\/wp-json\/wp\/v2\/media?parent=78693"}],"wp:term":[{"taxonomy":"location","embeddable":true,"href":"https:\/\/elektrons.lv\/lv\/wp-json\/wp\/v2\/location?post=78693"},{"taxonomy":"product_brand","embeddable":true,"href":"https:\/\/elektrons.lv\/lv\/wp-json\/wp\/v2\/product_brand?post=78693"},{"taxonomy":"product_cat","embeddable":true,"href":"https:\/\/elektrons.lv\/lv\/wp-json\/wp\/v2\/product_cat?post=78693"},{"taxonomy":"product_tag","embeddable":true,"href":"https:\/\/elektrons.lv\/lv\/wp-json\/wp\/v2\/product_tag?post=78693"}],"curies":[{"name":"wp","href":"https:\/\/api.w.org\/{rel}","templated":true}]}}