{"id":78700,"date":"2026-05-14T09:35:35","date_gmt":"2026-05-14T09:35:35","guid":{"rendered":"https:\/\/elektrons.lv\/Prece\/baseus-compact-quick-charger-2xusb-usb-c-pd-3a-30w-white\/"},"modified":"2026-05-15T16:02:01","modified_gmt":"2026-05-15T14:02:01","slug":"baseus-compact-quick-charger-2xusb-usb-c-pd-3a-30w-white","status":"publish","type":"product","link":"https:\/\/elektrons.lv\/lv\/Prece\/baseus-compact-quick-charger-2xusb-usb-c-pd-3a-30w-white\/","title":{"rendered":"Baseus Compact \u0100trais l\u0101d\u0113t\u0101js, 2xUSB, USB-C, PD, 3A, 30W (balts)"},"content":{"rendered":"<h3>Baseus Compact Quick Charger <\/h3>\n<p>Do you use several different devices throughout the day that need different chargers? In a hurry it&#8217;s easy to forget to bring each of them. With the Baseus CCXJ-E02 network charger, you no longer have to worry about discharging your important equipment. Equipped with 2 USB-A ports and a USB-C port guarantees versatility and compatibility with most equipment. The product also supports various protocols that speed up regular charging by up to 3 times.<\/p>\n<p><img decoding=\"async\" src=\"https:\/\/b2b.innpro.pl\/data\/include\/cms\/.product\/8\/6\/21668\/5.jpg\" alt=\".product\/8\/6\/21668\/5\"><\/p>\n<h3>Safe charging <\/h3>\n<p>By w bezpieczny spos\u00f3b \u0142adowa\u0107 Twoje urz\u0105dzenia, \u0142adowarka zosta\u0142a wyposa\u017cona w chip, kt\u00f3ry inteligentnie rozpoznaje typ urz\u0105dzenia i dostosowuje nat\u0119\u017cenie \u0142adowania. Dzi\u0119ki temu mo\u017cesz mie\u0107 pewno\u015b\u0107, \u017ce Twoje urz\u0105dzenia nie zostan\u0105 prze\u0142adowane i s\u0105 chronione przez zwarciem czy przegrzaniem.<\/p>\n<p><img decoding=\"async\" src=\"https:\/\/b2b.innpro.pl\/data\/include\/cms\/.product\/8\/6\/21668\/10.jpg\" alt=\".product\/8\/6\/21668\/10\"><\/p>\n<h3>Wherever you go, with you <\/h3>\n<p>The small size and weight of the charger mean you can take it anywhere in the world. It fits into a small handbag, backpack or laptop bag. Now you can always charge your devices at home, in the office and while traveling.<\/p>\n<p><img decoding=\"async\" src=\"https:\/\/b2b.innpro.pl\/data\/include\/cms\/.product\/8\/6\/21668\/8.jpg\" alt=\".product\/8\/6\/21668\/8\"><\/p>\n<h3>Extensive functionality  <\/h3>\n<p>You do not have to wait impatiently for one device to finish charging to connect another. Two USB-A ports and one USB-C port allow you to connect even several devices at once! Charge your equipment safely without worrying about discharging at the least opportune moment and save your time.  <\/p>\n<p><img decoding=\"async\" src=\"https:\/\/b2b.innpro.pl\/data\/include\/cms\/.product\/8\/6\/21668\/7.jpg\" alt=\".product\/8\/6\/21668\/7\"><\/p>\n<h3>Clever design and smart technology   <\/h3>\n<p>Charge your devices 3 times faster than usual! With support for protocols such as PD 3.0 and QC 3.0, you can charge your devices with up to 20W of power. The high-performance PC material of the charger is heat-resistant, which makes it extremely durable. It distributes the heat perfectly and protects your devices even during fast charging.      <\/p>\n<p><img decoding=\"async\" src=\"https:\/\/b2b.innpro.pl\/data\/include\/cms\/.product\/8\/6\/21668\/1.jpg\" alt=\".product\/8\/6\/21668\/1\"><\/p>\n<div class=\"table-wrapper\">\n<table>\n<tbody>\n<tr>\n<th>Z\u012bmols<\/th>\n<td>Basues<\/td>\n<\/tr>\n<tr>\n<th>V\u0101rds<\/th>\n<td>Speed Dual QC3.0 Quick Charger U+U 30W<\/td>\n<\/tr>\n<tr>\n<th>Input current<\/th>\n<td>AC 100-240V 50-60Hz 0.7A<\/td>\n<\/tr>\n<tr>\n<th>USB 1 output current<\/th>\n<td>DC 5V\/3A, 9V\/3A, 12V\/2.5A, 15V\/2A, 20V\/1.5A Max.<\/td>\n<\/tr>\n<tr>\n<th>USB 2 output current<\/th>\n<td>DC 4.5V\/5A, 5V\/4.5A, 9V\/3A, 12V\/2.5A Max<\/td>\n<\/tr>\n<tr>\n<th>Kr\u0101sa<\/th>\n<td>Balts<\/td>\n<\/tr>\n<\/tbody>\n<\/table>\n<\/div>","protected":false},"excerpt":{"rendered":"<p>Baseus Compact Quick Charger Do you use several different devices throughout the day that need different chargers? In a hurry it&#8217;s easy to forget to bring each of them. With the Baseus CCXJ-E02 network charger, you no longer have to worry about discharging your important equipment. Equipped with 2 USB-A ports and a USB-C port [&#8230;]\n","protected":false},"featured_media":104282,"comment_status":"open","ping_status":"closed","template":"","meta":[],"location":[19557,19558],"product_brand":[],"product_cat":[12037],"product_tag":[],"class_list":{"0":"post-78700","1":"product","2":"type-product","3":"status-publish","4":"has-post-thumbnail","6":"location-innpro_stock_location","7":"location-local_stock_location","8":"product_cat-mains-chargers","10":"first","11":"outofstock","12":"taxable","13":"shipping-taxable","14":"purchasable","15":"product-type-simple"},"aioseo_notices":[],"locations":[{"id":19557,"name":"Pieg\u0101d\u0101ja noliktav\u0101 (5-7dd.d)","slug":"innpro_stock_location","quantity":"0"},{"id":19558,"name":"R\u012bgas veikals (0-2dd.d)","slug":"local_stock_location","quantity":"0"}],"_links":{"self":[{"href":"https:\/\/elektrons.lv\/lv\/wp-json\/wp\/v2\/product\/78700","targetHints":{"allow":["GET"]}}],"collection":[{"href":"https:\/\/elektrons.lv\/lv\/wp-json\/wp\/v2\/product"}],"about":[{"href":"https:\/\/elektrons.lv\/lv\/wp-json\/wp\/v2\/types\/product"}],"replies":[{"embeddable":true,"href":"https:\/\/elektrons.lv\/lv\/wp-json\/wp\/v2\/comments?post=78700"}],"wp:featuredmedia":[{"embeddable":true,"href":"https:\/\/elektrons.lv\/lv\/wp-json\/wp\/v2\/media\/104282"}],"wp:attachment":[{"href":"https:\/\/elektrons.lv\/lv\/wp-json\/wp\/v2\/media?parent=78700"}],"wp:term":[{"taxonomy":"location","embeddable":true,"href":"https:\/\/elektrons.lv\/lv\/wp-json\/wp\/v2\/location?post=78700"},{"taxonomy":"product_brand","embeddable":true,"href":"https:\/\/elektrons.lv\/lv\/wp-json\/wp\/v2\/product_brand?post=78700"},{"taxonomy":"product_cat","embeddable":true,"href":"https:\/\/elektrons.lv\/lv\/wp-json\/wp\/v2\/product_cat?post=78700"},{"taxonomy":"product_tag","embeddable":true,"href":"https:\/\/elektrons.lv\/lv\/wp-json\/wp\/v2\/product_tag?post=78700"}],"curies":[{"name":"wp","href":"https:\/\/api.w.org\/{rel}","templated":true}]}}