{"id":78719,"date":"2026-05-14T09:35:37","date_gmt":"2026-05-14T09:35:37","guid":{"rendered":"https:\/\/elektrons.lv\/Prece\/battery-tattu-r-line-650mah-148v-95c-4s1p-xt30\/"},"modified":"2026-05-15T07:48:10","modified_gmt":"2026-05-15T07:48:10","slug":"battery-tattu-r-line-650mah-148v-95c-4s1p-xt30","status":"publish","type":"product","link":"https:\/\/elektrons.lv\/lv\/Prece\/battery-tattu-r-line-650mah-148v-95c-4s1p-xt30\/","title":{"rendered":"Battery  Tattu R-Line 650mAh 14,8V 95C 4S1P XT30"},"content":{"rendered":"<h3>Tattu batteries<\/h3>\n<p>Specifically for UAVs, the Tattu brand has designed new batteries of unrivalled quality. They offer exceptional power whether you&#8217;re using smaller drones for recreational use or heavy rigs for computing applications. Batteries often look similar from the outside &#8211; their real strength, however, lies inside. The cells in Tattu batteries are specifically developed for UAV requirements<\/p>\n<p><img decoding=\"async\" src=\"https:\/\/b2b.innpro.pl\/data\/include\/cms\/.jpg\" alt=\"\"><\/p>\n<h3>Safety instructions<\/h3>\n<p>Do not discharge below 3.0V per cell. Charge only with a microprocessor-based charger in lithium-polymer pack charging mode.<br \/>Do not short-circuit poles, do not puncture, do not expose to direct sunlight, store away from flammable objects, dispose of in specially prepared containers.<\/p>\n<div class=\"table-wrapper\">\n<table>\n<tbody>\n<tr>\n<th>Spriegums<\/th>\n<td>14,8 V<\/td>\n<\/tr>\n<tr>\n<th>Kapacit\u0101te<\/th>\n<td>650 mAh<\/td>\n<\/tr>\n<tr>\n<th>\u0160\u016bnu skaits<\/th>\n<td>4 <\/td>\n<\/tr>\n<tr>\n<th>Connector type<\/th>\n<td>XT30<\/td>\n<\/tr>\n<tr>\n<th>Balancer type<\/th>\n<td>JST-XH<\/td>\n<\/tr>\n<tr>\n<th>Discharge current (continuous)<\/th>\n<td>95C <\/td>\n<\/tr>\n<tr>\n<th>Garums<\/th>\n<td>60 mm<\/td>\n<\/tr>\n<tr>\n<th>Platums<\/th>\n<td>31 mm<\/td>\n<\/tr>\n<tr>\n<th>Augstums<\/th>\n<td>25 mm<\/td>\n<\/tr>\n<tr>\n<th>Svars<\/th>\n<td>80 g<\/td>\n<\/tr>\n<\/tbody>\n<\/table>\n<\/div>","protected":false},"excerpt":{"rendered":"<p>Tattu batteries Specifically for UAVs, the Tattu brand has designed new batteries of unrivalled quality. They offer exceptional power whether you&#8217;re using smaller drones for recreational use or heavy rigs for computing applications. Batteries often look similar from the outside &#8211; their real strength, however, lies inside. The cells in Tattu batteries are specifically developed [&#8230;]\n","protected":false},"featured_media":104220,"comment_status":"open","ping_status":"closed","template":"","meta":[],"location":[19557,19558],"product_brand":[],"product_cat":[12054],"product_tag":[],"class_list":{"0":"post-78719","1":"product","2":"type-product","3":"status-publish","4":"has-post-thumbnail","6":"location-innpro_stock_location","7":"location-local_stock_location","8":"product_cat-lithium-and-nimh","10":"first","11":"instock","12":"sale","13":"taxable","14":"shipping-taxable","15":"purchasable","16":"product-type-simple"},"aioseo_notices":[],"locations":[{"id":19557,"name":"Pieg\u0101d\u0101ja noliktav\u0101 (5-7dd.d)","slug":"innpro_stock_location","quantity":"50"},{"id":19558,"name":"R\u012bgas veikals (0-2dd.d)","slug":"local_stock_location","quantity":"0"}],"_links":{"self":[{"href":"https:\/\/elektrons.lv\/lv\/wp-json\/wp\/v2\/product\/78719","targetHints":{"allow":["GET"]}}],"collection":[{"href":"https:\/\/elektrons.lv\/lv\/wp-json\/wp\/v2\/product"}],"about":[{"href":"https:\/\/elektrons.lv\/lv\/wp-json\/wp\/v2\/types\/product"}],"replies":[{"embeddable":true,"href":"https:\/\/elektrons.lv\/lv\/wp-json\/wp\/v2\/comments?post=78719"}],"wp:featuredmedia":[{"embeddable":true,"href":"https:\/\/elektrons.lv\/lv\/wp-json\/wp\/v2\/media\/104220"}],"wp:attachment":[{"href":"https:\/\/elektrons.lv\/lv\/wp-json\/wp\/v2\/media?parent=78719"}],"wp:term":[{"taxonomy":"location","embeddable":true,"href":"https:\/\/elektrons.lv\/lv\/wp-json\/wp\/v2\/location?post=78719"},{"taxonomy":"product_brand","embeddable":true,"href":"https:\/\/elektrons.lv\/lv\/wp-json\/wp\/v2\/product_brand?post=78719"},{"taxonomy":"product_cat","embeddable":true,"href":"https:\/\/elektrons.lv\/lv\/wp-json\/wp\/v2\/product_cat?post=78719"},{"taxonomy":"product_tag","embeddable":true,"href":"https:\/\/elektrons.lv\/lv\/wp-json\/wp\/v2\/product_tag?post=78719"}],"curies":[{"name":"wp","href":"https:\/\/api.w.org\/{rel}","templated":true}]}}