{"id":78744,"date":"2026-05-14T09:35:39","date_gmt":"2026-05-14T09:35:39","guid":{"rendered":"https:\/\/elektrons.lv\/Prece\/puluz-live-recording-set-tripod-led-light-microphone-phone-clip-pkt3132b\/"},"modified":"2026-05-15T07:48:11","modified_gmt":"2026-05-15T07:48:11","slug":"puluz-live-recording-set-tripod-led-light-microphone-phone-clip-pkt3132b","status":"publish","type":"product","link":"https:\/\/elektrons.lv\/lv\/Prece\/puluz-live-recording-set-tripod-led-light-microphone-phone-clip-pkt3132b\/","title":{"rendered":"Puluz live recording set tripod + LED light + microphone + phone clip PKT3132B"},"content":{"rendered":"<h3>Puluz PKT3132B tripod with microphone and LED light<\/h3>\n<p>Tripod by Puluz is a perfect device for any lover of professional shots and simple solutions. Rubber feet of the device will ensure the stability of the frame and a fixed angle of shooting, and the LED lamp will take care of proper lighting &#8211; the ability to adjust the color temperature of the light is a unique clarity in any photo or video. By mounting a microphone, the device becomes a convenient kit.<\/p>\n<p>\n<img decoding=\"async\" alt=\"\" border=\"0\" src=\"https:\/\/assets.innpro.pl\/14603\/18309\/2.jpg\"\/>\n<\/p>\n<h3>Multifunctionality and reliability<\/h3>\n<p>The tripod is equipped with an LED light, microphone, type C cable, 3.5mm audio cable for camera, 3.5mm audio cable for cell phone, dual phone input shoe, desk stand and storage bag, which, combined with a phone or camera, creates a ready-to-use kit. The simple design and easy-to-use clamp allows for quick repositioning.<\/p>\n<p>\n<img decoding=\"async\" alt=\"\" border=\"0\" src=\"https:\/\/assets.innpro.pl\/14603\/18309\/4.jpg\"\/>\n<\/p>\n<div class=\"table-wrapper\">\n<p>\u00a0<\/p>\n<h3><\/h3>\n<table>\n<tbody>\n<tr>\n<th>Ra\u017eot\u0101js<\/th>\n<td>Puluz<\/td>\n<\/tr>\n<tr>\n<th>Modelis<\/th>\n<td>PKT3132B<\/td>\n<\/tr>\n<tr>\n<th>Clamping range<\/th>\n<td>5.6cm-8.5cm<\/td>\n<\/tr>\n<tr>\n<th>Sader\u012bba<\/th>\n<td>Canon, Nikon, Sony, Pentax, GoPro, iPhone, Galaxy, Huawei, Haweel and other smartphones<\/td>\n<\/tr>\n<\/tbody>\n<\/table>\n<\/div>","protected":false},"excerpt":{"rendered":"<p>Puluz PKT3132B tripod with microphone and LED light Tripod by Puluz is a perfect device for any lover of professional shots and simple solutions. Rubber feet of the device will ensure the stability of the frame and a fixed angle of shooting, and the LED lamp will take care of proper lighting &#8211; the ability [&#8230;]\n","protected":false},"featured_media":104184,"comment_status":"open","ping_status":"closed","template":"","meta":[],"location":[19557,19558],"product_brand":[],"product_cat":[12084],"product_tag":[],"class_list":{"0":"post-78744","1":"product","2":"type-product","3":"status-publish","4":"has-post-thumbnail","6":"location-innpro_stock_location","7":"location-local_stock_location","8":"product_cat-sets","10":"first","11":"instock","12":"sale","13":"taxable","14":"shipping-taxable","15":"purchasable","16":"product-type-simple"},"aioseo_notices":[],"locations":[{"id":19557,"name":"Pieg\u0101d\u0101ja noliktav\u0101 (5-7dd.d)","slug":"innpro_stock_location","quantity":"26"},{"id":19558,"name":"R\u012bgas veikals (0-2dd.d)","slug":"local_stock_location","quantity":"0"}],"_links":{"self":[{"href":"https:\/\/elektrons.lv\/lv\/wp-json\/wp\/v2\/product\/78744","targetHints":{"allow":["GET"]}}],"collection":[{"href":"https:\/\/elektrons.lv\/lv\/wp-json\/wp\/v2\/product"}],"about":[{"href":"https:\/\/elektrons.lv\/lv\/wp-json\/wp\/v2\/types\/product"}],"replies":[{"embeddable":true,"href":"https:\/\/elektrons.lv\/lv\/wp-json\/wp\/v2\/comments?post=78744"}],"wp:featuredmedia":[{"embeddable":true,"href":"https:\/\/elektrons.lv\/lv\/wp-json\/wp\/v2\/media\/104184"}],"wp:attachment":[{"href":"https:\/\/elektrons.lv\/lv\/wp-json\/wp\/v2\/media?parent=78744"}],"wp:term":[{"taxonomy":"location","embeddable":true,"href":"https:\/\/elektrons.lv\/lv\/wp-json\/wp\/v2\/location?post=78744"},{"taxonomy":"product_brand","embeddable":true,"href":"https:\/\/elektrons.lv\/lv\/wp-json\/wp\/v2\/product_brand?post=78744"},{"taxonomy":"product_cat","embeddable":true,"href":"https:\/\/elektrons.lv\/lv\/wp-json\/wp\/v2\/product_cat?post=78744"},{"taxonomy":"product_tag","embeddable":true,"href":"https:\/\/elektrons.lv\/lv\/wp-json\/wp\/v2\/product_tag?post=78744"}],"curies":[{"name":"wp","href":"https:\/\/api.w.org\/{rel}","templated":true}]}}