{"id":78814,"date":"2026-05-14T09:35:48","date_gmt":"2026-05-14T09:35:48","guid":{"rendered":"https:\/\/elektrons.lv\/Prece\/dji-remote-monitor-expansion-plate-sdi-hdmi-dc-in\/"},"modified":"2026-05-15T07:48:14","modified_gmt":"2026-05-15T07:48:14","slug":"dji-remote-monitor-expansion-plate-sdi-hdmi-dc-in","status":"publish","type":"product","link":"https:\/\/elektrons.lv\/lv\/Prece\/dji-remote-monitor-expansion-plate-sdi-hdmi-dc-in\/","title":{"rendered":"DJI Remote Monitor Expansion Plate (SDI\/HDMI\/DC-IN)"},"content":{"rendered":"<h3 style=\"text-align: center;\">DJI Remote Monitor Expansion Board (SDI\/HDMI\/DC-IN)<\/h3>\n<p>It can output both HDMI and SDI signals using the rear mounted High-Bright monitor. It also supports DC-IN input and connection with DJI Master Wheels and DJI Force Mobile. What&#8217;s more, it is compatible with DJI high-brightness remote monitor.<\/p>\n<p>*Remote monitor controller cable sold separately.<\/p>\n<p><img loading=\"lazy\" decoding=\"async\" src=\"https:\/\/b2b.innpro.pl\/data\/include\/cms\/12DJI\/DJI-Remote-Monitor-Expansion-Plate\/3.jpg\" border=\"0\" alt=\"\" width=\"1100\" height=\"700\" \/><\/p>\n<p>\u00a0<\/p>\n<h3>Iek\u013cauts:<\/h3>\n<ul>\n<li>Remote monitor expansion board<\/li>\n<li>2mm hex key with ball end<\/li>\n<li>Screw M2.5-9mm \u00d7 4<\/li>\n<\/ul>\n<p>\u00a0<\/p>\n<h3>Specification:<\/h3>\n<p>\u00a0<\/p>\n<div class=\"table-wrapper\">\n<table>\n<tbody>\n<tr>\n<th>brand<\/th>\n<td>DJI<\/td>\n<\/tr>\n<tr>\n<th>Signal output<\/th>\n<td>HDMI,SDI<\/td>\n<\/tr>\n<tr>\n<th>Connector type<\/th>\n<td>DC-IN<\/td>\n<\/tr>\n<tr>\n<th>Sader\u012bba<\/th>\n<td>DJI High-Bright Remote Monitor<\/td>\n<\/tr>\n<\/tbody>\n<\/table>\n<p>\u00a0<\/p>\n<p>\u00a0<\/p>\n<\/div>\n<style type=\"text\/css\"><!--\n.table-wrapper{width:100%;overflow-x:auto}.table-wrapper>table{border-spacing:0}.table-wrapper>table>tbody>tr>td,.table-wrapper>table>tbody>tr>th{padding:10px 35px;text-align:left}.table-wrapper>table>tbody>tr>th{vertical-align:top}.table-wrapper>table>tbody>tr:nth-child(even){background-color:#f7f7f7}\n--><\/style>","protected":false},"excerpt":{"rendered":"<p>DJI Remote Monitor Expansion Board (SDI\/HDMI\/DC-IN) It can output both HDMI and SDI signals using the rear mounted High-Bright monitor. It also supports DC-IN input and connection with DJI Master Wheels and DJI Force Mobile. What&#8217;s more, it is compatible with DJI high-brightness remote monitor. *Remote monitor controller cable sold separately. \u00a0 Included: Remote monitor [&#8230;]\n","protected":false},"featured_media":103837,"comment_status":"open","ping_status":"closed","template":"","meta":[],"location":[19557,19558],"product_brand":[],"product_cat":[12063],"product_tag":[],"class_list":{"0":"post-78814","1":"product","2":"type-product","3":"status-publish","4":"has-post-thumbnail","6":"location-innpro_stock_location","7":"location-local_stock_location","8":"product_cat-for-cameras-and-camcorders","10":"first","11":"outofstock","12":"sale","13":"taxable","14":"shipping-taxable","15":"purchasable","16":"product-type-simple"},"aioseo_notices":[],"locations":[{"id":19557,"name":"Pieg\u0101d\u0101ja noliktav\u0101 (5-7dd.d)","slug":"innpro_stock_location","quantity":"-1"},{"id":19558,"name":"R\u012bgas veikals (0-2dd.d)","slug":"local_stock_location","quantity":"0"}],"_links":{"self":[{"href":"https:\/\/elektrons.lv\/lv\/wp-json\/wp\/v2\/product\/78814","targetHints":{"allow":["GET"]}}],"collection":[{"href":"https:\/\/elektrons.lv\/lv\/wp-json\/wp\/v2\/product"}],"about":[{"href":"https:\/\/elektrons.lv\/lv\/wp-json\/wp\/v2\/types\/product"}],"replies":[{"embeddable":true,"href":"https:\/\/elektrons.lv\/lv\/wp-json\/wp\/v2\/comments?post=78814"}],"wp:featuredmedia":[{"embeddable":true,"href":"https:\/\/elektrons.lv\/lv\/wp-json\/wp\/v2\/media\/103837"}],"wp:attachment":[{"href":"https:\/\/elektrons.lv\/lv\/wp-json\/wp\/v2\/media?parent=78814"}],"wp:term":[{"taxonomy":"location","embeddable":true,"href":"https:\/\/elektrons.lv\/lv\/wp-json\/wp\/v2\/location?post=78814"},{"taxonomy":"product_brand","embeddable":true,"href":"https:\/\/elektrons.lv\/lv\/wp-json\/wp\/v2\/product_brand?post=78814"},{"taxonomy":"product_cat","embeddable":true,"href":"https:\/\/elektrons.lv\/lv\/wp-json\/wp\/v2\/product_cat?post=78814"},{"taxonomy":"product_tag","embeddable":true,"href":"https:\/\/elektrons.lv\/lv\/wp-json\/wp\/v2\/product_tag?post=78814"}],"curies":[{"name":"wp","href":"https:\/\/api.w.org\/{rel}","templated":true}]}}