{"id":78870,"date":"2026-05-14T09:35:54","date_gmt":"2026-05-14T09:35:54","guid":{"rendered":"https:\/\/elektrons.lv\/Prece\/hoto-hot-glue-gun-qwrjb001-color\/"},"modified":"2026-05-15T07:48:17","modified_gmt":"2026-05-15T07:48:17","slug":"hoto-hot-glue-gun-qwrjb001-color","status":"publish","type":"product","link":"https:\/\/elektrons.lv\/lv\/Prece\/hoto-hot-glue-gun-qwrjb001-color\/","title":{"rendered":"HOTO hot glue gun QWRJB001 (color)"},"content":{"rendered":"<p><img decoding=\"async\" style=\"display: block; margin-left: auto; margin-right: auto;\" src=\"\/data\/include\/cms\/1_DOMINIK\/xiaomi_logo1.png\" border=\"0\" alt=\"\" \/><\/p>\n<p style=\"text-align: center;\"><span style=\"font-size: 12pt;\"><strong>The HOTO brand is part of the Xiaomi ecosystem.<\/strong><\/span><\/p>\n<p style=\"text-align: justify;\">\u00a0<\/p>\n<h3>Hoto hot glue gun cartridge QWRJB001 (color)<\/h3>\n<p>The set includes 20 pieces of hot glue gun cartridges, which are perfect for joining different types of materials. The glue will perfectly cope with joining<a href=\"http:\/\/m.in\">cita starp\u0101<\/a>. wood, plastic, ceramics or fabrics. The cartridge, with a diameter of 7 mm and a length of 125 mm, is highly efficient, and a small amount allows effective gluing. Another advantage is the short setting time, which improves work and DIY. The product is suitable for both amateurs and professionals.<\/p>\n<p>\n<img decoding=\"async\" alt=\"\" border=\"0\" src=\"https:\/\/assets.innpro.pl\/15108\/18910\/2.jpg\"\/>\n<\/p>\n<div class=\"table-wrapper\">\n<p>\u00a0<\/p>\n<h3><\/h3>\n<table>\n<tbody>\n<tr>\n<th>Ra\u017eot\u0101js<\/th>\n<td>HOTO<\/td>\n<\/tr>\n<tr>\n<th>Modelis<\/th>\n<td>QWRJB001<\/td>\n<\/tr>\n<tr>\n<th>Diametrs<\/th>\n<td>7 mm<\/td>\n<\/tr>\n<tr>\n<th>Garums<\/th>\n<td>125 mm<\/td>\n<\/tr>\n<tr>\n<th>Number of cartridges in the set<\/th>\n<td>20<\/td>\n<\/tr>\n<tr>\n<th>Colors included<\/th>\n<td>2x silver, 2x gold, 2x red, 2x green, 2x blue, 10x transparent<\/td>\n<\/tr>\n<\/tbody>\n<\/table>\n<\/div>","protected":false},"excerpt":{"rendered":"<p>The HOTO brand is part of the Xiaomi ecosystem. \u00a0 Hoto hot glue gun cartridge QWRJB001 (color) The set includes 20 pieces of hot glue gun cartridges, which are perfect for joining different types of materials. The glue will perfectly cope with joiningamong others. wood, plastic, ceramics or fabrics. The cartridge, with a diameter of [&#8230;]\n","protected":false},"featured_media":103634,"comment_status":"open","ping_status":"closed","template":"","meta":[],"location":[19557,19558],"product_brand":[],"product_cat":[13092],"product_tag":[],"class_list":{"0":"post-78870","1":"product","2":"type-product","3":"status-publish","4":"has-post-thumbnail","6":"location-innpro_stock_location","7":"location-local_stock_location","8":"product_cat-guns-and-squeezers","10":"first","11":"instock","12":"sale","13":"taxable","14":"shipping-taxable","15":"purchasable","16":"product-type-simple"},"aioseo_notices":[],"locations":[{"id":19557,"name":"Pieg\u0101d\u0101ja noliktav\u0101 (5-7dd.d)","slug":"innpro_stock_location","quantity":"2"},{"id":19558,"name":"R\u012bgas veikals (0-2dd.d)","slug":"local_stock_location","quantity":"0"}],"_links":{"self":[{"href":"https:\/\/elektrons.lv\/lv\/wp-json\/wp\/v2\/product\/78870","targetHints":{"allow":["GET"]}}],"collection":[{"href":"https:\/\/elektrons.lv\/lv\/wp-json\/wp\/v2\/product"}],"about":[{"href":"https:\/\/elektrons.lv\/lv\/wp-json\/wp\/v2\/types\/product"}],"replies":[{"embeddable":true,"href":"https:\/\/elektrons.lv\/lv\/wp-json\/wp\/v2\/comments?post=78870"}],"wp:featuredmedia":[{"embeddable":true,"href":"https:\/\/elektrons.lv\/lv\/wp-json\/wp\/v2\/media\/103634"}],"wp:attachment":[{"href":"https:\/\/elektrons.lv\/lv\/wp-json\/wp\/v2\/media?parent=78870"}],"wp:term":[{"taxonomy":"location","embeddable":true,"href":"https:\/\/elektrons.lv\/lv\/wp-json\/wp\/v2\/location?post=78870"},{"taxonomy":"product_brand","embeddable":true,"href":"https:\/\/elektrons.lv\/lv\/wp-json\/wp\/v2\/product_brand?post=78870"},{"taxonomy":"product_cat","embeddable":true,"href":"https:\/\/elektrons.lv\/lv\/wp-json\/wp\/v2\/product_cat?post=78870"},{"taxonomy":"product_tag","embeddable":true,"href":"https:\/\/elektrons.lv\/lv\/wp-json\/wp\/v2\/product_tag?post=78870"}],"curies":[{"name":"wp","href":"https:\/\/api.w.org\/{rel}","templated":true}]}}