{"id":78886,"date":"2026-05-14T09:35:56","date_gmt":"2026-05-14T09:35:56","guid":{"rendered":"https:\/\/elektrons.lv\/Prece\/photographic-background-puluz-pu5321w-white\/"},"modified":"2026-05-15T16:09:17","modified_gmt":"2026-05-15T14:09:17","slug":"photographic-background-puluz-pu5321w-white","status":"publish","type":"product","link":"https:\/\/elektrons.lv\/lv\/Prece\/photographic-background-puluz-pu5321w-white\/","title":{"rendered":"Photographic background Puluz PU5321W (white)"},"content":{"rendered":"<h3>White photographic background Puluz PU5321W<\/h3>\n<p>Looking for a professional photographic backdrop for your studio or home atelier? The Puluz PU5321W will meet your expectations. This 156 x 80 cm white backdrop will help you take stunning product or portrait photos. It&#8217;s made from high quality PVC &#8211; waterproof, durable and crease resistant. The matte surface on one side and the glossy surface on the other increase the possibilities during a photo session.<\/p>\n<p><img decoding=\"async\" src=\"https:\/\/b2b.innpro.pl\/data\/include\/cms\/02Puluz\/PU5321W\/6.jpg\"><\/p>\n<h3>Robust workmanship<\/h3>\n<p>The PU5321W photo backdrop is made from a high-quality PVC material, which makes it waterproof, dustproof and crease-resistant. So you can use it during sessions with your children without worry, and it&#8217;s easy to clean if necessary. In addition, the background is distinguished by its solid colour and non-reflective surface. One side of the background is matte and the other glossy &#8211; you can use them alternately and enjoy a variety of effects. <\/p>\n<p><img decoding=\"async\" src=\"https:\/\/b2b.innpro.pl\/data\/include\/cms\/02Puluz\/PU5321W\/5.jpg\"><\/p>\n<h3>Many applications<\/h3>\n<p>The Puluz PU5321W white backdrop will be a great addition to your photo studio or home studio. It will be used to take portrait or product photos. It will also allow you to create a professional backdrop for videoconferences, and will come in handy when filming vlogs. The universal size of 156 x 80 cm will prove useful in each of these situations.<\/p>\n<p><img decoding=\"async\" src=\"https:\/\/b2b.innpro.pl\/data\/include\/cms\/02Puluz\/PU5321W\/9.jpg\"><\/p>\n<div class=\"table-wrapper\">\n<table>\n<tbody>\n<tr>\n<th>Z\u012bmols<\/th>\n<td>Puluz<\/td>\n<\/tr>\n<tr>\n<th>V\u0101rds<\/th>\n<td>White photo background Puluz PU5321W<\/td>\n<\/tr>\n<tr>\n<th>Modelis<\/th>\n<td>PU5321W<\/td>\n<\/tr>\n<tr>\n<th>Izm\u0113ri<\/th>\n<td>156 x 80 cm <\/td>\n<\/tr>\n<tr>\n<th>Materi\u0101ls<\/th>\n<td>PVC<\/td>\n<\/tr>\n<tr>\n<th>Virsma<\/th>\n<td>Matt, glossy<\/td>\n<\/tr>\n<\/tbody>\n<\/table>\n<\/div>","protected":false},"excerpt":{"rendered":"<p>White photographic background Puluz PU5321W Looking for a professional photographic backdrop for your studio or home atelier? The Puluz PU5321W will meet your expectations. This 156 x 80 cm white backdrop will help you take stunning product or portrait photos. It&#8217;s made from high quality PVC &#8211; waterproof, durable and crease resistant. The matte surface [&#8230;]\n","protected":false},"featured_media":103551,"comment_status":"open","ping_status":"closed","template":"","meta":[],"location":[19557,19558],"product_brand":[],"product_cat":[12663],"product_tag":[],"class_list":{"0":"post-78886","1":"product","2":"type-product","3":"status-publish","4":"has-post-thumbnail","6":"location-innpro_stock_location","7":"location-local_stock_location","8":"product_cat-photo-backgrounds","10":"first","11":"outofstock","12":"taxable","13":"shipping-taxable","14":"purchasable","15":"product-type-simple"},"aioseo_notices":[],"locations":[{"id":19557,"name":"Pieg\u0101d\u0101ja noliktav\u0101 (5-7dd.d)","slug":"innpro_stock_location","quantity":"0"},{"id":19558,"name":"R\u012bgas veikals (0-2dd.d)","slug":"local_stock_location","quantity":"0"}],"_links":{"self":[{"href":"https:\/\/elektrons.lv\/lv\/wp-json\/wp\/v2\/product\/78886","targetHints":{"allow":["GET"]}}],"collection":[{"href":"https:\/\/elektrons.lv\/lv\/wp-json\/wp\/v2\/product"}],"about":[{"href":"https:\/\/elektrons.lv\/lv\/wp-json\/wp\/v2\/types\/product"}],"replies":[{"embeddable":true,"href":"https:\/\/elektrons.lv\/lv\/wp-json\/wp\/v2\/comments?post=78886"}],"wp:featuredmedia":[{"embeddable":true,"href":"https:\/\/elektrons.lv\/lv\/wp-json\/wp\/v2\/media\/103551"}],"wp:attachment":[{"href":"https:\/\/elektrons.lv\/lv\/wp-json\/wp\/v2\/media?parent=78886"}],"wp:term":[{"taxonomy":"location","embeddable":true,"href":"https:\/\/elektrons.lv\/lv\/wp-json\/wp\/v2\/location?post=78886"},{"taxonomy":"product_brand","embeddable":true,"href":"https:\/\/elektrons.lv\/lv\/wp-json\/wp\/v2\/product_brand?post=78886"},{"taxonomy":"product_cat","embeddable":true,"href":"https:\/\/elektrons.lv\/lv\/wp-json\/wp\/v2\/product_cat?post=78886"},{"taxonomy":"product_tag","embeddable":true,"href":"https:\/\/elektrons.lv\/lv\/wp-json\/wp\/v2\/product_tag?post=78886"}],"curies":[{"name":"wp","href":"https:\/\/api.w.org\/{rel}","templated":true}]}}