{"id":78905,"date":"2026-05-14T09:35:58","date_gmt":"2026-05-14T09:35:58","guid":{"rendered":"https:\/\/elektrons.lv\/Prece\/computer-fan-set-argb-darkflash-c6-3in1-120x120-white\/"},"modified":"2026-05-14T12:06:33","modified_gmt":"2026-05-14T12:06:33","slug":"computer-fan-set-argb-darkflash-c6-3in1-120x120-white","status":"publish","type":"product","link":"https:\/\/elektrons.lv\/lv\/Prece\/computer-fan-set-argb-darkflash-c6-3in1-120x120-white\/","title":{"rendered":"Computer Fan Set ARGB Darkflash C6 3in1 120&#215;120 (white)"},"content":{"rendered":"<h3>Darkflash C6 3-in-1 Computer Fan Set<\/h3>\n<p>Efficient cooling and incredibly stylish design? With Darkflash it is possible! The C6 120mm computer fans are equipped with up to 9 blades and thanks to the perfectly thought-out design they work extremely quietly. They are distinguished by ARGB backlighting, which you can adjust to your preferences &#8211; 20 different color effects allow it. In the set you will find 3 devices &#8211; 1 main fan and 2 slave fans.<\/p>\n<p><img decoding=\"async\" src=\"https:\/\/b2b.innpro.pl\/data\/include\/cms\/05Darkflash\/C6-3in1-White\/5.jpg\"><\/p>\n<h3>Create a reliable cooling system<\/h3>\n<p>The 120 mm fans fit many computer models. The C6 will surprise you with simple installation and reliable operation. Each fan is equipped with 9 blades that stand out for their carefully considered, aerodynamic design. Each fan is equipped with 9 blades that stand out for their carefully considered aerodynamic design, ensuring effective cooling of your hardware &#8211; forget about the problems with overheating.<\/p>\n<p><img decoding=\"async\" src=\"https:\/\/b2b.innpro.pl\/data\/include\/cms\/05Darkflash\/C6-3in1-White\/9.jpg\"><\/p>\n<h3>No worries about noise<\/h3>\n<p>Say goodbye to annoying noise. High-performance hydraulic bearings keep noise levels below 20.3 dB (A). They have also made it possible to significantly extend the product&#8217;s lifespan. Moreover, special anti-vibration pads provide the required stability. All this means that you can enjoy quiet and comfortable gaming with Darkflash!<\/p>\n<p><img decoding=\"async\" src=\"https:\/\/b2b.innpro.pl\/data\/include\/cms\/05Darkflash\/C6-3in1-White\/6.jpg\"><\/p>\n<h3>Stylish RGB Backlighting<\/h3>\n<p>The colored backlighting of the fan blades provides an amazing effect. The ARGB mode can be controlled with the Reset button. Want to adjust the light to your preference? It&#8217;s possible! The fan supports up to 20 fantastic lighting effects. Discover the available functions and give your computer the unique character of your dreams!<\/p>\n<p><img decoding=\"async\" src=\"https:\/\/b2b.innpro.pl\/data\/include\/cms\/05Darkflash\/C6-3in1-White\/3.jpg\"><\/p>\n<div class=\"table-wrapper\">\n<table>\n<tbody>\n<tr>\n<th>Ra\u017eot\u0101js<\/th>\n<td>Darkflash<\/td>\n<\/tr>\n<tr>\n<th>Modelis<\/th>\n<td>C6<\/td>\n<\/tr>\n<tr>\n<th>Kr\u0101sa<\/th>\n<td>Balts<\/td>\n<\/tr>\n<tr>\n<th>Izm\u0113rs<\/th>\n<td>120&#215;120 mm<\/td>\n<\/tr>\n<tr>\n<th>Connector<\/th>\n<td>4 Pin<\/td>\n<\/tr>\n<tr>\n<th>Speed<\/th>\n<td>1100 RPM<\/td>\n<\/tr>\n<tr>\n<th>Maximum sound level<\/th>\n<td>20.3 dBA<\/td>\n<\/tr>\n<tr>\n<th>Gaisa pl\u016bsma<\/th>\n<td>36.54 CFM<\/td>\n<\/tr>\n<tr>\n<th>Baro\u0161anas spriegums<\/th>\n<td>12 V<\/td>\n<\/tr>\n<tr>\n<th>Current<\/th>\n<td>0,16 A<\/td>\n<\/tr>\n<tr>\n<th>Kalpo\u0161anas m\u016b\u017es<\/th>\n<td>20000 h<\/td>\n<\/tr>\n<tr>\n<th>Bearing type<\/th>\n<td>Hydro Bearing<\/td>\n<\/tr>\n<tr>\n<th>Illumination<\/th>\n<td>ARGB<\/td>\n<\/tr>\n<tr>\n<th>Anti-vibration pads<\/th>\n<td>YES<\/td>\n<\/tr>\n<tr>\n<th>Number of fans included<\/th>\n<td>3<\/td>\n<\/tr>\n<tr>\n<th>Izm\u0113ri<\/th>\n<td>120x120x25 mm<\/td>\n<\/tr>\n<tr>\n<th>Svars<\/th>\n<td>160 g<\/td>\n<\/tr>\n<\/tbody>\n<\/table>\n<\/div>","protected":false},"excerpt":{"rendered":"<p>Darkflash C6 3-in-1 Computer Fan Set Efficient cooling and incredibly stylish design? With Darkflash it is possible! The C6 120mm computer fans are equipped with up to 9 blades and thanks to the perfectly thought-out design they work extremely quietly. They are distinguished by ARGB backlighting, which you can adjust to your preferences &#8211; 20 [&#8230;]\n","protected":false},"featured_media":103471,"comment_status":"open","ping_status":"closed","template":"","meta":[],"location":[19557,19558],"product_brand":[],"product_cat":[12669],"product_tag":[],"class_list":{"0":"post-78905","1":"product","2":"type-product","3":"status-publish","4":"has-post-thumbnail","6":"location-innpro_stock_location","7":"location-local_stock_location","8":"product_cat-fans","10":"first","11":"outofstock","12":"taxable","13":"shipping-taxable","14":"purchasable","15":"product-type-simple"},"aioseo_notices":[],"locations":[{"id":19557,"name":"Pieg\u0101d\u0101ja noliktav\u0101 (5-7dd.d)","slug":"innpro_stock_location","quantity":"0"},{"id":19558,"name":"R\u012bgas veikals (0-2dd.d)","slug":"local_stock_location","quantity":"0"}],"_links":{"self":[{"href":"https:\/\/elektrons.lv\/lv\/wp-json\/wp\/v2\/product\/78905","targetHints":{"allow":["GET"]}}],"collection":[{"href":"https:\/\/elektrons.lv\/lv\/wp-json\/wp\/v2\/product"}],"about":[{"href":"https:\/\/elektrons.lv\/lv\/wp-json\/wp\/v2\/types\/product"}],"replies":[{"embeddable":true,"href":"https:\/\/elektrons.lv\/lv\/wp-json\/wp\/v2\/comments?post=78905"}],"wp:featuredmedia":[{"embeddable":true,"href":"https:\/\/elektrons.lv\/lv\/wp-json\/wp\/v2\/media\/103471"}],"wp:attachment":[{"href":"https:\/\/elektrons.lv\/lv\/wp-json\/wp\/v2\/media?parent=78905"}],"wp:term":[{"taxonomy":"location","embeddable":true,"href":"https:\/\/elektrons.lv\/lv\/wp-json\/wp\/v2\/location?post=78905"},{"taxonomy":"product_brand","embeddable":true,"href":"https:\/\/elektrons.lv\/lv\/wp-json\/wp\/v2\/product_brand?post=78905"},{"taxonomy":"product_cat","embeddable":true,"href":"https:\/\/elektrons.lv\/lv\/wp-json\/wp\/v2\/product_cat?post=78905"},{"taxonomy":"product_tag","embeddable":true,"href":"https:\/\/elektrons.lv\/lv\/wp-json\/wp\/v2\/product_tag?post=78905"}],"curies":[{"name":"wp","href":"https:\/\/api.w.org\/{rel}","templated":true}]}}